{"id":56,"date":"2023-05-12T09:26:18","date_gmt":"2023-05-12T09:26:18","guid":{"rendered":"https:\/\/test-2.ladivulgation.fr\/?page_id=10"},"modified":"2023-06-10T14:06:57","modified_gmt":"2023-06-10T14:06:57","slug":"accueil","status":"publish","type":"page","link":"https:\/\/pp.ladivulgation.fr\/?page_id=56","title":{"rendered":"Intro Accueil"},"content":{"rendered":"\n<p>Ce nouveau site est la continuation du site des Petits Poucets qui est techniquement devenu obsol\u00e8te. Aussi ans le souci d&rsquo;harmoniser les sites actifs informatiquement (en l\u2019occurrence ce site, celui de La Divulgation et Uni5D), je suis maintenant au dernier cri de la technique.<\/p>\n\n\n\n<h2 class=\"wp-block-heading\">Structure<\/h2>\n\n\n\n<p>J&rsquo;ai globalement repris la m\u00eame structure d&rsquo;organisation de la derni\u00e8re version du site des PP o\u00f9 j&rsquo;ai d\u00fb pour des raisons d&rsquo;attaques involutives mettre hors ligne d&rsquo;anciennes publications qui aujourd&rsquo;hui ne sont plus d&rsquo;actualit\u00e9.<\/p>\n\n\n\n<p>Le second changement est que ce site s&rsquo;\u00e9largit aussi aux C\u00e9g\u00e9viens o\u00f9 ils trouveront tout ce dont ils ont besoin pour continuer \u00e0 avancer.<\/p>\n\n\n\n<p>Quand aux c\u00e9g\u00e9viens en attente d&rsquo;int\u00e9grer la classe des Vortexiens, il leur sera donn\u00e9 dans un futur proche une partie r\u00e9serv\u00e9e sur ce site. Pour l&rsquo;instant c&rsquo;est \u00e0 l&rsquo;\u00e9tude et donc en construction.<\/p>\n\n\n\n<h2 class=\"wp-block-heading\">Contenu<\/h2>\n\n\n\n<p>En soi cela va se r\u00e9sumer ainsi :<\/p>\n\n\n\n<p>1) acc\u00e9der \u00e0 l&rsquo;info essentielle \u00e0 propos de l&rsquo;eau encod\u00e9e<\/p>\n\n\n\n<p>2) acc\u00e9der au cursus galactique d&rsquo;\u00e9l\u00e9vation vibratoire avec tous les fichiers n\u00e9cessaires<\/p>\n\n\n\n<p>3) acc\u00e9der \u00e0 toutes les m\u00e9ditations et introspections de Yz et Guyz<\/p>\n\n\n\n<p>4) acc\u00e9der aux diverses publications d&rsquo;actualit\u00e9s et de planification des Guidances<\/p>\n\n\n\n<p><strong>PS : Par principe, tous les commentaires repartent de z\u00e9ro<\/strong> avec ce nouveau site sauf sur certains articles anciens o\u00f9 les commentaires am\u00e8nent des infos importantes.<\/p>\n","protected":false},"excerpt":{"rendered":"<p>Ce nouveau site est la continuation du site des Petits Poucets qui est techniquement devenu obsol\u00e8te. Aussi ans le souci d&rsquo;harmoniser les sites actifs informatiquement (en l\u2019occurrence ce site, celui de La Divulgation et Uni5D), je suis maintenant au dernier cri de la technique. Structure J&rsquo;ai globalement repris la m\u00eame structure d&rsquo;organisation de la derni\u00e8re [&hellip;]<\/p>\n","protected":false},"author":2,"featured_media":0,"parent":0,"menu_order":0,"comment_status":"closed","ping_status":"closed","template":"","meta":{"footnotes":""},"class_list":["post-56","page","type-page","status-publish","hentry"],"_links":{"self":[{"href":"https:\/\/pp.ladivulgation.fr\/index.php?rest_route=\/wp\/v2\/pages\/56","targetHints":{"allow":["GET"]}}],"collection":[{"href":"https:\/\/pp.ladivulgation.fr\/index.php?rest_route=\/wp\/v2\/pages"}],"about":[{"href":"https:\/\/pp.ladivulgation.fr\/index.php?rest_route=\/wp\/v2\/types\/page"}],"author":[{"embeddable":true,"href":"https:\/\/pp.ladivulgation.fr\/index.php?rest_route=\/wp\/v2\/users\/2"}],"replies":[{"embeddable":true,"href":"https:\/\/pp.ladivulgation.fr\/index.php?rest_route=%2Fwp%2Fv2%2Fcomments&post=56"}],"version-history":[{"count":3,"href":"https:\/\/pp.ladivulgation.fr\/index.php?rest_route=\/wp\/v2\/pages\/56\/revisions"}],"predecessor-version":[{"id":8190,"href":"https:\/\/pp.ladivulgation.fr\/index.php?rest_route=\/wp\/v2\/pages\/56\/revisions\/8190"}],"wp:attachment":[{"href":"https:\/\/pp.ladivulgation.fr\/index.php?rest_route=%2Fwp%2Fv2%2Fmedia&parent=56"}],"curies":[{"name":"wp","href":"https:\/\/api.w.org\/{rel}","templated":true}]}}