{"id":6605,"date":"2023-05-30T13:26:05","date_gmt":"2023-05-30T13:26:05","guid":{"rendered":"https:\/\/pp.ladivulgation.fr\/?page_id=6605"},"modified":"2025-09-01T14:00:48","modified_gmt":"2025-09-01T14:00:48","slug":"fab-1a-losmose-inverse","status":"publish","type":"page","link":"https:\/\/pp.ladivulgation.fr\/?page_id=6605","title":{"rendered":"FAB 1a &#8211; l&rsquo;Osmose Inverse"},"content":{"rendered":"\n<p>Sur cette page, je vous remets les infos essentielles concernant l&rsquo;osmose inverse et donc l&rsquo;osmoseur. A ce stade, il vous faut comprendre qu&rsquo;aucune autre m\u00e9thode n&rsquo;arrive \u00e0 la cheville de ce qu&rsquo;est l&rsquo;eau osmos\u00e9e en termes de simplicit\u00e9 de production et de s\u00e9curit\u00e9.<\/p>\n\n\n\n<p>Pour plus de facilit\u00e9, je vous republie 3 vid\u00e9os que j&rsquo;ai remix\u00e9 tout en remettant les 3 images qui vont avec juste apr\u00e8s.<\/p>\n\n\n\n<figure class=\"wp-block-video\"><video controls src=\"https:\/\/files.ladivulgation.fr\/video\/pp\/PP_017_Osmose_principe.mp4\"><\/video><\/figure>\n\n\n\n<figure class=\"wp-block-video\"><video controls src=\"https:\/\/files.ladivulgation.fr\/video\/pp\/PP_018_Osmoseur_techno.mp4\"><\/video><\/figure>\n\n\n\n<figure class=\"wp-block-video\"><video controls src=\"https:\/\/files.ladivulgation.fr\/video\/pp\/PP_019_Osmoseur_instal.mp4\"><\/video><\/figure>\n\n\n\n<p>Et voici les images dont je me suis servi dans ces vid\u00e9os :<\/p>\n\n\n\n<figure class=\"wp-block-image size-large\"><img decoding=\"async\" src=\"https:\/\/files.ladivulgation.fr\/images\/Traitement_H2O_01.jpg\" alt=\"\"\/><\/figure>\n\n\n\n<figure class=\"wp-block-image size-large\"><img decoding=\"async\" src=\"https:\/\/files.ladivulgation.fr\/images\/Traitement_H2O_02.jpg\" alt=\"\"\/><\/figure>\n\n\n\n<figure class=\"wp-block-image size-large\"><img decoding=\"async\" src=\"https:\/\/files.ladivulgation.fr\/images\/Traitement_H2O_03.jpg\" alt=\"\"\/><\/figure>\n\n\n\n<figure class=\"wp-block-image size-large\"><img decoding=\"async\" src=\"https:\/\/files.ladivulgation.fr\/images\/Traitement_H2O_04.jpg\" alt=\"\"\/><\/figure>\n\n\n\n<figure class=\"wp-block-image size-large\"><img decoding=\"async\" src=\"https:\/\/files.ladivulgation.fr\/images\/Traitement_H2O_05.jpg\" alt=\"\"\/><\/figure>\n\n\n\n<figure class=\"wp-block-image size-large\"><img decoding=\"async\" src=\"https:\/\/files.ladivulgation.fr\/images\/Traitement_H2O_06.jpg\" alt=\"\"\/><\/figure>\n\n\n\n<p>Concernant l&rsquo;achat des osmoseurs et des diff\u00e9rentes variantes, je vous donne rendez-vous sur <a href=\"https:\/\/pp.ladivulgation.fr\/?page_id=6610\" data-type=\"URL\" data-id=\"https:\/\/pp.ladivulgation.fr\/?page_id=6610\" target=\"_blank\" rel=\"noreferrer noopener\">cette autre page<\/a> qui devrait \u00eatre remise \u00e0 jour plus r\u00e9guli\u00e8rement car, comme vous le savez, concurrence oblige, \u00e7a change tout le temps et pas forc\u00e9ment en mieux. En v\u00e9rit\u00e9, pour le m\u00eame prix, vous en aurez moins compte tenu de l&rsquo;inflation (non d\u00e9clar\u00e9e par le gouvernement).<\/p>\n","protected":false},"excerpt":{"rendered":"<p>Sur cette page, je vous remets les infos essentielles concernant l&rsquo;osmose inverse et donc l&rsquo;osmoseur. A ce stade, il vous faut comprendre qu&rsquo;aucune autre m\u00e9thode n&rsquo;arrive \u00e0 la cheville de ce qu&rsquo;est l&rsquo;eau osmos\u00e9e en termes de simplicit\u00e9 de production et de s\u00e9curit\u00e9. Pour plus de facilit\u00e9, je vous republie 3 vid\u00e9os que j&rsquo;ai remix\u00e9 [&hellip;]<\/p>\n","protected":false},"author":1,"featured_media":0,"parent":0,"menu_order":0,"comment_status":"closed","ping_status":"closed","template":"","meta":{"footnotes":""},"class_list":["post-6605","page","type-page","status-publish","hentry"],"_links":{"self":[{"href":"https:\/\/pp.ladivulgation.fr\/index.php?rest_route=\/wp\/v2\/pages\/6605","targetHints":{"allow":["GET"]}}],"collection":[{"href":"https:\/\/pp.ladivulgation.fr\/index.php?rest_route=\/wp\/v2\/pages"}],"about":[{"href":"https:\/\/pp.ladivulgation.fr\/index.php?rest_route=\/wp\/v2\/types\/page"}],"author":[{"embeddable":true,"href":"https:\/\/pp.ladivulgation.fr\/index.php?rest_route=\/wp\/v2\/users\/1"}],"replies":[{"embeddable":true,"href":"https:\/\/pp.ladivulgation.fr\/index.php?rest_route=%2Fwp%2Fv2%2Fcomments&post=6605"}],"version-history":[{"count":6,"href":"https:\/\/pp.ladivulgation.fr\/index.php?rest_route=\/wp\/v2\/pages\/6605\/revisions"}],"predecessor-version":[{"id":8327,"href":"https:\/\/pp.ladivulgation.fr\/index.php?rest_route=\/wp\/v2\/pages\/6605\/revisions\/8327"}],"wp:attachment":[{"href":"https:\/\/pp.ladivulgation.fr\/index.php?rest_route=%2Fwp%2Fv2%2Fmedia&parent=6605"}],"curies":[{"name":"wp","href":"https:\/\/api.w.org\/{rel}","templated":true}]}}