{"id":6610,"date":"2023-05-30T13:27:00","date_gmt":"2023-05-30T13:27:00","guid":{"rendered":"https:\/\/pp.ladivulgation.fr\/?page_id=6610"},"modified":"2025-09-01T14:03:15","modified_gmt":"2025-09-01T14:03:15","slug":"fab-1b-trouver-son-osmoseur-v1","status":"publish","type":"page","link":"https:\/\/pp.ladivulgation.fr\/?page_id=6610","title":{"rendered":"FAB 1b \u2013 Trouver son Osmoseur &#8211; V2"},"content":{"rendered":"\n<p>Tout est en perp\u00e9tuel renouvellement dans les offres des fournisseurs. Ainsi, chaque fois que nous donnons des liens o\u00f9 acheter des osmoseurs selon vos besoins, il va forc\u00e9ment s&rsquo;av\u00e9rer qu&rsquo;un jour ces liens ne seront plus disponibles.<\/p>\n\n\n\n<p>Aussi quand vous tapez \u00ab\u00a0osmoseur\u00a0\u00bb dans le champ recherche d&rsquo;Amazon vous allez vous retrouver avec un grand nombre d&rsquo;offre et c&rsquo;est l\u00e0 que la vid\u00e9o suivante va vous rendre service car elle va vous dire selon quels crit\u00e8res il est bon de choisir l&rsquo;osmoseur qui vous conviendra.<\/p>\n\n\n\n<p>Il faut aussi savoir que certains revendeurs enrobent leur osmoseur de base dans un design qui fait bien mais qui n&rsquo;ajoute absolument rien de plus \u00e0 l&rsquo;eau osmos\u00e9e. Ce faisant ils vous enrobent tout \u00e7a avec un vocabulaire tr\u00e8s \u00ab\u00a0bisounours\u00a0\u00bb au point que vous allez acheter \u00e0 5 fois plus cher pour le m\u00eame r\u00e9sultat&#8230;<\/p>\n\n\n\n<p>Un osmoseur reste un osmoseur d&rsquo;o\u00f9 la n\u00e9cessit\u00e9 de ces marchands du temple \u00e0 vous survendre des qualit\u00e9s quasi inexistantes qui vont vous vider le porte-monnaie pour rien de plus en v\u00e9rit\u00e9.<\/p>\n\n\n\n<p>Si vous mettez plus de 100\u20ac dans un osmoseur nomade ou plus de 200\u20ac dans un osmoseur classique 50 GPD alors dites-vous que vous vous faites enfler tout simplement. L&rsquo;osmoseur est devenu un truc classique (voire basique) d&rsquo;o\u00f9 maintenant des prix super abordables. Fini la croyance qu&rsquo;il faut 500\u20ac voire 1.000 ou 1.500 pour avoir ce mat\u00e9riel !<\/p>\n\n\n\n<p>De plus, ne voyez pas un osmoseur comme \u00e9tant l&rsquo;\u00e9l\u00e9ment unique de votre chaine de fabrication d&rsquo;eau de consommation mais seulement comme le moteur sur une voiture. C&rsquo;est important mais le reste en a tout autant et c&rsquo;est ce qui fait la diff\u00e9rence entre une voiture tape-cul et une berline haut de gamme ayant le m\u00eame moteur.<\/p>\n\n\n\n<p>Tout ce que je vous donne est fait pour avoir la facture la plus faible possible car c&rsquo;est un droit de base d&rsquo;avoir une eau \u00ab\u00a0vivante\u00a0\u00bb \u00e0 d\u00e9faut de prendre l&rsquo;eau du robinet qui est une eau morte qui tue !<\/p>\n\n\n\n<figure class=\"wp-block-video\"><video controls src=\"https:\/\/files.ladivulgation.fr\/video\/pp\/PP_020_Osmoseur_Achat.mp4\"><\/video><\/figure>\n\n\n\n<p>Et puis un petit truc suppl\u00e9mentaire que j&rsquo;ai oubli\u00e9. Il y a des osmoseurs ayant un des 3 filtres principaux (celui qui est le plus \u00e0 droite sur les photos) qui est transparent. C&rsquo;est tr\u00e8s utile pour voir l&rsquo;\u00e9tat d&rsquo;encrassement du 1er filtre (celui qui est \u00e0 25\u00b5 et qui ramasse le plus gros de la merde) et ainsi de pouvoir changer les filtres non pas en fonction du temps (et donc pifom\u00e9trique) mais plut\u00f4t en fonction de l&rsquo;\u00e9tat r\u00e9el d&rsquo;encrassement.<\/p>\n\n\n\n<p>C&rsquo;est un plus ind\u00e9niable qui r\u00e9pond \u00e0 l&rsquo;interrogation classique \u00ab\u00a0c&rsquo;est quand qu&rsquo;il faut renouveler les filtres ?\u00a0\u00bb. C&rsquo;est surtout tr\u00e8s utile quand votre consommation est tr\u00e8s tr\u00e8s variable (pour cause g\u00e9n\u00e9ralement de CDC qui veulent prendre un bain).<\/p>\n\n\n\n<p>Cependant si sur la bonne affaire que vous avez flair\u00e9, cette option n&rsquo;existe pas, il reste la solution toute b\u00eate de mettre une \u00e9tiquette sur l&rsquo;osmoseur indiquant la date de quand vous avez fait le dernier changement de filtre. \u00c7a \u00e9vite la probl\u00e9matique de se rappeler car c&rsquo;est vraiment horrible d&rsquo;\u00eatre dans le doute.<\/p>\n\n\n\n<p>G\u00e9n\u00e9ralement les 3 filtres principaux se changent tous les 6 mois en moyenne, le filtre au charbon actif tous les ans et la membrane est donn\u00e9e pour 3 ans. <\/p>\n\n\n\n<p>Par contre, pour les membranes (sp\u00e9cialement pour les gros mod\u00e8les), je pr\u00e9f\u00e8re acheter en direct par AliExpress car tu peux avoir des r\u00e9ductions allant de 50 \u00e0 70% par rapport au prix de vente du march\u00e9. Si tu as besoin d&rsquo;un 50 GPD tous les 3 ans c&rsquo;est vrai que cela ne te fera pas faire de grosses \u00e9conomies par contre si tu bouffes autant de membranes que de filtres alors l\u00e0 tu n&rsquo;as plus vraiment le choix.<\/p>\n\n\n\n<p>En effet l&rsquo;eau \u00e9tant tr\u00e8s dure du c\u00f4t\u00e9 de chez moi, les membranes claquent beaucoup plus vite que pr\u00e9vu et globalement je dois les changer tous les ans. Ainsi pour mon 400 GPD, ma facture passe de 100\u20ac \u00e0 35\u20ac si j&rsquo;ach\u00e8te chez AliExpress. C&rsquo;est vraiment non n\u00e9gligeable mais cela au final revient au m\u00eame co\u00fbt d&rsquo;utilisation finale puisque j&rsquo;use 3 membranes au lieu d&rsquo;une th\u00e9orique tous les 3 ans.<\/p>\n\n\n\n<p>Aussi comment peut-on savoir que sa membrane est morte avant l&rsquo;heure ? La r\u00e9ponse est simple : le d\u00e9bit chute consid\u00e9rablement. A 400 GPD tu d\u00e9potes normalement 1 litre \u00e0 la minute alors r\u00e9guli\u00e8rement, je mets une bouteille d&rsquo;un litre t je regarde en combien de temps elle se remplit et si au bout d&rsquo;une minute je suis au 3\/4 voire \u00e0 la moiti\u00e9 de la bouteille alors je sais que mes membranes sont compl\u00e9tement obstru\u00e9es par le calcaire.<\/p>\n\n\n\n<p>J&rsquo;en ai d\u00e9mont\u00e9 une pour voir la chose et effectivement j&rsquo;avais plein de cristaux (comme du gros sel de cuisine). Mon 400 GPD est en v\u00e9rit\u00e9 un 2 fois 200 GPD. Le r\u00e9sultat final est identique mais il y a 2 membranes au lieu d&rsquo;une et le prix d&rsquo;achat est quasiment identique entre acheter 2&#215;200 qu&rsquo;une fois 400.<\/p>\n\n\n\n<p>Donc je r\u00e9sume, passez par <a href=\"https:\/\/shop.eau2p.fr\/\" data-type=\"link\" data-id=\"https:\/\/shop.eau2p.fr\/\">ce site<\/a> et normalement vous aurez des prix imbattables parce que c&rsquo;est tout simplement notre site et que Damien connait \u00e0 fond les meilleurs tuyaux. Cependant il faudra passer par la fiche produit pour prendre contact avec lui car les prix sont assez variables dans le temps.<\/p>\n\n\n\n<p>De plus comme nous arrivons \u00e0 avoir des osmoseurs plus balaises pour un prix identique, je vous mets le tableau ci-dessous pour savoir combine \u00e7a d\u00e9pote \u00e0 la minute. Alors autant dans les d\u00e9buts la norme \u00e9tait du 50 GPD pour des raisons de prix maintenant on passe all\u00e9grement au 400 voire 600 GPD.<\/p>\n\n\n\n<p>Pourquoi autant de diff\u00e9rence ? La raison en est bien simple : tous les osmoseurs sont identiques et il n&rsquo;y a que la cartouche de filtre qui change et le moteur qui va avec. En gros, 80% des composants sont communs donc le tarif d&rsquo;un 400 GPD est l\u00e9g\u00e8rement plus cher que le 50 GPD mais pas dans un rapport de 8 (400 = 50 x 8).<\/p>\n\n\n\n<figure class=\"wp-block-image aligncenter size-large\"><img decoding=\"async\" src=\"https:\/\/files.ladivulgation.fr\/images\/Tableau_GPD.jpg\" alt=\"\"\/><\/figure>\n\n\n\n<p><span style=\"color: #0000ff;\"><\/span><\/p>\n\n\n\n<p><\/p>\n","protected":false},"excerpt":{"rendered":"<p>Tout est en perp\u00e9tuel renouvellement dans les offres des fournisseurs. Ainsi, chaque fois que nous donnons des liens o\u00f9 acheter des osmoseurs selon vos besoins, il va forc\u00e9ment s&rsquo;av\u00e9rer qu&rsquo;un jour ces liens ne seront plus disponibles. Aussi quand vous tapez \u00ab\u00a0osmoseur\u00a0\u00bb dans le champ recherche d&rsquo;Amazon vous allez vous retrouver avec un grand nombre [&hellip;]<\/p>\n","protected":false},"author":1,"featured_media":0,"parent":0,"menu_order":0,"comment_status":"closed","ping_status":"closed","template":"","meta":{"footnotes":""},"class_list":["post-6610","page","type-page","status-publish","hentry"],"_links":{"self":[{"href":"https:\/\/pp.ladivulgation.fr\/index.php?rest_route=\/wp\/v2\/pages\/6610","targetHints":{"allow":["GET"]}}],"collection":[{"href":"https:\/\/pp.ladivulgation.fr\/index.php?rest_route=\/wp\/v2\/pages"}],"about":[{"href":"https:\/\/pp.ladivulgation.fr\/index.php?rest_route=\/wp\/v2\/types\/page"}],"author":[{"embeddable":true,"href":"https:\/\/pp.ladivulgation.fr\/index.php?rest_route=\/wp\/v2\/users\/1"}],"replies":[{"embeddable":true,"href":"https:\/\/pp.ladivulgation.fr\/index.php?rest_route=%2Fwp%2Fv2%2Fcomments&post=6610"}],"version-history":[{"count":6,"href":"https:\/\/pp.ladivulgation.fr\/index.php?rest_route=\/wp\/v2\/pages\/6610\/revisions"}],"predecessor-version":[{"id":8329,"href":"https:\/\/pp.ladivulgation.fr\/index.php?rest_route=\/wp\/v2\/pages\/6610\/revisions\/8329"}],"wp:attachment":[{"href":"https:\/\/pp.ladivulgation.fr\/index.php?rest_route=%2Fwp%2Fv2%2Fmedia&parent=6610"}],"curies":[{"name":"wp","href":"https:\/\/api.w.org\/{rel}","templated":true}]}}