{"id":6611,"date":"2023-05-30T13:28:01","date_gmt":"2023-05-30T13:28:01","guid":{"rendered":"https:\/\/pp.ladivulgation.fr\/?page_id=6611"},"modified":"2025-09-01T13:57:55","modified_gmt":"2025-09-01T13:57:55","slug":"fab-8-encoder-via-les-cef","status":"publish","type":"page","link":"https:\/\/pp.ladivulgation.fr\/?page_id=6611","title":{"rendered":"FAB 8 &#8211; ENCODER via les CEF"},"content":{"rendered":"\n<p>En l&rsquo;An 8 (2020) est apparu un nouvel \u00e9l\u00e9ment appel\u00e9 CEF ou Correcteur d&rsquo;Etat Fonctionnel. J&rsquo;en ai parl\u00e9 dans la vid\u00e9o ci-dessous qui vous en dira plus \u00e0 leur sujet.<\/p>\n\n\n\n<figure class=\"wp-block-video\"><video controls src=\"https:\/\/files.ladivulgation.fr\/video\/pp\/PP_030_cef.mp4\"><\/video><\/figure>\n\n\n\n<p>Ce qu&rsquo;il faut retenir c&rsquo;est qu&rsquo;il y a plus d&rsquo;une centaine de CEF diff\u00e9rents et il est difficile de savoir lesquels prendre \u00e0 part les quelques principaux que je recommande dans l&rsquo;article. Les vendeurs ont g\u00e9n\u00e9ralement un catalogue qui d\u00e9crit les propri\u00e9t\u00e9s de chaque CEF.<\/p>\n\n\n\n<p>Apr\u00e8s le second truc, c&rsquo;est que c&rsquo;est loin d&rsquo;\u00eatre gratuit et c&rsquo;est un v\u00e9ritable budget qui d\u00e9passe largement tous les autres. Aussi, pour all\u00e9ger tout \u00e7a, il faut savoir que les LauT (les Lamours Un Th\u00e9rapeutiques accessibles selon la classe o\u00f9 vous \u00eates) poss\u00e8dent tous en m\u00e9moire les informations des CEF disponibles sur le march\u00e9 au moment de leur fabrication.<\/p>\n\n\n\n<p>Il est donc possible de s&rsquo;en servir car ils peuvent encoder l&rsquo;eau selon votre demande sp\u00e9cifique.<\/p>\n\n\n\n<p>Concernant l&rsquo;encodage de l&rsquo;eau par les CEF il est extr\u00eamement rapide pour ne pas dire instantan\u00e9 quand l&rsquo;eau est en mouvement. Par contre si l&rsquo;eau est statique, \u00e7a prends des heures selon les CEF.<\/p>\n\n\n\n<p>L&rsquo;astuce consiste donc \u00e0 mettre l&rsquo;eau en mouvement soit manuellement soit m\u00e9caniquement avec le CEF contre le r\u00e9cipient.<\/p>\n\n\n\n<p>Le fabricant indique qu&rsquo;il est pr\u00e9f\u00e9rable de n&rsquo;utiliser qu&rsquo;un CEF \u00e0 la fois pour une efficacit\u00e9 meilleure car plus vous rajouter de CEF&nbsp; et plus ils s&rsquo;annulent plus ou moins selon les choix que l&rsquo;on a fait.<\/p>\n\n\n\n<p>Si par exemple vous voulez soigner un probl\u00e8me de peau, il vous suffit de choisir le CEF concernant la peau et de le placer contre le verre ou en-dessous et ensuite de part un mouvement rotatif cr\u00e9er comme un vortex \u00e0 l&rsquo;int\u00e9rieur du verre. Ce faisant l&rsquo;eau va s&rsquo;encoder quasi de suite et vous pourrez boire l&rsquo;eau dans la foul\u00e9e. C&rsquo;est simple tout en \u00e9tant super efficace.<\/p>\n\n\n\n<p>Il vous reste alors \u00e0 choisir les CEF en fonction de ce que vous voulez corriger. Bien entendu si votre eau a d\u00e9j\u00e0 subit tous les traitements pr\u00e9conis\u00e9s dans les \u00e9tapes pr\u00e9c\u00e9dentes il est clair que cela sera d\u2019autant mieux.<\/p>\n\n\n\n<p>Cet encodage par les CEF est un plus qui est apport\u00e9 et c&rsquo;est selon les sympt\u00f4mes que vous voulez corriger ou amplifier chez vous. Ce n&rsquo;est pas obligatoire de les acheter tous (faites selon votre besoin) sauf pour les quelques uns que je recommande et que vous pouvez aussi porter sur vous en permanence ou lors de vos sorties dans des lieux de basses fr\u00e9quences.<\/p>\n","protected":false},"excerpt":{"rendered":"<p>En l&rsquo;An 8 (2020) est apparu un nouvel \u00e9l\u00e9ment appel\u00e9 CEF ou Correcteur d&rsquo;Etat Fonctionnel. J&rsquo;en ai parl\u00e9 dans la vid\u00e9o ci-dessous qui vous en dira plus \u00e0 leur sujet. Ce qu&rsquo;il faut retenir c&rsquo;est qu&rsquo;il y a plus d&rsquo;une centaine de CEF diff\u00e9rents et il est difficile de savoir lesquels prendre \u00e0 part les [&hellip;]<\/p>\n","protected":false},"author":1,"featured_media":0,"parent":0,"menu_order":0,"comment_status":"closed","ping_status":"closed","template":"","meta":{"footnotes":""},"class_list":["post-6611","page","type-page","status-publish","hentry"],"_links":{"self":[{"href":"https:\/\/pp.ladivulgation.fr\/index.php?rest_route=\/wp\/v2\/pages\/6611","targetHints":{"allow":["GET"]}}],"collection":[{"href":"https:\/\/pp.ladivulgation.fr\/index.php?rest_route=\/wp\/v2\/pages"}],"about":[{"href":"https:\/\/pp.ladivulgation.fr\/index.php?rest_route=\/wp\/v2\/types\/page"}],"author":[{"embeddable":true,"href":"https:\/\/pp.ladivulgation.fr\/index.php?rest_route=\/wp\/v2\/users\/1"}],"replies":[{"embeddable":true,"href":"https:\/\/pp.ladivulgation.fr\/index.php?rest_route=%2Fwp%2Fv2%2Fcomments&post=6611"}],"version-history":[{"count":3,"href":"https:\/\/pp.ladivulgation.fr\/index.php?rest_route=\/wp\/v2\/pages\/6611\/revisions"}],"predecessor-version":[{"id":8325,"href":"https:\/\/pp.ladivulgation.fr\/index.php?rest_route=\/wp\/v2\/pages\/6611\/revisions\/8325"}],"wp:attachment":[{"href":"https:\/\/pp.ladivulgation.fr\/index.php?rest_route=%2Fwp%2Fv2%2Fmedia&parent=6611"}],"curies":[{"name":"wp","href":"https:\/\/api.w.org\/{rel}","templated":true}]}}