{"id":6612,"date":"2023-05-30T13:28:27","date_gmt":"2023-05-30T13:28:27","guid":{"rendered":"https:\/\/pp.ladivulgation.fr\/?page_id=6612"},"modified":"2025-09-01T14:12:57","modified_gmt":"2025-09-01T14:12:57","slug":"fab-9-mineralisation","status":"publish","type":"page","link":"https:\/\/pp.ladivulgation.fr\/?page_id=6612","title":{"rendered":"FAB 9 &#8211; MINERALISATION"},"content":{"rendered":"\n<p>L&rsquo;eau osmos\u00e9e est tellement finement d\u00e9barrass\u00e9e de toutes les impuret\u00e9s (\u00e0 99%) qu&rsquo;il n&rsquo;y a plus aucun min\u00e9raux. Il est donc pr\u00e9f\u00e9rable de passer par des compl\u00e9ments min\u00e9ralisants surtout si votre alimentation est loin d&rsquo;\u00eatre au top concernant les v\u00e9g\u00e9taux.<\/p>\n\n\n\n<p>Au fil des ann\u00e9es, j&rsquo;ai pu exp\u00e9rimenter plusieurs m\u00e9thodes que je vais vous citer :<\/p>\n\n\n\n<p><strong>1 &#8211; Cartouche remin\u00e9ralisante mont\u00e9e \u00e0 la sortie de l&rsquo;osmoseur.<\/strong><br>Il en existe plein de sorte et \u00e9videmment il faut les changer r\u00e9guli\u00e8rement car \u00e7a s&rsquo;use ces choses-l\u00e0. Cela a bien des avantages cependant le choix est parfois difficile tant il y a de mod\u00e8les diff\u00e9rents sur le march\u00e9 et \u00e0 des prix tr\u00e8s variables selon les fournisseurs.<br>Nous avons pens\u00e9 \u00e0 en fabriquer directement cependant le temps nous a manqu\u00e9 pour arriver \u00e0 trouver des fournisseurs dignes de confiance pour les mat\u00e9riaux. N\u00e9anmoins on avance et normalement on devrait y arriver dans des d\u00e9lais pas trop lointain et mettre \u00e7a en ligne sur notre <a href=\"https:\/\/shop.eau2p.fr\/\" data-type=\"link\" data-id=\"https:\/\/shop.eau2p.fr\/\">site<\/a>.<\/p>\n\n\n\n<p><strong>2 &#8211; Remin\u00e9ralisants apport\u00e9s en externe<\/strong><br>Les 2 solutions qui ont \u00e9t\u00e9 retenues depuis quasiment le tout d\u00e9but sont le lithothamne et la spiruline. Ce sont des valeurs s\u00fbres et on peut les acheter quasiment partout. Cependant devant le large choix nous avons commenc\u00e9 \u00e0 s\u00e9lectionner des fournisseurs s\u00e9rieux et reconnus pour la qualit\u00e9 de leurs produits.<br>Vous trouverez ces produits sur notre <a href=\"https:\/\/shop.eau2p.fr\/\" data-type=\"link\" data-id=\"https:\/\/shop.eau2p.fr\/\">site<\/a>.<\/p>\n\n\n\n<p>3 &#8211; Amplificateur et acc\u00e9l\u00e9rateur silic\u00e9<br>L&rsquo;aspect remin\u00e9ralisant est d\u00e9terminant lorsque l&rsquo;on augmente son taux vibratoire car plus on monte en fr\u00e9quence et plus les apports journaliers doivent \u00eatre importants sous peine de d\u00e9min\u00e9ralisation g\u00e9n\u00e9rale et cela m\u00eame avec tous les apports mentionn\u00e9s ci-dessus.<br>Ainsi par la force des choses, j&rsquo;ai \u00e9t\u00e9 oblig\u00e9 de trouver une solution performante et cela m&rsquo;a amen\u00e9 \u00e0 la fabriquer directement sous l\u2019\u0153il bienveillant de nos guides de l&rsquo;Un-Visible.\u00a0 Nous y avons mis beaucoup de c\u0153ur et le r\u00e9sultat est tout simplement hors du commun par rapport \u00e0 ce qui se vend sur le march\u00e9.<br>Je parle du Silicium Organique que vous pouvez vous procurer sur notre <a href=\"https:\/\/shop.eau2p.fr\/\" data-type=\"link\" data-id=\"https:\/\/shop.eau2p.fr\/\">site<\/a>.<\/p>\n\n\n\n<p><span style=\"color: #ff00ff;\"><strong>Remarque importante<\/strong><\/span><br>Nous ne sommes pas l\u00e0 pour faire du commerce en commen\u00e7ant par vous faire croire que nos produits sont les meilleurs du march\u00e9. En effet, nous avons \u00e9t\u00e9 oblig\u00e9 de remonter les manches et de fabriquer des produits car justement nous n&rsquo;arrivions pas \u00e0 trouver des produits sur la march\u00e9 \u00e0 la hauteur de nos attentes.<\/p>\n\n\n\n<p>Au d\u00e9but, c&rsquo;\u00e9tait pour nos besoins personnels (Corinne et moi) et puis sous la pression des demandes justifi\u00e9es, nous sommes pass\u00e9s \u00e0 la commercialisation avec 2 objectifs principaux : a) la qualit\u00e9 et b) le prix le plus ras des p\u00e2querettes possible.<\/p>\n\n\n\n<p>Depuis, une fine \u00e9quipe s&rsquo;est constitu\u00e9e autour de moi afin de pouvoir continuer cette action de mise \u00e0 disposition de produits fabriqu\u00e9s par nos soins et cela dans tous les domaines. Partant de produits existants multiples nous essayons de regrouper leurs propri\u00e9t\u00e9s respectives dans un produit qui en reprend tous les b\u00e9n\u00e9fices tout en diminuant les&nbsp; inconv\u00e9nients.<\/p>\n\n\n\n<p>C&rsquo;est loin d&rsquo;\u00eatre simple et \u00e7a prend un temps fou car il nous faut faire des multiples essais en grandeur r\u00e9elle toujours sous l\u2019\u0153il attentif de l&rsquo;Un-Visible qui nous indique les r\u00e9sultats obtenus dans les multiples dimensions.<\/p>\n\n\n\n<p>En effet, bien souvent les caract\u00e9ristiques d&rsquo;un produit sont mesur\u00e9s avec des techniques humaines qui sont souvent \u00e0 des ann\u00e9es lumi\u00e8res de la vraie nature des choses. Avec l&rsquo;Un-Visible on est au moins s\u00fbr des r\u00e9sultats mais aussi d&rsquo;\u00e9viter tous dommages collat\u00e9raux d\u00fbs \u00e0 notre ignorance des autres dimensions.<\/p>\n\n\n\n<p>C&rsquo;est ainsi que d&rsquo;autres produits vitaux ont \u00e9t\u00e9 fabriqu\u00e9s et\/ou sourc\u00e9s par nos soins \u00e0 cause de leur qualit\u00e9 irr\u00e9prochable. En voici une liste de base :<\/p>\n\n\n\n<p><strong>a) Vitamine C liposomale<\/strong><br>Cette vitamine non fabriqu\u00e9e par le corps humain est essentielle \u00e0 sa r\u00e9paration. Donc point besoin de vous faire le topo car internet regorge d&rsquo;info \u00e0 ce sujet.<\/p>\n\n\n\n<p><strong>b) Plasma marin hypertonique<\/strong><br>L\u00e0 encore, c&rsquo;est un incontournable connu sous le nom de \u00ab\u00a0eau de Quinton\u00a0\u00bb mais qui pour des raisons de marque d\u00e9pos\u00e9e n&rsquo;est pas utilisable. Cela n&#8217;emp\u00eache d&rsquo;en avoir \u00e0 un bien meilleur prix que le produit vendu sous cette \u00e9tiquette.<\/p>\n\n\n\n<p><strong>c) Or Collo\u00efdal<\/strong><br>Tout le monde connait les propri\u00e9t\u00e9s de l&rsquo;argent collo\u00efdal mais pas forc\u00e9ment celle de l&rsquo;or collo\u00efdal. C&rsquo;est pour cette raison que nous le fabriquons car il est difficilement trouvable sur le march\u00e9.<\/p>\n\n\n\n<p><strong>d) Zinc Collo\u00efdal<\/strong><br>idem que pour l&rsquo;or collo\u00efdal.<\/p>\n","protected":false},"excerpt":{"rendered":"<p>L&rsquo;eau osmos\u00e9e est tellement finement d\u00e9barrass\u00e9e de toutes les impuret\u00e9s (\u00e0 99%) qu&rsquo;il n&rsquo;y a plus aucun min\u00e9raux. Il est donc pr\u00e9f\u00e9rable de passer par des compl\u00e9ments min\u00e9ralisants surtout si votre alimentation est loin d&rsquo;\u00eatre au top concernant les v\u00e9g\u00e9taux. Au fil des ann\u00e9es, j&rsquo;ai pu exp\u00e9rimenter plusieurs m\u00e9thodes que je vais vous citer : [&hellip;]<\/p>\n","protected":false},"author":1,"featured_media":0,"parent":0,"menu_order":0,"comment_status":"closed","ping_status":"closed","template":"","meta":{"footnotes":""},"class_list":["post-6612","page","type-page","status-publish","hentry"],"_links":{"self":[{"href":"https:\/\/pp.ladivulgation.fr\/index.php?rest_route=\/wp\/v2\/pages\/6612","targetHints":{"allow":["GET"]}}],"collection":[{"href":"https:\/\/pp.ladivulgation.fr\/index.php?rest_route=\/wp\/v2\/pages"}],"about":[{"href":"https:\/\/pp.ladivulgation.fr\/index.php?rest_route=\/wp\/v2\/types\/page"}],"author":[{"embeddable":true,"href":"https:\/\/pp.ladivulgation.fr\/index.php?rest_route=\/wp\/v2\/users\/1"}],"replies":[{"embeddable":true,"href":"https:\/\/pp.ladivulgation.fr\/index.php?rest_route=%2Fwp%2Fv2%2Fcomments&post=6612"}],"version-history":[{"count":5,"href":"https:\/\/pp.ladivulgation.fr\/index.php?rest_route=\/wp\/v2\/pages\/6612\/revisions"}],"predecessor-version":[{"id":8340,"href":"https:\/\/pp.ladivulgation.fr\/index.php?rest_route=\/wp\/v2\/pages\/6612\/revisions\/8340"}],"wp:attachment":[{"href":"https:\/\/pp.ladivulgation.fr\/index.php?rest_route=%2Fwp%2Fv2%2Fmedia&parent=6612"}],"curies":[{"name":"wp","href":"https:\/\/api.w.org\/{rel}","templated":true}]}}