{"id":6613,"date":"2023-05-30T13:28:52","date_gmt":"2023-05-30T13:28:52","guid":{"rendered":"https:\/\/pp.ladivulgation.fr\/?page_id=6613"},"modified":"2023-05-30T14:39:17","modified_gmt":"2023-05-30T14:39:17","slug":"utilisations","status":"publish","type":"page","link":"https:\/\/pp.ladivulgation.fr\/?page_id=6613","title":{"rendered":"UTILISATIONS"},"content":{"rendered":"\n<p>Il fut un temps o\u00f9 il y avait l&rsquo;eau normale et l&rsquo;eau encod\u00e9e PP. C&rsquo;\u00e9tait simple, basique et facile \u00e0 vivre cependant, au fil du temps, les choses ont \u00e9volu\u00e9es et maintenant il est clair qu&rsquo;il y a des utilisations tr\u00e8s diff\u00e9rentes ne demandant pas toutes les m\u00eames traitements lors de sa fabrication. Je vous propose donc un petit inventaire des choses.<\/p>\n\n\n\n<p><strong><u>EAU DE BOISSON<\/u><\/strong><\/p>\n\n\n\n<p>Pour les animaux c\u2019est comme pour vous mais faites des essais car votre eau de boisson normale est peut-\u00eatre trop balaise pour eux\u2026<\/p>\n\n\n\n<p>Pour les besoins courants en cours de journ\u00e9e : de Fab 1 \u00e0 Fab 5 suffit tr\u00e8s largement<\/p>\n\n\n\n<p>Pour la nuit rajouter Fab 6&nbsp; et Fab 7 afin que le d\u00e9crassage se fasse \u00e0 vitesse max.<\/p>\n\n\n\n<p><strong><u>EAU DE CUISSON<\/u><\/strong><\/p>\n\n\n\n<p>La cuisson d\u00e9truit quasiment tout. Ce que vous pouvez donc utiliser est de l\u2019eau osmos\u00e9e simple voire de l\u2019eau osmos\u00e9e min\u00e9ralis\u00e9e si vous avez une vieille cartouche remin\u00e9ralisante.<\/p>\n\n\n\n<p><strong><u>EAU D&rsquo;ARROSAGE du Vivant<\/u><\/strong><\/p>\n\n\n\n<p>L\u2019eau osmos\u00e9e est surtout r\u00e9serv\u00e9e \u00e0 l\u2019eau de boisson et au nettoyage des cristaux et CDC. Pour le reste de l\u2019eau \u201cnormale\u201d et encod\u00e9e avec des 3C2P est largement suffisante.<\/p>\n\n\n\n<p><strong><u>EAU DE NETTOYAGE<\/u><\/strong><br>pour les CDC : eau osmos\u00e9e et encod\u00e9e \u00e7a suffit tr\u00e8s largement cependant faites en sorte que l\u2019eau soit mont\u00e9e au max (en gros votre eau de r\u00e9f\u00e9rence)<br>pour les sols et autres, je ne sais pas car \u00e7a fait longtemps que je n\u2019ai pas eu de nouvelles\u2026.<\/p>\n\n\n\n<h3 class=\"wp-block-heading\"><strong><span style=\"color: #ff00ff;\">En r\u00e9sum\u00e9 :<\/span><\/strong><\/h3>\n\n\n\n<p>Fab 1 et Fab 2 : eau de cuisson<\/p>\n\n\n\n<p>Fab 3 : eau d\u2019arrosage et de nettoyage<\/p>\n\n\n\n<p>Fab 4 : eau de boisson \u00e0 minima<\/p>\n\n\n\n<p>Fab 5 : eau de boisson optimis\u00e9e<\/p>\n\n\n\n<p>Fab 6 : pour booster eau de r\u00e9f\u00e9rence ou eau \u00e0 vortexer<\/p>\n\n\n\n<p>Fab 7 :&nbsp; eau de boisson quand on dort<\/p>\n","protected":false},"excerpt":{"rendered":"<p>Il fut un temps o\u00f9 il y avait l&rsquo;eau normale et l&rsquo;eau encod\u00e9e PP. C&rsquo;\u00e9tait simple, basique et facile \u00e0 vivre cependant, au fil du temps, les choses ont \u00e9volu\u00e9es et maintenant il est clair qu&rsquo;il y a des utilisations tr\u00e8s diff\u00e9rentes ne demandant pas toutes les m\u00eames traitements lors de sa fabrication. Je vous [&hellip;]<\/p>\n","protected":false},"author":1,"featured_media":0,"parent":0,"menu_order":0,"comment_status":"closed","ping_status":"closed","template":"","meta":{"footnotes":""},"class_list":["post-6613","page","type-page","status-publish","hentry"],"_links":{"self":[{"href":"https:\/\/pp.ladivulgation.fr\/index.php?rest_route=\/wp\/v2\/pages\/6613","targetHints":{"allow":["GET"]}}],"collection":[{"href":"https:\/\/pp.ladivulgation.fr\/index.php?rest_route=\/wp\/v2\/pages"}],"about":[{"href":"https:\/\/pp.ladivulgation.fr\/index.php?rest_route=\/wp\/v2\/types\/page"}],"author":[{"embeddable":true,"href":"https:\/\/pp.ladivulgation.fr\/index.php?rest_route=\/wp\/v2\/users\/1"}],"replies":[{"embeddable":true,"href":"https:\/\/pp.ladivulgation.fr\/index.php?rest_route=%2Fwp%2Fv2%2Fcomments&post=6613"}],"version-history":[{"count":1,"href":"https:\/\/pp.ladivulgation.fr\/index.php?rest_route=\/wp\/v2\/pages\/6613\/revisions"}],"predecessor-version":[{"id":6619,"href":"https:\/\/pp.ladivulgation.fr\/index.php?rest_route=\/wp\/v2\/pages\/6613\/revisions\/6619"}],"wp:attachment":[{"href":"https:\/\/pp.ladivulgation.fr\/index.php?rest_route=%2Fwp%2Fv2%2Fmedia&parent=6613"}],"curies":[{"name":"wp","href":"https:\/\/api.w.org\/{rel}","templated":true}]}}