{"id":6614,"date":"2023-05-30T13:29:22","date_gmt":"2023-05-30T13:29:22","guid":{"rendered":"https:\/\/pp.ladivulgation.fr\/?page_id=6614"},"modified":"2025-09-01T14:08:03","modified_gmt":"2025-09-01T14:08:03","slug":"fab-1-filtrer-par-losmose-inverse","status":"publish","type":"page","link":"https:\/\/pp.ladivulgation.fr\/?page_id=6614","title":{"rendered":"FAB 1 &#8211; FILTRER par l&rsquo;Osmose Inverse"},"content":{"rendered":"\n<p>Je ne vais pas ici refaire toute la d\u00e9mo concernant le pourquoi de l\u2019eau osmos\u00e9e. C\u2019est le top du top et le reste est quasiment \u00e0 oublier tant la comparaison n\u2019est pas possible cependant voici en gros mes r\u00e9flexions.<\/p>\n\n\n\n<p><strong><span style=\"color: #0000ff;\">Les diff\u00e9rents types d\u2019eau<\/span><\/strong><\/p>\n\n\n\n<p><strong><u>Eau de ville<\/u><\/strong> : C\u2019est la pire crasse qui soit en termes d\u2019eau de boisson ou de cuisson voire de nettoyage des l\u00e9gumes. A r\u00e9server donc pour les toilettes, la machine \u00e0 laver et la voiture.<\/p>\n\n\n\n<p><strong><u>Eau de pluie<\/u><\/strong> : Bien que tout cela semble naturel ce qui ne l\u2019est pas c\u2019est tout ce qu\u2019il y a dedans. H\u00e9 oui, l\u2019eau de pluie sert \u00e0 d\u00e9crasser tout ce qui se trimballe dans l\u2019air (crasse, chimie, pollutions) sans parler de l\u2019aspect informationnelle\u2026 C\u2019est tout juste bon \u00e0 arroser le jardin cependant si vous la collecter pour la passer ensuite dans un osmoseur tout est ok.<\/p>\n\n\n\n<p><strong><u>Eau de source collect\u00e9e sur place<\/u><\/strong> :&nbsp; Rien de moins sournois que \u00e7a car \u00e7a parait toujours cristallin mais une bonne analyse chimique et bact\u00e9riologique vous racontera la belle histoire que tout est archi pollu\u00e9. L\u2019osmoseur reste donc la seule arme possible pour rendre cela potable.<\/p>\n\n\n\n<p><strong><u>Eau du puits<\/u><\/strong> : c\u2019est la m\u00eame histoire que l\u2019eau de source ci-dessus mais avec encore plus de pesticides, herbicides and co. Les \u201cexploitants agricoles\u201d sont les premiers destructeurs de la plan\u00e8te bien que leurs champs semblent respirer la nature\u2026.<\/p>\n\n\n\n<p><strong><u>Eau en bouteille plastique<\/u><\/strong> : C\u2019est mieux que tout ce que j\u2019ai nomm\u00e9 au-dessus cependant c\u2019est loin d\u2019\u00eatre un gage de s\u00e9curit\u00e9 pour votre sant\u00e9. Diff\u00e9rents traitements sont effectu\u00e9s au nom de la s\u00e9curit\u00e9 alimentaire et c\u2019est globalement craignos tout en \u00e9tant tr\u00e8s cher \u00e0 la longue autant pour le porte-monnaie que pour l\u2019\u00e9cologie.<\/p>\n\n\n\n<p><strong><u>Eau de Source \u201ccontr\u00f4l\u00e9e\u201d<\/u><\/strong> : C\u2019est un poil plus que l\u2019eau \u00e0 bas prix sur le plan qualitatif mais au final cela est loin d\u2019apporter le bienfait d\u00e9sir\u00e9 outre le fait qu\u2019en termes \u00e9nerg\u00e9tiques et informatifs \u00e7a vole toujours aussi bas.<\/p>\n\n\n\n<p><strong><u>Eau sp\u00e9ciale site sacr\u00e9 ou religieux<\/u><\/strong> : C\u2019est la croyance qui fait tout et cela ne vaut absolument pas mieux que toutes les eaux pr\u00e9cit\u00e9es\u2026<\/p>\n\n\n\n<p><strong><u>Eau distill\u00e9e<\/u><\/strong> : Par son principe d\u2019obtention, elle est parfaite cependant il y a plusieurs b\u00e9mol \u00e0 l\u2019affaire \u00e0 commencer par le mat\u00e9riel utilis\u00e9.<br>Si c\u2019est un appareil \u00e9lectrique (et malgr\u00e9 toutes les protections \u00e9lectromagn\u00e9tiques vendues \u00e0 grand renfort de publicit\u00e9), l\u2019information contenues dans l\u2019eau est une crasse de premi\u00e8re. Cependant cette derni\u00e8re peut \u00eatre maintenant annuler gr\u00e2ce au d\u00e9sinformeur utiliser en Fab 2 et sous condition que la vitesse de l\u2019eau soit suffisante. Il nous faut donc faire des essais. Affaire \u00e0 suivre donc\u2026<br>Si c\u2019est par un appareil de distillation chauff\u00e9 au gaz, la crasse informative d\u00fbe \u00e0 l\u2019\u00e9lectricit\u00e9 disparait mais cependant il faut faire attention au distillateur lui-m\u00eame en ne prenant que des distillateurs en inox. S\u2019il y a du cuivre, vous oubliez de suite car c\u2019est l\u2019empoisonnement assur\u00e9. H\u00e9 oui, ce qui valable pour fabriquer de l\u2019alcool ne l\u2019est pas pour l\u2019eau courante. On a fait des essais et la sonnette d\u2019alarme a \u00e9t\u00e9 tir\u00e9e tr\u00e8s vite.<\/p>\n\n\n\n<p><strong><u>Eau filtr\u00e9e<\/u><\/strong> : Il existe une pl\u00e9thore de filtres en tous genres et cela n\u2019est qu\u2019un essai de d\u00e9but de filtration pour l\u2019eau de boisson. C\u2019est commercialement la jungle \u00e0 ce niveau et le seul v\u00e9ritable apport est surtout psychologique principalement.<\/p>\n\n\n\n<p><strong><u>Eau osmos\u00e9e<\/u><\/strong> : En v\u00e9rit\u00e9, qu\u2019importe l\u2019eau qui alimente l\u2019osmoseur (eau de ville, du puits ou de pluie) le r\u00e9sultat est toujours le m\u00eame : impeccable. Cependant, choisir un osmoseur d\u00e9pend de beaucoup de param\u00e8tres qu\u2019il est bien d\u2019avoir en t\u00eate avant de faire des achats.<\/p>\n\n\n\n<p><strong><span style=\"color: #0000ff;\">Param\u00e8tres pour le choix d\u2019un osmoseur<\/span><\/strong><\/p>\n\n\n\n<p><u>1) la place allou\u00e9e<\/u> : Un osmoseur classique (sans moteur) prend quand m\u00eame un peu de place cependant il existe quelques mod\u00e8les qui sont design et qui peuvent \u00eatre mis \u00e0 la vue de tous cependant les diff\u00e9rentes connexions \u00e0 son bon fonctionnement sont difficiles \u00e0 cacher. C\u2019est globalement silencieux mais le rapport est d\u2019environ 3 \u00e0 4 litres d\u2019eau consomm\u00e9s pour 1 litre d\u2019eau osmos\u00e9e produite.<\/p>\n\n\n\n<p><u>2) la pression de l\u2019eau<\/u> : Si la pression est insuffisante \u00e0 l\u2019entr\u00e9e de l\u2019osmoseur alors il faudra prendre un osmoseur avec un moteur int\u00e9gr\u00e9. \u00c7a fait du bruit mais le rapport est d\u2019environ 2 litres d\u2019eau consomm\u00e9s pour 1 litre d\u2019eau osmos\u00e9e produite.<\/p>\n\n\n\n<p><u>3) la duret\u00e9 de l\u2019eau<\/u> : S\u2019il y a trop de calcaire dans l\u2019eau, il sera alors imp\u00e9ratif de rajouter un adoucisseur d\u2019eau sous peine d\u2019avoir la membrane de l\u2019osmoseur partir en morceaux assez rapidement.<\/p>\n\n\n\n<p><u>4) la turbidit\u00e9<\/u> : C\u2019est la transparence de l\u2019eau et donc le taux de d\u00e9chet en suspension. Cela s\u2019applique aux eaux de surface (mare, cours d\u2019eau) ou de collecte (eau de pluie principalement mais de puits quelquefois). L\u2019eau de ville n\u2019est g\u00e9n\u00e9ralement pas concern\u00e9e (on n\u2019est pas en Afrique).<\/p>\n\n\n\n<p><u>5) la quantit\u00e9 d\u2019eau \u00e0 fournir<\/u> : Les donn\u00e9es souvent fournies par les constructeurs ne prennent pas en compte les marcheurs qui sont par nature de gros consommateurs.<\/p>\n\n\n\n<p><u>6) l\u2019installation<\/u> : Tout le monde n\u2019est pas plombier par nature et souvent cela est un frein. C\u2019est g\u00e9n\u00e9ralement d\u00fb \u00e0 un manque d\u2019information d\u2019abord et ensuite de d\u00e9brouillardise. Il est ainsi possible d\u2019installer un osmoseur sans rien percer du tout (c\u2019est la grosse peur principale).<\/p>\n\n\n\n<p><u>7) le prix<\/u> : L\u00e0 c\u2019est la jungle et les prix vont de 1 \u00e0 12 pour un m\u00eame mat\u00e9riel. Ce fut pour moi l\u2019emp\u00eachement principal jusqu\u2019au moment o\u00f9 j\u2019ai vraiment gratter et que j\u2019ai trouv\u00e9 que c\u2019\u00e9tait un foutage de gueule complet.<\/p>\n\n\n\n<p><strong><span style=\"color: #0000ff;\">L\u2019expertise d\u00e9velopp\u00e9e par l\u2019Equipe au sol<\/span><\/strong><\/p>\n\n\n\n<p>J\u2019ai commenc\u00e9 par un petit osmoseur compact, puis un normal, puis avec et sans moteur, puis j\u2019ai doubl\u00e9 la capacit\u00e9 que j\u2019ai ensuite quadrupl\u00e9 (CDC oblige). J\u2019ai aussi fait pour le nomadisme (avec et sans moteur aussi) pour arriver \u00e0 un ultra-portable branchable partout. Et le tout \u00e0 des tarifs incompr\u00e9hensibles pour les revendeurs normaux.<\/p>\n\n\n\n<p>Bref, c\u2019est accessible \u00e0 tous et celui qui me dit qu\u2019il ne peut pas s\u2019en offrir un reste quelqu\u2019un qui manque d\u2019informations et surtout qui a des pr\u00e9jug\u00e9s infond\u00e9s qui le bloque dans sa d\u00e9cision finale.<\/p>\n\n\n\n<p><strong><span style=\"color: #0000ff;\">Articles et vid\u00e9o \u00e0 propos de l\u2019eau osmos\u00e9e et des osmoseurs<\/span><\/strong><\/p>\n\n\n\n<p>Lien vers la page de <a href=\"https:\/\/pp.ladivulgation.fr\/?page_id=6605\" data-type=\"URL\" data-id=\"https:\/\/pp.ladivulgation.fr\/?page_id=6605\" target=\"_blank\" rel=\"noreferrer noopener\">l&rsquo;eau osmos\u00e9e<\/a><\/p>\n\n\n\n<p>Lien vers la page de <a href=\"https:\/\/pp.ladivulgation.fr\/?page_id=6610\/\" data-type=\"URL\" data-id=\"https:\/\/pp.ladivulgation.fr\/?page_id=6610\/\" target=\"_blank\" rel=\"noreferrer noopener\">l&rsquo;achat d&rsquo;un osmoseur<\/a><\/p>\n\n\n\n<p><\/p>\n","protected":false},"excerpt":{"rendered":"<p>Je ne vais pas ici refaire toute la d\u00e9mo concernant le pourquoi de l\u2019eau osmos\u00e9e. C\u2019est le top du top et le reste est quasiment \u00e0 oublier tant la comparaison n\u2019est pas possible cependant voici en gros mes r\u00e9flexions. Les diff\u00e9rents types d\u2019eau Eau de ville : C\u2019est la pire crasse qui soit en termes [&hellip;]<\/p>\n","protected":false},"author":1,"featured_media":0,"parent":0,"menu_order":0,"comment_status":"closed","ping_status":"closed","template":"","meta":{"footnotes":""},"class_list":["post-6614","page","type-page","status-publish","hentry"],"_links":{"self":[{"href":"https:\/\/pp.ladivulgation.fr\/index.php?rest_route=\/wp\/v2\/pages\/6614","targetHints":{"allow":["GET"]}}],"collection":[{"href":"https:\/\/pp.ladivulgation.fr\/index.php?rest_route=\/wp\/v2\/pages"}],"about":[{"href":"https:\/\/pp.ladivulgation.fr\/index.php?rest_route=\/wp\/v2\/types\/page"}],"author":[{"embeddable":true,"href":"https:\/\/pp.ladivulgation.fr\/index.php?rest_route=\/wp\/v2\/users\/1"}],"replies":[{"embeddable":true,"href":"https:\/\/pp.ladivulgation.fr\/index.php?rest_route=%2Fwp%2Fv2%2Fcomments&post=6614"}],"version-history":[{"count":3,"href":"https:\/\/pp.ladivulgation.fr\/index.php?rest_route=\/wp\/v2\/pages\/6614\/revisions"}],"predecessor-version":[{"id":8337,"href":"https:\/\/pp.ladivulgation.fr\/index.php?rest_route=\/wp\/v2\/pages\/6614\/revisions\/8337"}],"wp:attachment":[{"href":"https:\/\/pp.ladivulgation.fr\/index.php?rest_route=%2Fwp%2Fv2%2Fmedia&parent=6614"}],"curies":[{"name":"wp","href":"https:\/\/api.w.org\/{rel}","templated":true}]}}