{"id":6615,"date":"2023-05-30T13:29:56","date_gmt":"2023-05-30T13:29:56","guid":{"rendered":"https:\/\/pp.ladivulgation.fr\/?page_id=6615"},"modified":"2025-09-01T14:04:00","modified_gmt":"2025-09-01T14:04:00","slug":"fab-2-desinformer-en-vidant-toutes-les-memoires","status":"publish","type":"page","link":"https:\/\/pp.ladivulgation.fr\/?page_id=6615","title":{"rendered":"FAB 2 &#8211; DESINFORMER"},"content":{"rendered":"\n<p>Au fur et \u00e0 mesure de mes avancements dans le traitement de l\u2019eau autant j\u2019\u00e9tais arriv\u00e9 \u00e0 une solution optimale chimiquement (eau d\u00e9gag\u00e9e de toute pollution) autant j\u2019\u00e9tais coinc\u00e9 dans le d\u00e9parasitage de l\u2019information naturellement contenue dans l\u2019eau.<\/p>\n\n\n\n<p>Bien \u00e9videmment, autant j\u2019avais vir\u00e9 au max l\u2019aspect \u00e9lectrique qui est une v\u00e9ritable source de calamit\u00e9s autant l\u2019information non \u00e9lectrique r\u00e9siduelle de l\u2019eau restait une zone \u00e0 explorer.<\/p>\n\n\n\n<p>Aussi, continuellement \u00e0 l\u2019\u00e9coute de ce qui peut se faire dans le traitement de l\u2019eau je suis tomb\u00e9 sur un truc lorsque j\u2019ai achet\u00e9 un double vortexeur (2 vortexeurs c\u00f4te-\u00e0-c\u00f4te dans le m\u00eame boitier).<\/p>\n\n\n\n<p>En effet, les essais ont d\u00e9montr\u00e9 que <strong><span style=\"color: #ff00ff;\">lorsque les deux vortexeurs tournent dans le m\u00eame sens et en m\u00eame temps, le r\u00e9sultat final est diminu\u00e9 par rapport \u00e0 un vortexeur seul<\/span><\/strong>. Aussi, si vous achetez un vortexeur double, utilisez l&rsquo;un et l&rsquo;autre alternativement afin de maximiser la dur\u00e9e de vie des moteurs qui n&rsquo;appr\u00e9cient pas de tourner 24\/24 et surtout 7\/7.<\/p>\n\n\n\n<p>Puis, par des concours de circonstance, j\u2019ai entendu parl\u00e9 des bienfaits d\u2019une baignoire \u00e0 double vortex invers\u00e9 qui m\u2019a amen\u00e9 \u00e0 voir ce qui se faisait dans le genre.<\/p>\n\n\n\n<p>Sur internet, il y a pl\u00e9thore de vendeurs de \u201cvortex\u201d pour l\u2019eau dont plusieurs en double spirales invers\u00e9es. J\u2019ai donc creus\u00e9 la chose et la seule chose qu\u2019ils ont en commun est tout bonnement un tarif d\u00e9mentiel qui te projette de plusieurs m\u00e8tres en arri\u00e8re dans ta d\u00e9cision d\u2019achat.<\/p>\n\n\n\n<p>Donc, apr\u00e8s quand m\u00eame l\u2019achat d\u2019un truc \u00e0 255\u20ac pi\u00e8ce (arriv\u00e9 \u00e0 la maison), j\u2019ai pu commencer \u00e0 faire les essais tout en ayant les conseils avis\u00e9s de notre shaman de l\u2019Un-Visible.<\/p>\n\n\n\n<p>Les r\u00e9sultats ont \u00e9t\u00e9 clairs : 1) la longueur des spirales \u00e9taient 3 fois trop courtes pour avoir un r\u00e9el effet (bref un truc qui travaille au tiers de ses possibilit\u00e9s), 2) les tubes en cuivre sont inutiles et 3) les traitements de surface \u00e9taient redondants avec la phase restructuration de l\u2019eau.<\/p>\n\n\n\n<p>Fort de tout cela et avec de multiples essais, nous sommes arriv\u00e9s \u00e0 la solution la plus ultime en termes de prix, d\u2019efficacit\u00e9 et de montage au niveau de l\u2019osmoseur lui-m\u00eame. J\u2019ai appel\u00e9 cette extension \u201cle d\u00e9sinformeur\u201d.<\/p>\n\n\n\n<p>Comme son nom l\u2019indique, son but est d\u2019effacer au maximum toutes les m\u00e9moires de l\u2019eau dans toutes les dimensions. En gros, \u00e7a revient \u00e0 vider le disque dur de tout son contenu afin qu\u2019\u00e0 l\u2019\u00e9tape suivante (celle de l\u2019inscription de l\u2019encodage) celle-ci soit maximale.<\/p>\n\n\n\n<p>En faisant cela, l\u2019eau encod\u00e9e \u00e0 pris de suite quelques unit\u00e9s d\u2019infini suppl\u00e9mentaires puisque le code Petit Poucet n\u2019a plus besoin de faire de m\u00e9nage pour s\u2019expanser. Alors il prend toute la place tout de suite et monte donc nettement plus vite en puissance.<\/p>\n\n\n\n<p>Et puis, le second avantage se fera surtout ressentir lors de la restructuration de l\u2019eau que j\u2019aborde \u00e0 l\u2019\u00e9tape Fab 4.<\/p>\n\n\n\n<p>Bref, le d\u00e9sinformeur a \u00e9t\u00e9 optimis\u00e9 au maximum au point qu\u2019il en parait ridicule face \u00e0 ceux qui veulent te vendre des trucs \u00e0 prix d\u2019or et qui pourtant feront nettement moins en termes de r\u00e9sultats.<\/p>\n\n\n\n<p>Je ne vais pas faire ici la contre expertise de ce qu\u2019ils vendent car je n\u2019ai pas le temps de faire \u00e7a et secundo je ne d\u00e9sire partir en guerre contre personne parce que je n\u2019ai aucun business \u00e0 d\u00e9fendre.<\/p>\n\n\n\n<p>C\u2019est seulement <a href=\"https:\/\/shop.eau2p.fr\/\" data-type=\"link\" data-id=\"https:\/\/shop.eau2p.fr\/\">disponible ici<\/a> et \u00e0 un prix difficilement argumentable tant c\u2019est ras des p\u00e2querettes.<\/p>\n\n\n\n<p>Sa mise en place est extr\u00eamement simple car il suffit de couper le tuyau de sortie de l&rsquo;osmoseur d&rsquo;une fa\u00e7on nette avec un cutter et juste avant le robinet de sortie final. Puis ensuite de raccorder le d\u00e9sinformeur en emboitant correctement les 2 bouts de tuyaux dans les 2 orifices disponibles de celui-ci.<\/p>\n\n\n\n<p>Bref, je vous met une petite vid\u00e9o \u00e0 ce propos avec les recommandations d&rsquo;usage.<\/p>\n\n\n\n<figure class=\"wp-block-video\"><video controls src=\"https:\/\/files.ladivulgation.fr\/video\/pp\/PP_021_Desinformeur.mp4\"><\/video><\/figure>\n\n\n\n<p><strong><span style=\"color: #ff00ff;\">Rajout 1<\/span><\/strong> : L&rsquo;installation dans la vid\u00e9o est faite pour un osmoseur sous \u00e9vier. Cependant il existe des osmoseurs sur \u00e9vier o\u00f9 le robinet est directement fix\u00e9 sur la cartouche filtrante. Dans ce cas, il n&rsquo;y a aucune possibilit\u00e9 de branchement direct.<br>Dans ce cas, nous avons pr\u00e9vu un kit d&rsquo;installation suppl\u00e9mentaire qu&rsquo;il vous faudra demander lors de votre commande dans le champs du formulaire r\u00e9serv\u00e9 aux remarques. Ce petit kit est gratuit et s&rsquo;installe avec une r\u00e9elle simplicit\u00e9. Il permet de se brancher apr\u00e8s le robinet<\/p>\n","protected":false},"excerpt":{"rendered":"<p>Au fur et \u00e0 mesure de mes avancements dans le traitement de l\u2019eau autant j\u2019\u00e9tais arriv\u00e9 \u00e0 une solution optimale chimiquement (eau d\u00e9gag\u00e9e de toute pollution) autant j\u2019\u00e9tais coinc\u00e9 dans le d\u00e9parasitage de l\u2019information naturellement contenue dans l\u2019eau. Bien \u00e9videmment, autant j\u2019avais vir\u00e9 au max l\u2019aspect \u00e9lectrique qui est une v\u00e9ritable source de calamit\u00e9s autant [&hellip;]<\/p>\n","protected":false},"author":1,"featured_media":0,"parent":0,"menu_order":0,"comment_status":"closed","ping_status":"closed","template":"","meta":{"footnotes":""},"class_list":["post-6615","page","type-page","status-publish","hentry"],"_links":{"self":[{"href":"https:\/\/pp.ladivulgation.fr\/index.php?rest_route=\/wp\/v2\/pages\/6615","targetHints":{"allow":["GET"]}}],"collection":[{"href":"https:\/\/pp.ladivulgation.fr\/index.php?rest_route=\/wp\/v2\/pages"}],"about":[{"href":"https:\/\/pp.ladivulgation.fr\/index.php?rest_route=\/wp\/v2\/types\/page"}],"author":[{"embeddable":true,"href":"https:\/\/pp.ladivulgation.fr\/index.php?rest_route=\/wp\/v2\/users\/1"}],"replies":[{"embeddable":true,"href":"https:\/\/pp.ladivulgation.fr\/index.php?rest_route=%2Fwp%2Fv2%2Fcomments&post=6615"}],"version-history":[{"count":5,"href":"https:\/\/pp.ladivulgation.fr\/index.php?rest_route=\/wp\/v2\/pages\/6615\/revisions"}],"predecessor-version":[{"id":8330,"href":"https:\/\/pp.ladivulgation.fr\/index.php?rest_route=\/wp\/v2\/pages\/6615\/revisions\/8330"}],"wp:attachment":[{"href":"https:\/\/pp.ladivulgation.fr\/index.php?rest_route=%2Fwp%2Fv2%2Fmedia&parent=6615"}],"curies":[{"name":"wp","href":"https:\/\/api.w.org\/{rel}","templated":true}]}}