{"id":6622,"date":"2023-05-30T13:30:32","date_gmt":"2023-05-30T13:30:32","guid":{"rendered":"https:\/\/pp.ladivulgation.fr\/?page_id=6622"},"modified":"2025-09-01T13:50:08","modified_gmt":"2025-09-01T13:50:08","slug":"fab-3-encoder-via-les-c2p","status":"publish","type":"page","link":"https:\/\/pp.ladivulgation.fr\/?page_id=6622","title":{"rendered":"FAB 3 &#8211; ENCODER via les C2P"},"content":{"rendered":"\n<p>La phase d\u2019encodage dans son principe est simple (il suffit de mettre des 5C2P au contact de l\u2019eau) cependant, j\u2019ai remarqu\u00e9 qu\u2019au fil du temps des incompr\u00e9hensions se sont immisc\u00e9es au point de voir des aberrations\u2026<\/p>\n\n\n\n<p>Je vais donc tout reprendre \u00e0 la base (comme si de rien n\u2019\u00e9tait) et chacun ajustera selon les habitudes prises. Vous verrez c\u2019est beaucoup plus simple que ce que la majorit\u00e9 d\u2019entre vous font, bien que cela puisse sembler \u00eatre un processus astreignant.<\/p>\n\n\n\n<p>Croyez-moi, le temps pass\u00e9 \u00e0 faire une bonne eau encod\u00e9e d\u00e9passe largement tout ce que vous pouvez faire \u00e0 c\u00f4t\u00e9. Je vois tellement de gens me poser des questions sur des trucs annexes qui ne rapporteront que des cacahu\u00e8tes en termes de r\u00e9sultat alors que leur eau de base ne re\u00e7oit que tr\u00e8s peu d\u2019attention.<\/p>\n\n\n\n<p>Je vais donc r\u00e9p\u00e9ter les \u00e9l\u00e9ments essentiels \u00e0 retenir pour faire simple :<\/p>\n\n\n\n<p><strong><u>1) Versions d\u2019encodage<\/u><\/strong><br>Le temps a bien \u00e9volu\u00e9 depuis les tous d\u00e9buts o\u00f9 nous \u00e9tions avec la version 1 de l\u2019encodage Petit Poucet qui en v\u00e9rit\u00e9 \u00e9tait une version de d\u00e9mo\u2026 A ce jour, nous en sommes \u00e0 la version 5 (commun\u00e9ment appel\u00e9 5C2P). C\u2019est comme vouloir compar\u00e9 un prospectus publicitaire\u00a0avec l\u2019Encyclop\u00e9dia Universalis\u2026<\/p>\n\n\n\n<p>Dit autrement ce que j\u2019ai dit tout au d\u00e9but n\u2019a plus rien \u00e0 faire avec la mani\u00e8re de faire de maintenant. Il est donc n\u00e9cessaire de faire un toilettage dans les fa\u00e7ons de faire en partant du principe que maintenant tout le monde a la derni\u00e8re version.<\/p>\n\n\n\n<p>Cependant, il va falloir que je commence \u00e0 \u00e9claircir la base de la base avec le point 2 suivant.<\/p>\n\n\n\n<p><strong><u>2) Eau de consommation et eau de r\u00e9f\u00e9rence<br><\/u><\/strong>Dans les premiers temps, il n\u2019y avait pas vraiment de diff\u00e9rence entre l\u2019eau que l\u2019on buvait et l\u2019eau de r\u00e9f\u00e9rence d\u2019o\u00f9 la n\u00e9cessit\u00e9 de mettre des cailloux dans la bouteille de boisson. H\u00e9 bien maintenant c\u2019est fini tout \u00e7a et il n\u2019y a plus besoin d\u2019associer les deux et donc d\u2019avoir en permanence des cailloux qui cling-cling dans la bouteille \u00e0 chaque fois que l\u2019on se sert\u2026<\/p>\n\n\n\n<p>Avec la version 5, il n\u2019est absolument plus n\u00e9cessaire de faire cette association car il existe maintenant 2 eaux \u00e0 clairement identifier :<\/p>\n\n\n\n<p>a) <u>l\u2019eau de r\u00e9f\u00e9rence<\/u> : comme son nom l\u2019indique c\u2019est cette eau qui va falloir monter en puissance au maximum. Elle aura donc sa propre vie et n\u2019aura rien \u00e0 voir avec votre eau de consommation. Elle est bien \u00e9videment osmos\u00e9e de base.<\/p>\n\n\n\n<p>b) <u>l\u2019eau de consommation<\/u> : c\u2019est l\u2019eau que vous allez boire, celle que vous allez consommer. C\u2019est donc elle qui suivra tous les traitements quels qu\u2019ils soient. Inutile donc qu\u2019il y ait des 5C2P dedans pour la faire monter en puissance puisque c\u2019est le r\u00f4le essentiel de l\u2019eau de r\u00e9f\u00e9rence\u2026 Fini donc le tintement caract\u00e9ristique des cailloux qui s\u2019entrechoquent avec le verre de la bouteille quand on veut la vider.<\/p>\n\n\n\n<p>Secundo, vous verrez dans la vid\u00e9o ci-dessous que je fais une diff\u00e9rence suppl\u00e9mentaire avec l&rsquo;eau de \u00ab\u00a0jour\u00a0\u00bb et l&rsquo;eau de \u00ab\u00a0nuit\u00a0\u00bb. H\u00e9 oui, il faut bien vous compliquer un peu la t\u00e2che&#8230;<\/p>\n\n\n\n<p><strong><u>3) Combien faut-il faire d\u2019eau de r\u00e9f\u00e9rence ?<\/u><\/strong><br>Pour r\u00e9pondre \u00e0 cette question, il faut commencer par d\u00e9finir de combien vous avez besoin d\u2019eau de consommation car c\u2019est de cette derni\u00e8re que vous pourrez calculer combien il vous faut avoir d\u2019eau de r\u00e9f\u00e9rence.<\/p>\n\n\n\n<p>Aussi, pour \u00e9viter d\u2019avoir \u00e0 faire votre eau trop souvent (parce que je n\u2019aime pas passer ma vie \u00e0 \u00e7a) mais aussi pour que votre eau de r\u00e9f\u00e9rence ait le temps vraiment de monter en puissance, je pars sur la base d\u2019une dizaine de jour mais \u00e7a peut faire 15 si c\u2019est l\u2019hiver ou une semaine si c\u2019est l\u2019\u00e9t\u00e9\u2026<\/p>\n\n\n\n<p>Donc pour faire simple, si je pars sur une base de 10 litres et partant du principe qu\u2019il me faut 1 litre d\u2019eau de r\u00e9f\u00e9rence pour fabriquer 4 litres d\u2019eau de consommation, je sais qu\u2019il me faudra alors 2,5 litres d\u2019eau de r\u00e9f\u00e9rence.<\/p>\n\n\n\n<p>Pour fabriquer 2,5 litres d\u2019eau de r\u00e9f\u00e9rence il me suffira d\u2019avoir 4 bouteilles d\u20191 litre dans laquelle il y a environ 1\/4 \u00e0 1\/3 de 5C2P par bouteille. Cela me donne d\u2019embl\u00e9e le poids de 5C2P qu\u2019il me faut en tout soit 2 kg.<\/p>\n\n\n\n<p>Et puis ensuite, ayant pris la pr\u00e9caution de mettre mes 10 litres d\u2019eau de consommation dans un bac plastique de 40 litres, je pourrai plus tard (une fois la mont\u00e9e en puissance faite \u2013 compter 2 heures \u00e0 minima) je pourrai rajouter sans probl\u00e8me 30 litres d\u2019eau suppl\u00e9mentaire pour obtenir 40 litres d\u2019eau de consommation au dernier cri de mon eau de r\u00e9f\u00e9rence.<\/p>\n\n\n\n<p>Bref, dans la vid\u00e9o suivante je reprends le raisonnement et vous allez voir c&rsquo;est super simple !<\/p>\n\n\n\n<figure class=\"wp-block-video\"><video controls src=\"https:\/\/files.ladivulgation.fr\/video\/pp\/PP_022_Encodage.mp4\"><\/video><\/figure>\n\n\n\n<p><u><strong>4) Actions pr\u00e9conis\u00e9es sur l\u2019eau de r\u00e9f\u00e9rence<\/strong><br><\/u>L\u2019objectif, comme vous vous en doutez, est d\u2019abord et avant tout d\u2019avoir une eau la plus mont\u00e9e en puissance possible. Il y a donc des points essentiels \u00e0 suivre pour ce faire.<\/p>\n\n\n\n<p>a) Mettre les bouteilles \u00e0 l\u2019abri de la lumi\u00e8re afin d\u2019\u00e9viter le d\u00e9veloppement des algues. Moi, j\u2019ai mis dans un bac noir avec couvercle.<\/p>\n\n\n\n<p>b) Laissez un temps suffisant entre 2 pr\u00e9l\u00e8vements pour que l\u2019eau monte significativement en puissance<\/p>\n\n\n\n<p>c) Avant de diluer l\u2019eau de r\u00e9f\u00e9rence, donnez-lui un coup de booster et faites seulement ensuite la dilution. Vous serez ainsi au maximum des capacit\u00e9s de mont\u00e9e en puissance disponibles.<\/p>\n\n\n\n<p>d) Si vous pouvez la dynamiser alors ne vous en privez pas. Cela ne sera que du bon mais inutile de le faire syst\u00e9matiquement. Une fois devrait suffire.<\/p>\n\n\n\n<p>e) Inutile de la vortex\u00e9e car cela s\u2019affaiblira de toute fa\u00e7on au bout de quelques heures.<\/p>\n\n\n\n<p>f) Bien \u00e9videmment, toute eau que vous rajouterez sera osmos\u00e9e et surtout d\u00e9sinform\u00e9e.<\/p>\n\n\n\n<p>g) Si un jour, on passe \u00e0 une version sup\u00e9rieure en encodage, inutile de jeter la version actuelle. Rajoutez seulement les cailloux de la nouvelle version \u00e0 raison d\u2019au moins 10% ainsi vous ne perdrez rien du tout dans l\u2019affaire.<\/p>\n\n\n\n<p><strong><u>5) Actions conseill\u00e9es sur l\u2019eau de consommation<br><\/u><\/strong>a) Une fois l\u2019eau mont\u00e9e \u00e0 son max dans votre bac plastique transf\u00e9rer cette eau dans des bouteilles ou bocaux en verre. Personnellement je fais dans des bocaux de 3L car \u00e7a va plus vite et surtout c\u2019est le format id\u00e9al pour le processus de dynamisation.<\/p>\n\n\n\n<p>b) Mettez-les \u00e0 l\u2019abri de la lumi\u00e8re si possible mais rien de grave si des algues vertes se d\u00e9veloppent. \u00c7a veut au moins dire que c\u2019est vivant !<\/p>\n\n\n\n<p>c) Point besoin de mettre des 5C2P dedans.<\/p>\n\n\n\n<p>d) Vous pouvez utiliser cette eau pour tout cependant si vous avez un dynamiseur, il est bien de la dynamiser au fur et \u00e0 mesure de votre consommation dans des proportions raisonnables (ne faites pas tout en une seule fois surtout si vous avez de grosses quantit\u00e9s).<\/p>\n\n\n\n<p>e) J\u2019utilise mon booster uniquement pour l\u2019eau que je vais vortex\u00e9 sinon cela n\u2019en vaut pas la peine car dans l\u2019affaire c\u2019est surtout votre eau de r\u00e9f\u00e9rence qui est \u00e0 chouchouter.<\/p>\n","protected":false},"excerpt":{"rendered":"<p>La phase d\u2019encodage dans son principe est simple (il suffit de mettre des 5C2P au contact de l\u2019eau) cependant, j\u2019ai remarqu\u00e9 qu\u2019au fil du temps des incompr\u00e9hensions se sont immisc\u00e9es au point de voir des aberrations\u2026 Je vais donc tout reprendre \u00e0 la base (comme si de rien n\u2019\u00e9tait) et chacun ajustera selon les habitudes [&hellip;]<\/p>\n","protected":false},"author":1,"featured_media":0,"parent":0,"menu_order":0,"comment_status":"closed","ping_status":"closed","template":"","meta":{"footnotes":""},"class_list":["post-6622","page","type-page","status-publish","hentry"],"_links":{"self":[{"href":"https:\/\/pp.ladivulgation.fr\/index.php?rest_route=\/wp\/v2\/pages\/6622","targetHints":{"allow":["GET"]}}],"collection":[{"href":"https:\/\/pp.ladivulgation.fr\/index.php?rest_route=\/wp\/v2\/pages"}],"about":[{"href":"https:\/\/pp.ladivulgation.fr\/index.php?rest_route=\/wp\/v2\/types\/page"}],"author":[{"embeddable":true,"href":"https:\/\/pp.ladivulgation.fr\/index.php?rest_route=\/wp\/v2\/users\/1"}],"replies":[{"embeddable":true,"href":"https:\/\/pp.ladivulgation.fr\/index.php?rest_route=%2Fwp%2Fv2%2Fcomments&post=6622"}],"version-history":[{"count":3,"href":"https:\/\/pp.ladivulgation.fr\/index.php?rest_route=\/wp\/v2\/pages\/6622\/revisions"}],"predecessor-version":[{"id":8316,"href":"https:\/\/pp.ladivulgation.fr\/index.php?rest_route=\/wp\/v2\/pages\/6622\/revisions\/8316"}],"wp:attachment":[{"href":"https:\/\/pp.ladivulgation.fr\/index.php?rest_route=%2Fwp%2Fv2%2Fmedia&parent=6622"}],"curies":[{"name":"wp","href":"https:\/\/api.w.org\/{rel}","templated":true}]}}