{"id":6623,"date":"2023-05-30T13:31:01","date_gmt":"2023-05-30T13:31:01","guid":{"rendered":"https:\/\/pp.ladivulgation.fr\/?page_id=6623"},"modified":"2025-09-01T14:05:23","modified_gmt":"2025-09-01T14:05:23","slug":"fab-4-mineraliser","status":"publish","type":"page","link":"https:\/\/pp.ladivulgation.fr\/?page_id=6623","title":{"rendered":"FAB 4 &#8211; MINERALISER"},"content":{"rendered":"\n<p>Cette \u00e9tape peut \u00eatre abord\u00e9e de 2 mani\u00e8res diff\u00e9rentes et compl\u00e9mentaires : par ajout \u00e0 l\u2019eau elle-m\u00eame ou par ajout externe.<\/p>\n\n\n\n<p>En effet, depuis quasi l\u2019origine je me suis coinc\u00e9 dans l\u2019ajout de min\u00e9raux dans l\u2019eau gr\u00e2ce \u00e0 des cartouches sp\u00e9cialis\u00e9es dans le domaine. C\u2019\u00e9tait prometteur mais cela a tr\u00e8s vite montr\u00e9 les limites.<\/p>\n\n\n\n<p>H\u00e9 oui, selon une ancienne vid\u00e9o o\u00f9 j\u2019explique la probl\u00e9matique des sels min\u00e9raux dans l\u2019augmentation de fr\u00e9quence, j\u2019en suis arriv\u00e9 in\u00e9luctablement \u00e0 devoir prendre des sels min\u00e9raux par apport ext\u00e9rieur.<\/p>\n\n\n\n<p>J\u2019ai beaucoup exp\u00e9riment\u00e9 (et je continue toujours) car c\u2019est le chat qui se mord la queue : plus tu montes en fr\u00e9quence et plus tu en as besoin et plus tu en prends et plus tu montes en fr\u00e9quence\u2026 Cela semble infini au point que d\u2019une certaine mani\u00e8re il ne me reste plus qu\u2019une solution finale : devenir christ le plus rapidement possible\u2026<\/p>\n\n\n\n<p>La barre semble haute mais elle n\u2019est pas si lointaine que \u00e7a alors, en attendant, je courbe le dos en me disant que cette boucle sans fin va forc\u00e9ment exploser en vol et me foutre la paix.<\/p>\n\n\n\n<p>En attendant, je me dope aux fruits tropicaux (Tahiti a eu des effets sur moi), aux fruits locaux ainsi qu\u2019aux algues (lithothamne et spiruline) tout en essayant de fuir un max les sucres et autres habitudes pas vraiment heureuses\u2026<\/p>\n\n\n\n<p>Concernant l\u2019ajout dans l\u2019eau cela se fait toujours avec du lithothamne et une cartouche remin\u00e9ralisante. Cependant ne buvant pas 3 tonneaux par jour, l\u2019apport ext\u00e9rieur reste un must incontournable.<\/p>\n\n\n\n<p>Cependant, autant dans les d\u00e9buts quand on a un osmoseur, l\u2019eau d\u00e9min\u00e9ralis\u00e9e va avoir un aspect positif de d\u00e9crassage, \u00e0 la longue ce n\u2019est plus bon puisque cela risque d\u2019entrainer une d\u00e9min\u00e9ralisation. Voici pourquoi il est important de palier \u00e0 ce probl\u00e8me de base\u2026<\/p>\n\n\n\n<figure class=\"wp-block-video\"><video controls src=\"https:\/\/files.ladivulgation.fr\/video\/pp\/PP_023_Mineralisation.mp4\"><\/video><\/figure>\n\n\n\n<p>A titre info, vous trouverez l&rsquo;essentiel sur <a href=\"https:\/\/shop.eau2p.fr\/\" data-type=\"link\" data-id=\"https:\/\/shop.eau2p.fr\/\">ce site<\/a> cependant je vais aussi sur le web pour trouver d&rsquo;autres produits qu&rsquo;il n&rsquo;y a pas dans la boutique.<\/p>\n\n\n\n<p><\/p>\n","protected":false},"excerpt":{"rendered":"<p>Cette \u00e9tape peut \u00eatre abord\u00e9e de 2 mani\u00e8res diff\u00e9rentes et compl\u00e9mentaires : par ajout \u00e0 l\u2019eau elle-m\u00eame ou par ajout externe. En effet, depuis quasi l\u2019origine je me suis coinc\u00e9 dans l\u2019ajout de min\u00e9raux dans l\u2019eau gr\u00e2ce \u00e0 des cartouches sp\u00e9cialis\u00e9es dans le domaine. C\u2019\u00e9tait prometteur mais cela a tr\u00e8s vite montr\u00e9 les limites. H\u00e9 [&hellip;]<\/p>\n","protected":false},"author":1,"featured_media":0,"parent":0,"menu_order":0,"comment_status":"closed","ping_status":"closed","template":"","meta":{"footnotes":""},"class_list":["post-6623","page","type-page","status-publish","hentry"],"_links":{"self":[{"href":"https:\/\/pp.ladivulgation.fr\/index.php?rest_route=\/wp\/v2\/pages\/6623","targetHints":{"allow":["GET"]}}],"collection":[{"href":"https:\/\/pp.ladivulgation.fr\/index.php?rest_route=\/wp\/v2\/pages"}],"about":[{"href":"https:\/\/pp.ladivulgation.fr\/index.php?rest_route=\/wp\/v2\/types\/page"}],"author":[{"embeddable":true,"href":"https:\/\/pp.ladivulgation.fr\/index.php?rest_route=\/wp\/v2\/users\/1"}],"replies":[{"embeddable":true,"href":"https:\/\/pp.ladivulgation.fr\/index.php?rest_route=%2Fwp%2Fv2%2Fcomments&post=6623"}],"version-history":[{"count":7,"href":"https:\/\/pp.ladivulgation.fr\/index.php?rest_route=\/wp\/v2\/pages\/6623\/revisions"}],"predecessor-version":[{"id":8333,"href":"https:\/\/pp.ladivulgation.fr\/index.php?rest_route=\/wp\/v2\/pages\/6623\/revisions\/8333"}],"wp:attachment":[{"href":"https:\/\/pp.ladivulgation.fr\/index.php?rest_route=%2Fwp%2Fv2%2Fmedia&parent=6623"}],"curies":[{"name":"wp","href":"https:\/\/api.w.org\/{rel}","templated":true}]}}