{"id":6624,"date":"2023-05-30T13:31:49","date_gmt":"2023-05-30T13:31:49","guid":{"rendered":"https:\/\/pp.ladivulgation.fr\/?page_id=6624"},"modified":"2025-09-01T14:06:50","modified_gmt":"2025-09-01T14:06:50","slug":"fab-5-structurer-par-la-dynamisation","status":"publish","type":"page","link":"https:\/\/pp.ladivulgation.fr\/?page_id=6624","title":{"rendered":"FAB 5 &#8211; STRUCTURER par la Dynamisation"},"content":{"rendered":"\n<p>La structuration de l\u2019eau est une nouvelle \u00e9tape dans mon processus et cela depuis d\u00e9cembre 2017. Je ne sais plus comment c\u2019est venu \u00e0 moi sauf que \u00e7a co\u00fbte une blinde. J\u2019ai donc pris sur moi car, en v\u00e9rit\u00e9, il n\u2019y a pas de prix pour combler mes nombreux d\u00e9ficits d\u00fbs \u00e0 une augmentation de fr\u00e9quence apocalyptique.<\/p>\n\n\n\n<p>Donc, une fois l\u2019achat effectu\u00e9 j\u2019ai repris mes grosses habitudes de laborantin mod\u00e8le et tout \u00e7a sous l\u2019\u0153il tr\u00e8s attentif de notre shaman de l\u2019Un-Visible. Tout ce que je me souviens c\u2019est du coup de barre monumental que je me suis pris derri\u00e8re les oreilles tant cette nouvelle op\u00e9ration est exceptionnelle.<\/p>\n\n\n\n<p>Ce n\u2019est qu\u2019au fil du temps (apr\u00e8s m\u2019\u00eatre remis du contraste initial) que j\u2019ai pu commencer les diff\u00e9rents essais et trouver enfin la meilleure configuration et c\u2019est celle dont je vous parlerai aujourd\u2019hui.<\/p>\n\n\n\n<p>Bien \u00e9videmment, je continue d\u2019essayer des variantes mais cela rel\u00e8ve du 1%. Donc avant d\u2019aller dans le d\u00e9tail, il faut comprendre que la restructuration de l\u2019eau (redonner une g\u00e9om\u00e9trie \u00e0 l\u2019eau) \u00e9tait loin de mon imagination.<\/p>\n\n\n\n<p>C\u2019est donc en causant copieusement avec mon shaman de l\u2019Un-Visible que j\u2019ai pu comprendre que l\u2019eau, elle aussi, s\u2019\u00e9tait fait plier \u00e0 l\u2019image de nos v\u00e9hicules de manifestation. L\u2019aspect cristallin a \u00e9t\u00e9 totalement d\u00e9truit par l\u2019involution car, je le rappelle, on est des sacs de flotte\u2026<\/p>\n\n\n\n<p>Donc pour affaiblir l\u2019homme et l\u2019emmener dans les basses fr\u00e9quence, il a fallu corrompre l\u2019\u00e9l\u00e9ment cl\u00e9 qui le constitue et qui, de plus, est l\u2019\u00e9l\u00e9ment cl\u00e9 transmetteur de l\u2019information dans la mati\u00e8re.<\/p>\n\n\n\n<p>Comme pour tout, on y a tr\u00e8s bien r\u00e9ussi puisqu\u2019il n\u2019existe plus aucune eau \u00e0 la surface de la Terre qui soit des origines. M\u00eame les eaux dites miraculeuses ou exceptionnelles sont de petites envergures par rapport \u00e0 l\u2019original.<\/p>\n\n\n\n<p>Bien \u00e9videmment, \u00e0 l\u2019image des langues parl\u00e9es, plus le temps \u00e0 passer et plus cela a \u00e9t\u00e9 le bordel. On en est aujourd\u2019hui arriv\u00e9 \u00e0 une cacophonie si criante et criarde \u00e0 propos de l\u2019eau injustement appel\u00e9e \u201cpure\u201d qu\u2019il en deviendrait presque vrai qu\u2019apr\u00e8s l\u2019accouchement, la m\u00e8re dise qu\u2019elle est encore vierge\u2026<\/p>\n\n\n\n<p>Bref, la restructuration de l\u2019eau se fait par un appareil \u00e9lectrique qui fait comme une \u00e9lectrolyse entre des \u00e9lectrodes de diff\u00e9rents m\u00e9taux (et autres mat\u00e9riaux) et un bloc conducteur.<\/p>\n\n\n\n<p>L\u2019info cl\u00e9 \u00e0 comprendre est qu\u2019il n\u2019y a aucun d\u00e9p\u00f4t de m\u00e9tal (ou autre) dans l\u2019eau mais plut\u00f4t une r\u00e9information de l\u2019eau. Ainsi les \u00e9lectrodes ne s\u2019usent pas par principe si elles sont en m\u00e9tal mais par contre celles qui ne sont pas en m\u00e9tal peuvent effectivement avoir une dur\u00e9e de vie.<\/p>\n\n\n\n<p>De par ce principe et sans s\u2019appuyer sur la bible de quelle \u00e9lectrode qui fait quoi (sous peine de tomber dans le travers du toubib qui veut tout soigner), on d\u00e9couvre les bienfaits de cette m\u00e9thode en observant tous les bienfaits que cela nous fait sur nous-m\u00eames.<\/p>\n\n\n\n<p>Globalement chaque \u00e9lectrode est en relation avec une grille de Terre-M\u00e8re. Ainsi en redonnant \u00e0 l\u2019eau une information aussi capitale, on se retrouve \u00e0 \u00eatre encore plus en contact avec Terre-M\u00e8re. Ce faisant notre v\u00e9hicule physique (et probablement d\u2019autres corps) retrouve la communication avec Terre-M\u00e8re et cela prend tout son sens quand on sait que ce sera via notre corps physique que la seule sortie du jeu de l\u2019involution est possible.<\/p>\n\n\n\n<figure class=\"wp-block-video\"><video controls src=\"https:\/\/files.ladivulgation.fr\/video\/pp\/PP_024_Dynamisation.mp4\"><\/video><\/figure>\n\n\n\n<p>Il est \u00e9vident que le co\u00fbt d\u2019achat de ce dynamiseur est prohibitif et le vendeur a bloqu\u00e9 toute possibilit\u00e9 de remise aux revendeurs. Ainsi o\u00f9 que vous l\u2019achetiez, ce sera invariablement le m\u00eame prix. Cependant, en passant par notre site, vous nous aiderez bien plus qu\u2019en passant par Amazon ou autre car gr\u00e2ce \u00e0 la petite marge donn\u00e9e on pourra commercialiser de nouvelles \u00e9lectrodes in\u00e9dites.<\/p>\n\n\n\n<p>En effet, le prix des \u00e9lectrodes suppl\u00e9mentaires (hors du pack de base) est assez exorbitant et nous avons trouv\u00e9 les fili\u00e8res qui nous permettront de faire \u00e0 l\u2019identique mais \u00e0 des prix absolument hors concurrence tout en commercialisant d\u2019autres \u00e9lectrodes de notre cru.<\/p>\n\n\n\n<p>H\u00e9 oui, \u0153uvrer avec l\u2019Un-Visible donne des avantages consid\u00e9rables quant \u00e0 l\u2019efficacit\u00e9 et l\u2019efficience des \u00e9lectrodes \u00e0 utiliser. Ce domaine laisse encore beaucoup \u00e0 explorer et nous nous y employons.<\/p>\n\n\n\n<p>En r\u00e9sum\u00e9, cette restructuration de l\u2019eau (aussi appel\u00e9e dynamisation) permet \u00e0 l\u2019eau de retrouver une partie de ses qualit\u00e9s originelles, ce qui fait dire \u00e0 nos amis de l\u2019Un-Visible que nous d\u00e9tenons enfin une eau vivante qui vaut largement l\u2019eau de Quinton.<\/p>\n\n\n\n<p>Dit autrement, cet appareil permet quasiment de cr\u00e9er de l\u2019eau de Quinton (dans ses propri\u00e9t\u00e9s) sans que ce soit de l\u2019eau de mer. Comprenez donc que c\u2019est un pas de g\u00e9ant qui prend encore plus de sens avec les 2 autres op\u00e9rations \u00e0 suivre qui sont \u201cbooster\u201d et \u201cioniser\u201d.<\/p>\n\n\n\n<p>A terme indicatif, il faut compter 1 heure pour dynamiser un bocal de 3L. En gros il faut compter 20 mn par litre.<\/p>\n\n\n\n<p>Compte tenu du prix \u00e9lev\u00e9 de cet appareil, nous avons conclu des accords de facilit\u00e9 avec le fabricant directement. Nous vous recommandons donc de passer par nous dans tous les cas car d&rsquo;autres avantages seront possibles si justement nous arrivons \u00e0 concentrer tous nos achats avec ce fabricant.<\/p>\n\n\n\n<p>Prenez donc contact en allant sur <a href=\"https:\/\/shop.eau2p.fr\/\" data-type=\"link\" data-id=\"https:\/\/shop.eau2p.fr\/\">ce lien<\/a> et on pourra vous dire les facilit\u00e9s que nous avons n\u00e9goci\u00e9s. Je rappelle que le prix de vente est identique \u00e0 tous les revendeurs y compris Amazon alors inutile d&rsquo;aller chercher ailleurs car vous n&rsquo;aurez aucun gain suppl\u00e9mentaire sauf celui d&rsquo;affaiblir la communaut\u00e9 des Petits Poucets pour l&rsquo;achat de d&rsquo;autres options qui actuellement co\u00fbtent la peau des fesses.<\/p>\n\n\n\n<p>C&rsquo;est le regroupement des commandes qui fera la force et non en faisant du chacun pour soi. Merci de votre compr\u00e9hension.<\/p>\n\n\n\n<p>&#8212;&#8212;&#8212;&#8212;&#8212;&#8212;&#8212;&#8212;&#8212;&#8212;&#8212;&#8212;&#8212;&#8212;&#8212;&#8212;&#8212;&#8212;&#8212;&#8212;&#8211;<\/p>\n\n\n\n<p><strong><span style=\"color: #ff00ff;\"> Rajout 1<\/span><\/strong> : Comme il n&rsquo;y a pas transfert atomique mais seulement informationnel, aucune \u00e9lectrode ne s&rsquo;use. Il n&rsquo;y a donc aucun remplacement \u00e0 pr\u00e9voir. Cependant, ne laissez jamais tremper en permanence l&rsquo;\u00e9lectrode en magn\u00e9sium car au fil du temps elle se d\u00e9sagr\u00e8ge.<\/p>\n\n\n\n<p><strong><span style=\"color: #ff00ff;\">Rajout 2<\/span><\/strong> : Pour avoir une eau de Quinton la plus compl\u00e8te possible, il faut mettre toutes les \u00e9lectrodes en m\u00eame temps.<\/p>\n\n\n\n<p><strong><span style=\"color: #ff00ff;\">Rajout 3<\/span><\/strong> : Inutile de vouloir acheter tout de suite des \u00e9lectrodes suppl\u00e9mentaires tant que vous n&rsquo;avez pas int\u00e9gr\u00e9 les 19 qui sont livr\u00e9es en standard !<\/p>\n\n\n\n<p><strong><span style=\"color: #ff00ff;\">Rajout 4<\/span><\/strong> : Certaines \u00e9lectrodes sont dans un petit sachet retenu par un petit fil en inox. Pour les faire tremper (et alimenter), il suffit de tordre le haut du fil autour d&rsquo;une ou plusieurs \u00e9lectrodes rigides.<\/p>\n","protected":false},"excerpt":{"rendered":"<p>La structuration de l\u2019eau est une nouvelle \u00e9tape dans mon processus et cela depuis d\u00e9cembre 2017. Je ne sais plus comment c\u2019est venu \u00e0 moi sauf que \u00e7a co\u00fbte une blinde. J\u2019ai donc pris sur moi car, en v\u00e9rit\u00e9, il n\u2019y a pas de prix pour combler mes nombreux d\u00e9ficits d\u00fbs \u00e0 une augmentation de [&hellip;]<\/p>\n","protected":false},"author":1,"featured_media":0,"parent":0,"menu_order":0,"comment_status":"closed","ping_status":"closed","template":"","meta":{"footnotes":""},"class_list":["post-6624","page","type-page","status-publish","hentry"],"_links":{"self":[{"href":"https:\/\/pp.ladivulgation.fr\/index.php?rest_route=\/wp\/v2\/pages\/6624","targetHints":{"allow":["GET"]}}],"collection":[{"href":"https:\/\/pp.ladivulgation.fr\/index.php?rest_route=\/wp\/v2\/pages"}],"about":[{"href":"https:\/\/pp.ladivulgation.fr\/index.php?rest_route=\/wp\/v2\/types\/page"}],"author":[{"embeddable":true,"href":"https:\/\/pp.ladivulgation.fr\/index.php?rest_route=\/wp\/v2\/users\/1"}],"replies":[{"embeddable":true,"href":"https:\/\/pp.ladivulgation.fr\/index.php?rest_route=%2Fwp%2Fv2%2Fcomments&post=6624"}],"version-history":[{"count":5,"href":"https:\/\/pp.ladivulgation.fr\/index.php?rest_route=\/wp\/v2\/pages\/6624\/revisions"}],"predecessor-version":[{"id":8335,"href":"https:\/\/pp.ladivulgation.fr\/index.php?rest_route=\/wp\/v2\/pages\/6624\/revisions\/8335"}],"wp:attachment":[{"href":"https:\/\/pp.ladivulgation.fr\/index.php?rest_route=%2Fwp%2Fv2%2Fmedia&parent=6624"}],"curies":[{"name":"wp","href":"https:\/\/api.w.org\/{rel}","templated":true}]}}