{"id":6625,"date":"2023-05-30T13:32:28","date_gmt":"2023-05-30T13:32:28","guid":{"rendered":"https:\/\/pp.ladivulgation.fr\/?page_id=6625"},"modified":"2025-09-01T14:07:34","modified_gmt":"2025-09-01T14:07:34","slug":"fab-6-booster-via-le-booster","status":"publish","type":"page","link":"https:\/\/pp.ladivulgation.fr\/?page_id=6625","title":{"rendered":"FAB 6 &#8211; BOOSTER via le Booster"},"content":{"rendered":"\n<p>Rien de neuf dans cette \u00e9tape sinon que j\u2019en ai trouv\u00e9 2 utilisations bien distinctes : 1) l\u2019augmentation de puissance de l\u2019eau de r\u00e9f\u00e9rence et 2) l\u2019augmentation de l\u2019eau dynamis\u00e9e.<\/p>\n\n\n\n<p>En effet, augmenter l\u2019eau de consommation directement \u00e0 partir du booster n\u2019est pas une op\u00e9ration hyper efficace et de plus \u00e7a demande au LAU beaucoup de travail \u00e0 faire quotidiennement. Je vais donc vous livrer ma m\u00e9thode.<\/p>\n\n\n\n<p><strong><u>1) Augmenter la puissance de l\u2019eau de r\u00e9f\u00e9rence<\/u><\/strong><\/p>\n\n\n\n<p>Par l\u2019observation, j\u2019ai d\u00e9couvert que la puissance apport\u00e9e par le booster \u00e0 l\u2019eau de r\u00e9f\u00e9rence est maximale quand je vais utiliser cette derni\u00e8re pour faire une nouvelle tourn\u00e9e d\u2019eau encod\u00e9e.<\/p>\n\n\n\n<p>Donc \u00e0 chaque fois que je vais faire une dilution de mon eau de r\u00e9f\u00e9rence, je la passe d\u2019abord dans le booster. Ensuite je dilue pour r\u00e9cup\u00e9rer l\u2019eau de consommation et je laisse ensuite ensuite mon eau de r\u00e9f\u00e9rence marin\u00e9 avec les cailloux jusqu\u2019\u00e0 la prochaine fois.<\/p>\n\n\n\n<p><strong><u>2) Augmenter la puissance du code de l\u2019eau dynamis\u00e9e<br><\/u><\/strong>Cette op\u00e9ration quotidienne se fait avec 2 boosters que j\u2019utilise alternativement afin de ne pas fatiguer de trop le LAU en action. J\u2019utilise un bocal d\u20191,5 litre car cela correspond \u00e0 notre consommation d\u2019eau vortex\u00e9e chaque jour.<\/p>\n\n\n\n<p>Comme il est pr\u00e9f\u00e9rable de laisser 2 bonnes heures pour que le boostage soit efficace, je fais cette op\u00e9ration juste avant le repas du soir afin que l\u2019eau soit disponible vers 23h en moyenne.<\/p>\n\n\n\n<p>C\u2019est donc vers ce moment-l\u00e0, que je la mets au vortexage pour une dur\u00e9e de 24h soit jusqu\u2019au lendemain o\u00f9 je recommencerai la m\u00eame op\u00e9ration et ainsi de suite.<\/p>\n\n\n\n<p>Pour fabriquer un booster, il vous faudra un bocal avec couvercle, du scotch et les spirales que vous <a href=\"https:\/\/shop.eau2p.fr\/\" data-type=\"link\" data-id=\"https:\/\/shop.eau2p.fr\/\">trouverez ici<\/a>.<\/p>\n\n\n\n<figure class=\"wp-block-video\"><video controls src=\"https:\/\/files.ladivulgation.fr\/video\/pp\/PP_025_Booster_eau.mp4\"><\/video><\/figure>\n","protected":false},"excerpt":{"rendered":"<p>Rien de neuf dans cette \u00e9tape sinon que j\u2019en ai trouv\u00e9 2 utilisations bien distinctes : 1) l\u2019augmentation de puissance de l\u2019eau de r\u00e9f\u00e9rence et 2) l\u2019augmentation de l\u2019eau dynamis\u00e9e. En effet, augmenter l\u2019eau de consommation directement \u00e0 partir du booster n\u2019est pas une op\u00e9ration hyper efficace et de plus \u00e7a demande au LAU beaucoup [&hellip;]<\/p>\n","protected":false},"author":1,"featured_media":0,"parent":0,"menu_order":0,"comment_status":"closed","ping_status":"closed","template":"","meta":{"footnotes":""},"class_list":["post-6625","page","type-page","status-publish","hentry"],"_links":{"self":[{"href":"https:\/\/pp.ladivulgation.fr\/index.php?rest_route=\/wp\/v2\/pages\/6625","targetHints":{"allow":["GET"]}}],"collection":[{"href":"https:\/\/pp.ladivulgation.fr\/index.php?rest_route=\/wp\/v2\/pages"}],"about":[{"href":"https:\/\/pp.ladivulgation.fr\/index.php?rest_route=\/wp\/v2\/types\/page"}],"author":[{"embeddable":true,"href":"https:\/\/pp.ladivulgation.fr\/index.php?rest_route=\/wp\/v2\/users\/1"}],"replies":[{"embeddable":true,"href":"https:\/\/pp.ladivulgation.fr\/index.php?rest_route=%2Fwp%2Fv2%2Fcomments&post=6625"}],"version-history":[{"count":4,"href":"https:\/\/pp.ladivulgation.fr\/index.php?rest_route=\/wp\/v2\/pages\/6625\/revisions"}],"predecessor-version":[{"id":8336,"href":"https:\/\/pp.ladivulgation.fr\/index.php?rest_route=\/wp\/v2\/pages\/6625\/revisions\/8336"}],"wp:attachment":[{"href":"https:\/\/pp.ladivulgation.fr\/index.php?rest_route=%2Fwp%2Fv2%2Fmedia&parent=6625"}],"curies":[{"name":"wp","href":"https:\/\/api.w.org\/{rel}","templated":true}]}}