{"id":6626,"date":"2023-05-30T13:33:01","date_gmt":"2023-05-30T13:33:01","guid":{"rendered":"https:\/\/pp.ladivulgation.fr\/?page_id=6626"},"modified":"2025-09-01T14:10:30","modified_gmt":"2025-09-01T14:10:30","slug":"fab-7-ioniser-par-vortexage","status":"publish","type":"page","link":"https:\/\/pp.ladivulgation.fr\/?page_id=6626","title":{"rendered":"FAB 7 &#8211; IONISER par Vortexage"},"content":{"rendered":"\n<p>Cette action de ionisation a pour objectif de d\u00e9multiplier \u00e9lectro-chimiquement l\u2019action de l\u2019eau. Cette op\u00e9ration se fait par l\u2019action du vortexage qui consiste \u00e0 cr\u00e9er un vortex rapide au sein d\u2019un contenant adapt\u00e9 pendant une longue p\u00e9riode.<\/p>\n\n\n\n<p>En effet beaucoup de marchands du temple vous vendent les m\u00e9rites d\u2019un vortexage de l\u2019eau par moult m\u00e9thodes et techniques qui, au final, ne sont que pipi de chat en termes d\u2019efficacit\u00e9.<\/p>\n\n\n\n<p>H\u00e9 oui, penser que votre eau est vortex\u00e9e quand elle passe dans un tuyau en forme de spirale sur quelques dizaines de cm et en 1 seconde rel\u00e8ve de la plaisanterie en termes de puissance. Il en est de m\u00eame pour les appareils qui tournent quelques minutes \u00e0 pleine puissance. C\u2019est efficace si vous buvez l\u2019eau dans la minute qui suit car apr\u00e8s c\u2019est retour \u00e0 la case d\u00e9part.<\/p>\n\n\n\n<p>Il faut donc r\u00e9unir deux conditions minimales pour obtenir quelque chose d\u2019efficace :<br>1) Un vrai vortex qui tourne sur lui-m\u00eame ayant une vitesse et une profondeur maximale<br>2) Une dur\u00e9e de vortexage maximale correspondant \u00e0 3 ou 4 fois la p\u00e9riode que vous mettrez pour la boire.<\/p>\n\n\n\n<p>Dit autrement, si vous devez boire votre eau vortex\u00e9e sur une p\u00e9riode d\u20191 heure, il vous faudra la vortexer 3 \u00e0 4 heures tout en sachant qu\u2019au bout d\u2019une heure elle aura perdue au moins 1\/3 de sa puissance\u2026<\/p>\n\n\n\n<p>Aussi, la vraie question est la suivante : Quand faut-il boire de l\u2019eau vortex\u00e9e ? La r\u00e9ponse est hyper claire : quand vous \u00eates au repos physiquement\u2026<\/p>\n\n\n\n<p>En effet, boire de l\u2019eau fortement ionis\u00e9e permet un d\u00e9crassage du corps sans pareil. Son action est donc maximale quand vous \u00eates au repos musculairement parlant car elle permet d\u2019aller loin \u00e0 l\u2019int\u00e9rieur des cellules.<\/p>\n\n\n\n<p>Par contre, si vous buvez de cette eau alors que vous \u00eates en train de faire des travaux physiques, elle n\u2019aura pas le temps de faire une action profonde puisqu\u2019elle sera utilis\u00e9e de suite.<\/p>\n\n\n\n<p>Dit autrement, c\u2019est comme pour un produit d\u00e9capant : si vous l\u2019utilisez avec de l\u2019eau courante, le produit fera un nettoyage de surface mais si vous laissez tremper dedans cela ira chercher dans les recoins.<\/p>\n\n\n\n<p>Voil\u00e0 pourquoi je ne bois de l\u2019eau vortex\u00e9e qu\u2019avant de me coucher et pendant la nuit car c\u2019est l\u00e0 que \u00e7a va donner son maximum&nbsp; d\u2019efficacit\u00e9. C\u2019est donc en fonction de votre capacit\u00e9 d\u2019ingurgitation que vous devez pr\u00e9parer votre eau vortex\u00e9e.<\/p>\n\n\n\n<p>Inutile donc d\u2019en pr\u00e9parer beaucoup mais faites en sorte qu\u2019elle soit maxi puissante d\u2019o\u00f9 ma m\u00e9thode de laisser tourner le vortexeur 24 heures. Ainsi je m\u2019assure que m\u00eame si je finis la bouteille au petit matin, elle sera encore au 3\/4 de sa patate.<\/p>\n\n\n\n<p>Compte tenu de cela il est vrai que toutes les techniques de vortexages vendues sur le march\u00e9 son absolument cacahu\u00e8tes compar\u00e9 \u00e0 ma technique. C\u2019est \u00e0 l\u2019image de la comparaison d\u2019un osmoseur avec un filtre \u00e0 caf\u00e9\u2026 Ya vraiment pas photo !<\/p>\n\n\n\n<p><strong><u>Choix du vortexeur<\/u><\/strong><br>C\u2019est l\u00e0 que le b\u00e2t blesse car peu de vortexeurs peuvent tenir dans la dur\u00e9e. J\u2019ai essay\u00e9 autant les vortexeurs professionnels de laboratoire que ceux bricoler par des particuliers. Il y en a qui tiennent le coup mais \u00e7a rel\u00e8ve du loto car il peut tenir longtemps ou \u00eatre mort au bout d\u2019une semaine.<\/p>\n\n\n\n<p>La tenue dans le temps est le probl\u00e8me n\u00b01 mais ce n\u2019est pas le seul car le second est le bruit.<\/p>\n\n\n\n<p>En effet, nous n\u2019avons pas tous un local \u00e0 l\u2019ext\u00e9rieur de la maison et vivre avec un truc qui fait un boucan certain \u00e7a use \u00e0 la longue. Donc le second crit\u00e8re est le bruit g\u00e9n\u00e9r\u00e9 pendant que \u00e7a tourne.<\/p>\n\n\n\n<p>Le 3\u00e8me crit\u00e8re est la vitesse de rotation car il y a vortex balaise et vortex faiblard. Celle-ci d\u00e9pendra donc du volume d\u2019eau \u00e0 vortexer, de la forme du contenant qui agira sur la taille du barreau magn\u00e9tique d\u00e9pendant lui-m\u00eame de la force des aimants de l\u2019appareil qui entraine \u00e0 son tour la probl\u00e9matique de la puissance du moteur.<\/p>\n\n\n\n<p>En gros, il n\u2019y a pas une solution universelle mais plut\u00f4t \u00e0 trouver des solutions selon chaque configuration prenant en compte les \u00e9l\u00e9ments suivants : quantit\u00e9 d\u2019eau \u00e0 vortexer, forme du contenant, taille du barreau, force des aimants, vitesse de rotation maximale et puissance du moteur.<\/p>\n\n\n\n<p>Voil\u00e0 pourquoi il n\u2019est pas simple de fabriquer un vortexeur bien que dans le principe c\u2019est simple. Et puis enfin, l\u2019argument final reste le prix\u2026<\/p>\n\n\n\n<p>L\u2019exp\u00e9rience m\u2019a apport\u00e9 que celui-ci n\u2019a rien \u00e0 voir avec la qualit\u00e9 ou la fiabilit\u00e9 du mat\u00e9riel. Un appareil cher flinguera tout aussi facilement que celui vendu au quart du prix.<\/p>\n\n\n\n<p>Donc, suite \u00e0 mes quelques ann\u00e9es de pratique et selon mes utilisations de base (24\/24, 365\/365), je ne compte plus le nombre de matos qui a rendu l\u2019\u00e2me. J\u2019ai donc acquis une solide exp\u00e9rience dans le domaine car j\u2019ai achet\u00e9 quasiment tout ce qui pouvait se vendre en la mati\u00e8re avec un prix abordable (moins de 200\u20ac l\u2019unit\u00e9).<\/p>\n\n\n\n<p>Cela ne m\u2019a pas emp\u00each\u00e9 d\u2019en fabriquer moi-m\u00eame, du 1er mod\u00e8le que vous connaissez \u00e0 tous ceux dont je n\u2019ai jamais parl\u00e9 (ventilateur d\u2019ordi, petits moteurs \u00e9lectriques de jouets, etc\u2026) qui m\u2019ont demand\u00e9 d\u2019acheter des imprimantes 3D\u2026<\/p>\n\n\n\n<p>La liste des cadavres est longue et la musique continue car d\u2019autres Petits Poucets ont eux aussi fait des essais et, au final, on va arriver \u00e0 faire quelque chose qui n\u2019existe pas sur le march\u00e9 et qui va vraiment r\u00e9volutionn\u00e9 l\u2019eau ionis\u00e9e produite. Les essais sont prometteurs mais on n\u2019en n\u2019est pas encore au produit fini vendable\u2026 \u00c7a prendra le temps que \u00e7a prendra !<\/p>\n\n\n\n<p>En attendant, nous avons trouv\u00e9 la perle rare pouvant brasser 1,6 L d\u2019eau sans bruit pendant des semaines sans s\u2019arr\u00eater car travaillant seulement \u00e0 moiti\u00e9 de sa puissance d\u2019o\u00f9 son exceptionnelle r\u00e9sistance \u00e0 l\u2019usure.<\/p>\n\n\n\n<p>Mis en couple avec un contenant absolument parfait pour le vortexage : fond plat, pas \u00e9pais, cylindre vertical sur toute la hauteur (pas de r\u00e9tr\u00e9cissement comme sur les bouteilles), bouchon herm\u00e9tique (\u00e9tanche et surtout anti-bruit), ce vortexeur est au tiers du prix normal d\u2019un vortexeur de labo\u2026<\/p>\n\n\n\n<p>Bref, j\u2019ai mis tous mes pr\u00e9c\u00e9dents vortexeurs \u00e0 la retraite tant ce dernier les d\u00e9passe haut la main. Rien que son silence est d\u00e9j\u00e0 suffisant pour virer tous les autres\u2026<\/p>\n\n\n\n<p>En r\u00e9sum\u00e9, <span style=\"color: #ff00ff;\"><strong>l\u2019eau vortex\u00e9e n\u2019est pas \u00e0 produire en grande quantit\u00e9 ni \u00e0 boire tout le long de la journ\u00e9e. C\u2019est une th\u00e9rapie tr\u00e8s cibl\u00e9e<\/strong><\/span> pour aller nettoyer l\u00e0 o\u00f9 il est impossible de le faire par les autres m\u00e9thodes. C\u2019est pour faire du d\u00e9crassage fin dans le style du d\u00e9grippant sur machine compl\u00e8tement rouill\u00e9e.<\/p>\n\n\n\n<p>Pour ce faire, la qualit\u00e9 de l\u2019eau elle-m\u00eame doit \u00eatre pouss\u00e9e \u00e0 fond :<\/p>\n\n\n\n<ul class=\"wp-block-list\">\n<li>chimiquement (aucune pollution = on a vir\u00e9 tout ce qui n\u2019est pas d\u00e9sirable via l\u2019osmoseur),<\/li>\n\n\n\n<li>m\u00e9caniquement (les mol\u00e9cules les plus fines possibles et aucun cluster via l\u2019osmoseur et le vortexage),<\/li>\n\n\n\n<li>informationnellement (encodage 3C2P + codes grilles de Terre-M\u00e8re = eau de r\u00e9f\u00e9rence + restructuration + boostage),<\/li>\n\n\n\n<li>\u00e9nerg\u00e9tiquement (puissance maximale = eau de r\u00e9f\u00e9rence + boostage + vortexage) et<\/li>\n\n\n\n<li>activement (ionisation maximale = capacit\u00e9 de p\u00e9n\u00e9tration \u00e9lectrochimique maximale).<\/li>\n<\/ul>\n\n\n\n<p>On comprend donc qu\u2019avec tout \u00e7a, il n\u2019est pas forc\u00e9ment bon d\u2019en boire 5 litres par jour\u2026 L\u2019objectif n\u2019est pas d\u2019y aller fort pendant quelques jours mais d\u2019y aller tous les jours un peu (et suffisamment) pendant notre p\u00e9riode de repos o\u00f9 justement on n\u2019est pas dans l\u2019action physique et que l\u2019on visite les autres mondes.<\/p>\n\n\n\n<p>Bref, boire de l\u2019eau vortex\u00e9e est un traitement de fond hautement appr\u00e9ci\u00e9 par notre corps physique quand il est justement en mode de r\u00e9paration et que notre mental-\u00e9go ne vient pas foutre le bordel parce que justement il est off&#8230;<\/p>\n\n\n\n<figure class=\"wp-block-video\"><video controls src=\"https:\/\/files.ladivulgation.fr\/video\/pp\/PP_026_Ionisation.mp4\"><\/video><\/figure>\n\n\n\n<p><strong><span style=\"color: #ff00ff;\">Rajout 1<\/span><\/strong> :La vitesse du barreau magn\u00e9tique est r\u00e9glable par le bouton du vortexeur. Pour trouver le r\u00e9glage optimale suivez ces instructions :<br>1) La vitesse maximale sera atteinte quand le barreau magn\u00e9tique vient \u00e0 d\u00e9crocher. Donc, remplissez votre r\u00e9cipient avec l&rsquo;eau que vous d\u00e9sirez vortexer et commencez pas mettre une vitesse \u00e0 1\/3.<br>2) Attendez que le vortex se fabrique puis quand c&rsquo;est stabilis\u00e9, augmentez progressivement jusqu&rsquo;\u00e0 que le barreau magn\u00e9tique d\u00e9croche. A ce moment-l\u00e0 vous savez que vous ne pouvez pas aller plus loin. Dans ce cas, mettez une vitesse l\u00e9g\u00e8rement inf\u00e9rieure afin d&rsquo;\u00eatre s\u00fbr qu&rsquo;il ne d\u00e9crochera pas quand vous aurez le dos tourn\u00e9.<\/p>\n\n\n\n<p><strong><span style=\"color: #ff00ff;\">Rajout 2<\/span><\/strong> : Faites en sorte, s&rsquo;il n&rsquo;y a pas beaucoup de liquide \u00e0 brasser, que le vortex ne vienne toucher le barreau magn\u00e9tique d&rsquo;une mani\u00e8re importance pour les raisons suivantes :<br>1) Cela fait battre en neige le liquide et ce n&rsquo;est pas ce qui est demand\u00e9.<br>2) Cela augmente consid\u00e9rablement le bruit du vortexeur<br>3) Le moteur du vortexeur n&rsquo;\u00e9tant plus en totale prise (la r\u00e9sistance \u00e0 l&rsquo;avancement sera moindre) entrainera des variations de courant pouvant entrainer une usure pr\u00e9matur\u00e9e de votre vortexeur. Or, comme cet appareil arrive directement de Chine aucun \u00e9change de garantie n&rsquo;est donn\u00e9 tout en sachant que vous \u00eates le fautif dans l&rsquo;affaire.<\/p>\n\n\n\n<p><\/p>\n","protected":false},"excerpt":{"rendered":"<p>Cette action de ionisation a pour objectif de d\u00e9multiplier \u00e9lectro-chimiquement l\u2019action de l\u2019eau. Cette op\u00e9ration se fait par l\u2019action du vortexage qui consiste \u00e0 cr\u00e9er un vortex rapide au sein d\u2019un contenant adapt\u00e9 pendant une longue p\u00e9riode. En effet beaucoup de marchands du temple vous vendent les m\u00e9rites d\u2019un vortexage de l\u2019eau par moult m\u00e9thodes [&hellip;]<\/p>\n","protected":false},"author":1,"featured_media":0,"parent":0,"menu_order":0,"comment_status":"closed","ping_status":"closed","template":"","meta":{"footnotes":""},"class_list":["post-6626","page","type-page","status-publish","hentry"],"_links":{"self":[{"href":"https:\/\/pp.ladivulgation.fr\/index.php?rest_route=\/wp\/v2\/pages\/6626","targetHints":{"allow":["GET"]}}],"collection":[{"href":"https:\/\/pp.ladivulgation.fr\/index.php?rest_route=\/wp\/v2\/pages"}],"about":[{"href":"https:\/\/pp.ladivulgation.fr\/index.php?rest_route=\/wp\/v2\/types\/page"}],"author":[{"embeddable":true,"href":"https:\/\/pp.ladivulgation.fr\/index.php?rest_route=\/wp\/v2\/users\/1"}],"replies":[{"embeddable":true,"href":"https:\/\/pp.ladivulgation.fr\/index.php?rest_route=%2Fwp%2Fv2%2Fcomments&post=6626"}],"version-history":[{"count":5,"href":"https:\/\/pp.ladivulgation.fr\/index.php?rest_route=\/wp\/v2\/pages\/6626\/revisions"}],"predecessor-version":[{"id":8338,"href":"https:\/\/pp.ladivulgation.fr\/index.php?rest_route=\/wp\/v2\/pages\/6626\/revisions\/8338"}],"wp:attachment":[{"href":"https:\/\/pp.ladivulgation.fr\/index.php?rest_route=%2Fwp%2Fv2%2Fmedia&parent=6626"}],"curies":[{"name":"wp","href":"https:\/\/api.w.org\/{rel}","templated":true}]}}