{"id":6627,"date":"2023-05-30T13:34:04","date_gmt":"2023-05-30T13:34:04","guid":{"rendered":"https:\/\/pp.ladivulgation.fr\/?page_id=6627"},"modified":"2025-06-13T04:47:18","modified_gmt":"2025-06-13T04:47:18","slug":"cgev-calendrier-perpetuel","status":"publish","type":"page","link":"https:\/\/pp.ladivulgation.fr\/?page_id=6627","title":{"rendered":"CGEV &#8211; Calendrier perp\u00e9tuel"},"content":{"rendered":"\n<p>Voici les dates pr\u00e9visibles pour les guidances du CGEV. Il est donc conseill\u00e9 de bloquer ces dates dans vos agendas afin de ne pas \u00eatre surpris lorsque cela arrivera. Rappelez-vous, elle ne se font jamais pendant le jour m\u00eame.<\/p>\n\n\n\n<p class=\"has-text-align-center\"><span style=\"font-size: 14pt;\"><strong><span style=\"color: #ff0000;\">Les guidances se font<br><span style=\"font-size: 18pt;\">TOUJOURS<\/span> <span style=\"color: #ff00ff; font-size: 18pt;\">LA VEILLE<\/span><br>des dates officielles<\/span> <span style=\"color: #ff0000;\">des solstices et \u00e9quinoxes<br><span style=\"color: #000000; font-size: 18pt;\">\u00e0 21h00<\/span><br>(heure de Paris, France).<\/span><\/strong> <\/span><\/p>\n\n\n\n<p>Par principe, c&rsquo;est \u00e0 21h00 pour le fuseau horaire de Paris. Pour les autres fuseaux horaires essayez de faire en sorte que vous fassiez votre s\u00e9ance simultan\u00e9ment car l&rsquo;exp\u00e9rience sera plus forte. Un d\u00e9calage peut se faire de quelques heures mais au-del\u00e0 de 6 heures ce sera plus faible mais pass\u00e9 12 h vous serez \u00e0 la moiti\u00e9 des possibilit\u00e9s.<\/p>\n\n\n\n<p>Et puis comme certains oublie que c&rsquo;est la veille et qu&rsquo;ils croient que c&rsquo;est le jour m\u00eame, c&rsquo;est encore possible mais alors faites-l\u00e0 au plus t\u00f4t car si vous avez 24H de d\u00e9calage, ne vous attendez pas \u00e0 des miracles.<\/p>\n\n\n\n<blockquote class=\"wp-block-quote is-layout-flow wp-block-quote-is-layout-flow\">\n<h2 class=\"wp-block-heading\"><span style=\"color: #0000ff;\"><strong>Voici donc les dates \u00e0 laquelle il faut faire la guidance<\/strong><\/span><\/h2>\n<\/blockquote>\n\n\n\n<div class=\"wp-block-group is-layout-constrained wp-block-group-is-layout-constrained\">\n<p><span style=\"color: #000000;\"><strong>19 mars 2025 \u2013 21h00<\/strong> \u2013 \u00c9quinoxe de Printemps<\/span><\/p>\n\n\n\n<p><span style=\"color: #000000;\"><strong>20 juin 2025 \u2013 21h00<\/strong> \u2013 Solstice d\u2019\u00c9t\u00e9<\/span><\/p>\n\n\n\n<p><span style=\"color: #000000;\"><strong>21 septembre 2025 \u2013 21h00<\/strong> \u2013 \u00c9quinoxe d\u2019Automne<\/span><\/p>\n\n\n\n<p><span style=\"color: #000000;\"><strong>20 d\u00e9cembre 2025 \u2013 21h00<\/strong> \u2013 Solstice d\u2019Hiver<\/span><\/p>\n<\/div>\n\n\n\n<div class=\"wp-block-group has-pale-pink-background-color has-background is-layout-constrained wp-block-group-is-layout-constrained\">\n<p><span style=\"color: #0000ff;\"><strong>19 mars 2026 \u2013 21h00<\/strong> \u2013 \u00c9quinoxe de Printemps<\/span><\/p>\n\n\n\n<p><span style=\"color: #0000ff;\"><strong>20 juin 2026 \u2013 21h00<\/strong> \u2013 Solstice d\u2019\u00c9t\u00e9<\/span><\/p>\n\n\n\n<p><span style=\"color: #0000ff;\"><strong>22 septembre 2026 \u2013 21h00<\/strong> \u2013 \u00c9quinoxe d\u2019Automne<\/span><\/p>\n\n\n\n<p><span style=\"color: #0000ff;\"><strong>20 d\u00e9cembre 2026 \u2013 21h00<\/strong> \u2013 Solstice d\u2019Hiver<\/span><\/p>\n<\/div>\n\n\n\n<div class=\"wp-block-group is-layout-constrained wp-block-group-is-layout-constrained\">\n<p><span style=\"color: #000000;\"><strong>19 mars 2027 \u2013 21h00<\/strong> \u2013 \u00c9quinoxe de Printemps<\/span><\/p>\n\n\n\n<p><span style=\"color: #000000;\"><strong>20 juin 2027 \u2013 21h00<\/strong> \u2013 Solstice d\u2019\u00c9t\u00e9<\/span><\/p>\n\n\n\n<p><span style=\"color: #000000;\"><strong>22 septembre 2027 \u2013 21h00<\/strong> \u2013 \u00c9quinoxe d\u2019Automne<\/span>7<\/p>\n\n\n\n<p><span style=\"color: #000000;\"><strong>21 d\u00e9cembre 2027 \u2013 21h00<\/strong> \u2013 Solstice d\u2019Hiver<\/span><\/p>\n<\/div>\n\n\n\n<div class=\"wp-block-group has-pale-cyan-blue-background-color has-background is-layout-constrained wp-block-group-is-layout-constrained\">\n<p><span style=\"color: #0000ff;\"><strong>19 mars 2028 \u2013 21h00<\/strong> \u2013 \u00c9quinoxe de Printemps<\/span><\/p>\n\n\n\n<p><span style=\"color: #0000ff;\"><strong>19 juin 2028 \u2013 21h00<\/strong> \u2013 Solstice d\u2019\u00c9t\u00e9<\/span><\/p>\n\n\n\n<p><span style=\"color: #0000ff;\"><strong>21 septembre 2028 \u2013 21h00<\/strong> \u2013 \u00c9quinoxe d\u2019Automne<\/span><\/p>\n\n\n\n<p><span style=\"color: #0000ff;\"><strong>20 d\u00e9cembre 2028 \u2013 21h00<\/strong> \u2013 Solstice d\u2019Hiver<\/span><\/p>\n<\/div>\n\n\n\n<div class=\"wp-block-group is-layout-constrained wp-block-group-is-layout-constrained\">\n<p><span style=\"color: #000000;\"><strong>19 mars 2029 \u2013 21h00<\/strong> \u2013 \u00c9quinoxe de Printemps<\/span><\/p>\n\n\n\n<p><span style=\"color: #000000;\"><strong>20 juin 2029 \u2013 21h00<\/strong> \u2013 Solstice d\u2019\u00c9t\u00e9<\/span><\/p>\n\n\n\n<p><span style=\"color: #000000;\"><strong>21 septembre 2029 \u2013 21h00<\/strong> \u2013 \u00c9quinoxe d\u2019Automne<\/span>7<\/p>\n\n\n\n<p><span style=\"color: #000000;\"><strong>20 d\u00e9cembre 2029 \u2013 21h00<\/strong> \u2013 Solstice d\u2019Hiver<\/span><\/p>\n<\/div>\n","protected":false},"excerpt":{"rendered":"<p>Voici les dates pr\u00e9visibles pour les guidances du CGEV. Il est donc conseill\u00e9 de bloquer ces dates dans vos agendas afin de ne pas \u00eatre surpris lorsque cela arrivera. Rappelez-vous, elle ne se font jamais pendant le jour m\u00eame. Les guidances se fontTOUJOURS LA VEILLEdes dates officielles des solstices et \u00e9quinoxes\u00e0 21h00(heure de Paris, France). [&hellip;]<\/p>\n","protected":false},"author":1,"featured_media":0,"parent":0,"menu_order":0,"comment_status":"closed","ping_status":"closed","template":"","meta":{"footnotes":""},"class_list":["post-6627","page","type-page","status-publish","hentry"],"_links":{"self":[{"href":"https:\/\/pp.ladivulgation.fr\/index.php?rest_route=\/wp\/v2\/pages\/6627","targetHints":{"allow":["GET"]}}],"collection":[{"href":"https:\/\/pp.ladivulgation.fr\/index.php?rest_route=\/wp\/v2\/pages"}],"about":[{"href":"https:\/\/pp.ladivulgation.fr\/index.php?rest_route=\/wp\/v2\/types\/page"}],"author":[{"embeddable":true,"href":"https:\/\/pp.ladivulgation.fr\/index.php?rest_route=\/wp\/v2\/users\/1"}],"replies":[{"embeddable":true,"href":"https:\/\/pp.ladivulgation.fr\/index.php?rest_route=%2Fwp%2Fv2%2Fcomments&post=6627"}],"version-history":[{"count":8,"href":"https:\/\/pp.ladivulgation.fr\/index.php?rest_route=\/wp\/v2\/pages\/6627\/revisions"}],"predecessor-version":[{"id":8301,"href":"https:\/\/pp.ladivulgation.fr\/index.php?rest_route=\/wp\/v2\/pages\/6627\/revisions\/8301"}],"wp:attachment":[{"href":"https:\/\/pp.ladivulgation.fr\/index.php?rest_route=%2Fwp%2Fv2%2Fmedia&parent=6627"}],"curies":[{"name":"wp","href":"https:\/\/api.w.org\/{rel}","templated":true}]}}