{"id":6628,"date":"2023-05-30T13:34:34","date_gmt":"2023-05-30T13:34:34","guid":{"rendered":"https:\/\/pp.ladivulgation.fr\/?page_id=6628"},"modified":"2023-05-30T14:31:08","modified_gmt":"2023-05-30T14:31:08","slug":"cgev-guidances","status":"publish","type":"page","link":"https:\/\/pp.ladivulgation.fr\/?page_id=6628","title":{"rendered":"CGEV &#8211; Guidances"},"content":{"rendered":"\n<p>Sur cette page vous trouverez la totalit\u00e9 des guidances connues \u00e0 ce jour. Il y en a 9 au total dont certaines ont plusieurs enregistrements auxquels il faut rajouter l\u2019intro g\u00e9n\u00e9rale.<\/p>\n\n\n\n<p>Donc, si vous \u00eates nouveau, il vous faudra \u00e9couter d\u2019abord l\u2019intro et seulement ensuite vous pourrez effectivement commencer le cursus en \u00e9coutant la guidance n\u00b001 seulement aux dates indiqu\u00e9es.<\/p>\n\n\n\n<p>Ces guidances, m\u00eame si elle peuvent se mettre dans la cat\u00e9gorie m\u00e9ditation, sont \u00e0 faire uniquement lors des dates indiqu\u00e9es et jamais ne les \u00e9couter avant. L\u2019effet d\u00e9couverte doit \u00eatre total sinon votre mental-\u00e9go va y mettre du sien et vous serez automatiquement d\u00e9connect\u00e9 lors de son \u00e9coute.<\/p>\n\n\n\n<p>Cela ne veut pas dire que vous n\u2019aurez pas fait l\u2019exercice mais que consciemment vous ne saurez pas ce qui s\u2019est pass\u00e9. C\u2019est la ran\u00e7on d\u2019avoir un mental-\u00e9go trop pr\u00e9sent.<\/p>\n\n\n\n<p>Je rappelle que ces guidances sont \u00e0 faire aux dates indiqu\u00e9es car, en v\u00e9rit\u00e9, ce sont des fils du temps qui ont \u00e9t\u00e9 reboucl\u00e9s sur eux-m\u00eames de telle mani\u00e8re que si vous faites la guidance un autre jour, les effets seront tout simplement annul\u00e9s puisque les cristallins (pas seulement les v\u00f4tres) ne seront pas en support. C\u2019est effet groupe et cumulatif qui cr\u00e9\u00e9 cette diff\u00e9rence.<\/p>\n\n\n\n<p>Compte tenu que maintenant tout est en ligne, les explications de chaque guidance ne seront pas donn\u00e9es et, en v\u00e9rit\u00e9, cela est pr\u00e9f\u00e9rable afin toujours d\u2019\u00e9viter que votre mental-\u00e9go vienne interf\u00e9rer dans le processus d\u2019\u00e9l\u00e9vation vibratoire.<\/p>\n\n\n\n<p>En effet, ce qu\u2019il faut savoir c\u2019est qu\u2019en faisant ces guidances vous allez faire des choses r\u00e9put\u00e9es inconnues et donc impossibles \u00e0 vos savoirs et connaissances de 3D. La visite des autre mondes dans l\u2019Un-Visible n\u2019a absolument rien \u00e0 voir avec tout ce qui est connu \u00e0 ce jour.<\/p>\n\n\n\n<p>Le seconde r\u00e8gle absolument vitale est que vous devez respecter l\u2019ordre des guidances et surtout n\u2019en sautez aucune. Ces guidance sont en quelque sorte un montage pi\u00e8ce par pi\u00e8ce d\u2019une horloge super pr\u00e9cise.<\/p>\n\n\n\n<p>S\u2019il vous manque un rouage ou si vous ne suivez pas l\u2019ordre de montage alors le r\u00e9sultat final ne pourra pas \u00eatre obtenu. C\u2019est aussi simple que cela alors il faut de la discipline. Sans celle-ci, vous serez mis automatiquement hors jeu et n\u2019obtiendrez que des cacahu\u00e8tes. Alors il ne faudra bl\u00e2mer personne autre que vous-m\u00eame et votre mental-\u00e9go.<\/p>\n\n\n\n<p>3\u00e8me r\u00e8gle : t\u00e9l\u00e9charger le ou les enregistrements n\u00e9cessaires pour la soir\u00e9e pr\u00e9vue quelques jours avant et v\u00e9rifier que les fichier d\u00e9marre bien (je n\u2019ai pas dit de l\u2019\u00e9couter enti\u00e8rement !). En effet, les lectures en direct via internet posent soucis dans le sens o\u00f9 l\u2019internet peut \u00eatre coup\u00e9 (et tant pis pour vous), que le serveur peut avoir une d\u00e9faillance pour cause de saturation (et tant pis pour vous) ou tout autre souci.<\/p>\n\n\n\n<p>L\u2019aspect ordi qui marche, c\u2019est pas mal, mais avoir un lecteur mp3 autonome (et recharg\u00e9 \u00e0 fond) serait plut\u00f4t recommand\u00e9. Bref, ayez toujours des solutions de secours car je vous rappelle que la guidance se fait \u00e0 une date et heure pr\u00e9cise et pas 48 h apr\u00e8s. En gros, si vous loupez la date indiqu\u00e9e, h\u00e9 bien, il vous faudra recommencer cette guidance \u00e0 la prochaine date.<\/p>\n\n\n\n<p>Si pour des raisons forc\u00e9ment majeures, vous avez un peu de retard (quelques heures) vous pourrez vous lancer quand m\u00eame mais rien ne garantira le succ\u00e8s. Soyez donc vigilants et surtout tr\u00e8s pragmatique afin que tout se d\u00e9roule bien.<\/p>\n\n\n\n<p>Pour les c\u00e9g\u00e9viens qui commencent pour la 1\u00e8re fois, voici les consignes :<\/p>\n\n\n\n<h1 class=\"wp-block-heading\"><span style=\"color: #ff0000;\">Cette session aura lieu \u00e0 21h00 (heure de Paris) \u00e0 la date indiqu\u00e9e dans le calendrier de l&rsquo;ann\u00e9e en cours.<br><\/span><\/h1>\n\n\n\n<h2 class=\"wp-block-heading\"><strong>Introduction de Yz <\/strong><\/h2>\n\n\n\n<p><strong><u>A \u00e9couter avant l\u2019heure de la Guidance<\/u><\/strong><\/p>\n\n\n\n<h2 class=\"wp-block-heading\"><strong><a href=\"https:\/\/files.uni5d.fr\/mp3\/guidances\/G00_Intro.mp3\" target=\"_blank\" rel=\"noopener noreferrer\">Guidance 00 &#8211; INTRO<\/a> &#8211; Dur\u00e9e 7 mn \u2013 13 Mo<\/strong><\/h2>\n\n\n\n<p>Clic droit puis \u00ab Enregistrer la cible du lien sous \u00bb pour enregistrer ce fichier.<\/p>\n\n\n\n<p>Cet enregistrement a \u00e9t\u00e9 fait avant la premi\u00e8re guidance \u00e0 distance faite par le Cercle 1, donc il y est question de nos gros Cr\u00e2ne de cristal, mais l\u2019info reste valable pour tous les autres min\u00e9raux qui seront autour de vous, en particulier les LAMOUR-UN.<\/p>\n\n\n\n<p><strong>Rappel des Consignes pour vivre au mieux cette s\u00e9ance <\/strong><\/p>\n\n\n\n<p>Pensez \u00e0 bien<strong> vous hydrater<\/strong> avant et apr\u00e8s la s\u00e9ance (avec de l\u2019eau encod\u00e9e si possible et mont\u00e9e au max).<\/p>\n\n\n\n<p>Comme pour chacune de vos introspections, pour cette Guidance, le monde ext\u00e9rieur n\u2019existe plus, <strong>vous n\u2019y \u00eates pour personne<\/strong>.<\/p>\n\n\n\n<p>Il est conseill\u00e9 d\u2019<strong>\u00eatre assis confortablement<\/strong>, le dos droit et m\u00eame un peu inclin\u00e9 vers l\u2019arri\u00e8re, les pieds pos\u00e9s au sol.<\/p>\n\n\n\n<p><span style=\"color: #ff0000;\"><strong>Si<\/strong><\/span> vous avez un compagnon cristallin, installez-le pour pouvoir poser la main dessus, mais aussi qu\u2019il puisse tenir seul sans votre aide car des fois on s\u2019endort\u2026<br><span style=\"color: #ff0000;\"><strong>Si<\/strong><\/span> vous avez un cristal LAMOUR-UN et\/ou un cristal encod\u00e9 Petit Poucet (V3 ou V2), et\/ou de la s\u00e9l\u00e9nite, prenez le(s) en main ou pr\u00e8s de vous.<\/p>\n\n\n\n<p>Du fait de l\u2019intensit\u00e9 des \u00e9nergies, il est possible que vous ayez des effets pendant la semaine suivante.<br>Soyez donc souple dans vos programmations d\u2019emploi du temps.<br>\u00c9coutez votre corps et sachez vous reposer.<\/p>\n\n\n\n<h1 class=\"wp-block-heading\"><span style=\"color: #ff0000;\">Fichier audio de la guidance <\/span><\/h1>\n\n\n\n<p>Voici le lien de t\u00e9l\u00e9chargement de cette Guidance men\u00e9e par Yz qui est l\u2019Esprit Cristallin de Corinne.<\/p>\n\n\n\n<h2 class=\"wp-block-heading\"><strong><a href=\"https:\/\/files.uni5d.fr\/mp3\/guidances\/G01.mp3\" target=\"_blank\" rel=\"noopener noreferrer\">Guidance 01<\/a> &#8211; Dur\u00e9e 1h44<\/strong> \u2013 195 Mo<\/h2>\n\n\n\n<p><span style=\"color: #0000ff;\"><strong>Cet enregistrement n\u2019est \u00e0 \u00e9couter qu<span style=\"text-decoration: underline;\">\u2019une seule fois au moment de faire la Guidance<\/span><\/strong><\/span><\/p>\n\n\n\n<p>Faites un clic droit \u00ab\u00a0Enregistrer la cible du lien sous\u00a0\u00bb pour l\u2019enregistrer sur votre ordi (et ensuite sur un lecteur mp3) et ainsi pouvoir l\u2019\u00e9couter tranquillement sans avoir une connexion internet active qui peut se couper ou avoir des rat\u00e9s pendant la s\u00e9ance.<\/p>\n\n\n\n<h2 class=\"wp-block-heading\"><span style=\"color: #ff0000;\">Voici toutes les autres guidances pour les sessions suivantes tout en sachant qu\u2019il est pr\u00e9f\u00e9rable de r\u00e9\u00e9couter la Guidance 00 &#8211; INTRO de YZ \u00e0 chaque fois.<\/span><\/h2>\n\n\n\n<h2 class=\"wp-block-heading\"><strong><a href=\"https:\/\/files.uni5d.fr\/mp3\/guidances\/G02.mp3\" target=\"_blank\" rel=\"noopener noreferrer\">Guidance 02<\/a> &#8211; Dur\u00e9e 1h54<\/strong> \u2013 214 Mo<\/h2>\n\n\n\n<p>Clic droit puis \u00ab Enregistrer la cible du lien sous \u00bb pour enregistrer ce fichier.<\/p>\n\n\n\n<h2 class=\"wp-block-heading\"><strong><a href=\"https:\/\/files.uni5d.fr\/mp3\/guidances\/G03.mp3\" target=\"_blank\" rel=\"noopener noreferrer\">Guidance 03<\/a> &#8211; Dur\u00e9e 1h32 &#8211; <\/strong>173 Mo<\/h2>\n\n\n\n<p>Clic droit puis \u00ab Enregistrer la cible du lien sous \u00bb pour enregistrer ce fichier.<\/p>\n\n\n\n<h2 class=\"wp-block-heading\"><strong><a href=\"https:\/\/files.uni5d.fr\/mp3\/guidances\/G04.mp3\" target=\"_blank\" rel=\"noopener noreferrer\">Guidance 04<\/a> &#8211; Dur\u00e9e 3h15 &#8211; <\/strong>366 Mo<\/h2>\n\n\n\n<p>Clic droit puis \u00ab Enregistrer la cible du lien sous \u00bb pour enregistrer ce fichier.<\/p>\n\n\n\n<p><strong><span style=\"color: #ff0000;\">A partir de cette guidance prenez l\u2019habitude de porter votre cristallin avant de commencer la s\u00e9ance.<\/span><\/strong><\/p>\n\n\n\n<h2 class=\"wp-block-heading\"><strong><a href=\"https:\/\/files.uni5d.fr\/mp3\/guidances\/G05.mp3\" target=\"_blank\" rel=\"noopener noreferrer\">Guidance 05<\/a> &#8211; Dur\u00e9e 2h37 \u2013 <span style=\"font-weight: normal;\">147 Mo<\/span><\/strong><\/h2>\n\n\n\n<p>Clic droit puis \u00ab Enregistrer la cible du lien sous \u00bb pour enregistrer ce fichier.<\/p>\n\n\n\n<h2 class=\"wp-block-heading\"><strong><a href=\"https:\/\/files.uni5d.fr\/mp3\/guidances\/G06_Intro.mp3\" target=\"_blank\" rel=\"noopener noreferrer\">Guidance 06 Intro<\/a> &#8211; Dur\u00e9e 14mn \u2013 <span style=\"font-weight: normal;\">13 Mo<\/span><\/strong><\/h2>\n\n\n\n<p>Clic droit puis \u00ab Enregistrer la cible du lien sous \u00bb pour enregistrer ce fichier.<\/p>\n\n\n\n<h2 class=\"wp-block-heading\"><strong><a href=\"https:\/\/files.uni5d.fr\/mp3\/guidances\/G06.mp3\" target=\"_blank\" rel=\"noopener noreferrer\">Guidance 06<\/a> &#8211; Dur\u00e9e 2h41 \u2013 <span style=\"font-weight: normal;\">151 Mo<\/span><\/strong><\/h2>\n\n\n\n<p>Clic droit puis \u00ab Enregistrer la cible du lien sous \u00bb pour enregistrer ce fichier.<\/p>\n\n\n\n<h2 class=\"wp-block-heading\"><strong><a href=\"https:\/\/files.uni5d.fr\/mp3\/guidances\/G07_Intro.mp3\" target=\"_blank\" rel=\"noopener noreferrer\">Guidance Intro 07<\/a> &#8211; Dur\u00e9e 12 mn<\/strong> \u2013 11 Mo<\/h2>\n\n\n\n<p>Clic droit puis \u00ab Enregistrer la cible du lien sous \u00bb pour enregistrer ce fichier.<\/p>\n\n\n\n<h2 class=\"wp-block-heading\"><strong><a href=\"https:\/\/files.uni5d.fr\/mp3\/guidances\/G07.mp3\" target=\"_blank\" rel=\"noopener noreferrer\">Guidance 07<\/a> &#8211; Dur\u00e9e 3h20 \u2013 <span style=\"font-weight: normal;\">187 Mo<\/span><\/strong><\/h2>\n\n\n\n<p>Clic droit puis \u00ab Enregistrer la cible du lien sous \u00bb pour enregistrer ce fichier.<\/p>\n\n\n\n<h2 class=\"wp-block-heading\"><strong><a href=\"https:\/\/files.uni5d.fr\/mp3\/guidances\/G08.mp3\" target=\"_blank\" rel=\"noopener noreferrer\">Guidance 08<\/a> &#8211; Dur\u00e9e 2h23 \u2013 <span style=\"font-weight: normal;\">134 Mo<\/span><\/strong><\/h2>\n\n\n\n<p>Clic droit puis \u00ab Enregistrer la cible du lien sous \u00bb pour enregistrer ce fichier.<\/p>\n\n\n\n<h2 class=\"wp-block-heading\"><strong><a href=\"https:\/\/files.uni5d.fr\/mp3\/guidances\/G09.mp3\" target=\"_blank\" rel=\"noopener noreferrer\">Guidance 09<\/a> &#8211; Dur\u00e9e 2h09 \u2013 <span style=\"font-weight: normal;\">121 Mo<\/span><\/strong><\/h2>\n\n\n\n<p>Clic droit puis \u00ab Enregistrer la cible du lien sous \u00bb pour enregistrer ce fichier.<\/p>\n","protected":false},"excerpt":{"rendered":"<p>Sur cette page vous trouverez la totalit\u00e9 des guidances connues \u00e0 ce jour. Il y en a 9 au total dont certaines ont plusieurs enregistrements auxquels il faut rajouter l\u2019intro g\u00e9n\u00e9rale. Donc, si vous \u00eates nouveau, il vous faudra \u00e9couter d\u2019abord l\u2019intro et seulement ensuite vous pourrez effectivement commencer le cursus en \u00e9coutant la guidance [&hellip;]<\/p>\n","protected":false},"author":1,"featured_media":0,"parent":0,"menu_order":0,"comment_status":"closed","ping_status":"closed","template":"","meta":{"footnotes":""},"class_list":["post-6628","page","type-page","status-publish","hentry"],"_links":{"self":[{"href":"https:\/\/pp.ladivulgation.fr\/index.php?rest_route=\/wp\/v2\/pages\/6628","targetHints":{"allow":["GET"]}}],"collection":[{"href":"https:\/\/pp.ladivulgation.fr\/index.php?rest_route=\/wp\/v2\/pages"}],"about":[{"href":"https:\/\/pp.ladivulgation.fr\/index.php?rest_route=\/wp\/v2\/types\/page"}],"author":[{"embeddable":true,"href":"https:\/\/pp.ladivulgation.fr\/index.php?rest_route=\/wp\/v2\/users\/1"}],"replies":[{"embeddable":true,"href":"https:\/\/pp.ladivulgation.fr\/index.php?rest_route=%2Fwp%2Fv2%2Fcomments&post=6628"}],"version-history":[{"count":1,"href":"https:\/\/pp.ladivulgation.fr\/index.php?rest_route=\/wp\/v2\/pages\/6628\/revisions"}],"predecessor-version":[{"id":6635,"href":"https:\/\/pp.ladivulgation.fr\/index.php?rest_route=\/wp\/v2\/pages\/6628\/revisions\/6635"}],"wp:attachment":[{"href":"https:\/\/pp.ladivulgation.fr\/index.php?rest_route=%2Fwp%2Fv2%2Fmedia&parent=6628"}],"curies":[{"name":"wp","href":"https:\/\/api.w.org\/{rel}","templated":true}]}}