{"id":6636,"date":"2023-05-30T13:35:43","date_gmt":"2023-05-30T13:35:43","guid":{"rendered":"https:\/\/pp.ladivulgation.fr\/?page_id=6636"},"modified":"2024-01-04T18:38:46","modified_gmt":"2024-01-04T18:38:46","slug":"cgev-kesako","status":"publish","type":"page","link":"https:\/\/pp.ladivulgation.fr\/?page_id=6636","title":{"rendered":"CGEV &#8211; K\u00e9sako"},"content":{"rendered":"\n<p><span style=\"color: #ff0000;\"><strong>CGEV<\/strong><\/span> est l&rsquo;acronyme de <strong><span style=\"color: #ff0000;\">C<\/span><\/strong>ursus <span style=\"color: #ff0000;\"><strong>G<\/strong><\/span>alactique d\u2019<span style=\"color: #ff0000;\"><strong>\u00c9<\/strong><\/span>l\u00e9vation <span style=\"color: #ff0000;\"><strong>V<\/strong><\/span>ibratoire.<\/p>\n\n\n\n<p>Qui dit cursus dit \u00e9tudiant et dans ce cas on parle d&rsquo;un c\u00e9g\u00e9vien ou c\u00e9g\u00e9vienne. Ceci a \u00e9t\u00e9 lanc\u00e9 contre toute attente en 2016 et depuis nous sommes devenus plus exp\u00e9riment\u00e9s et surtout plus coh\u00e9rent par rapport \u00e0 l&rsquo;ensemble des choses qui nous ont \u00e9t\u00e9 donn\u00e9es depuis.<\/p>\n\n\n\n<p>Ce Cursus Galactique s&rsquo;est au fil des ann\u00e9es enrichie d&rsquo;options suppl\u00e9mentaires que tu d\u00e9couvriras au fur et \u00e0 mesure de ton avancement. C&rsquo;est comme \u00e0 l&rsquo;\u00e9cole ou ce premier programme serait celui de ton entr\u00e9e dans le primaire.<\/p>\n\n\n\n<p>Ainsi au fur et \u00e0 mesure que tu avanceras, ton identifiant en tant que C\u00e9g\u00e9vien te permettra de postuler \u00e0 d&rsquo;autres classes plus avanc\u00e9es. Ces derni\u00e8res sont totalement r\u00e9serv\u00e9es et sont publi\u00e9es sur d&rsquo;autres blogs inaccessibles au grand public.<\/p>\n\n\n\n<p>Le 1er tron\u00e7on du cursus commence par d\u00e9couvrir que nous sommes largement plus que ce corps physique. Il permet de d\u00e9couvrir ta capacit\u00e9 \u00e0 voyager dans les \u00e9toiles (le syst\u00e8me solaire en premier lieu et puis aller jusqu&rsquo;au confins de cette galaxie).<\/p>\n\n\n\n<p>Les m\u00e9ditations qui sont propos\u00e9es sont appel\u00e9es des Guidances. Elles se d\u00e9roulent uniquement 4 fois par an lors des solstices et \u00e9quinoxes. Il est donc inutile de les faire \u00e0 ces autres dates car les portails permettant de s&rsquo;\u00e9vader ne sont ouverts qu&rsquo;\u00e0 ces moments cl\u00e9s.<\/p>\n\n\n\n<p>Ce ne sont pas des m\u00e9ditations car ce dernier mot implique que tu peux le faire aussi souvent que tu veux et n&rsquo;importe quand. L\u00e0 ce n&rsquo;est pas le cas. Ces Guidances sont comme le nom l&rsquo;indique un accompagnement sonore via des mp3.<\/p>\n\n\n\n<p>Tu as seulement \u00e0 suivre ce qui est dit et c&rsquo;est tout. Il n&rsquo;y a donc aucun effort sp\u00e9cifique \u00e0 faire sinon que celui d&rsquo;\u00eatre disponible et \u00e0 l&rsquo;\u00e9cart de toute perturbation ext\u00e9rieure.<\/p>\n\n\n\n<p>Ce que tu feras ne sera absolument pas du voyage astral et d&rsquo;ailleurs tu n&rsquo;y mettras pas du tout les pieds. Laissons ce genre de chose aux apprenti-sorciers qui veulent des frissons en se faisant peur.<\/p>\n\n\n\n<p>Dans notre cas, les Guidances t&rsquo;am\u00e8neront \u00e0 d\u00e9couvrir ton corps plasmatique cristallin et \u00e0 l&rsquo;utiliser en conscience. Ce faisant tu d\u00e9couvriras un autre monde o\u00f9 la conscience peut \u00eatre multiple tout en rencontrant des \u00catres dont tu n&rsquo;imagines pas l&rsquo;existence.<\/p>\n\n\n\n<p>Bien \u00e9videmment, tu d\u00e9couvriras Terre-M\u00e8re sous un angle absolument nouveau pour toi et tu comprendras par la suite pourquoi elle est si importante pour notre Ascension personnelle et collective.<\/p>\n\n\n\n<p>L&rsquo;acc\u00e8s aux Guidances est r\u00e9serv\u00e9 aux \u00e9tudiants enregistr\u00e9s et non \u00e0 toute personne venant juste fouiner puis repartir. Il faudra donc un mot de passe pour acc\u00e9der \u00e0 son contenu et puis rassurez-vous tout est gratuit mais gratuit\u00e9 ne veut pas dire \u00eatre ouvert \u00e0 tous les vents (le fameux open space).<\/p>\n\n\n\n<h2 class=\"wp-block-heading\">Infos suppl\u00e9mentaires diverses et vari\u00e9es<\/h2>\n\n\n\n<p>La principale activit\u00e9 de toutes mes actions sur le terrain est celle d&rsquo;apporter un soutien massif \u00e0 Terre-M\u00e8re et cela pendant les 4 \u00e9v\u00e8nements majeurs de l&rsquo;ann\u00e9e qui sont les \u00e9quinoxes de Printemps et d&rsquo;Automne et des solstices d&rsquo;Et\u00e9 et d&rsquo;Hiver en plus des Op\u00e9rations terrain qui en d\u00e9coulent.<\/p>\n\n\n\n<p>A ces dates sp\u00e9cifiques qui correspondent \u00e0 une orientation pr\u00e9cise de Terre-M\u00e8re dans sa rotation autour du Soleil, il y a une tr\u00e8s haute connectivit\u00e9 entre eux deux surtout quand il s&rsquo;y rajoute une pleine lune ou des \u00e9clipses.<\/p>\n\n\n\n<p>En gros \u00e7a fait dans la r\u00e9union de famille entre papa Soleil, maman la Terre, la fifille la Lune et grand-p\u00e8re Alcyone qui est le centre de rotation de la galaxie. Ce sont donc des dates correspondant \u00e0 des points pr\u00e9cis de l&rsquo;horlogerie c\u00e9leste.<\/p>\n\n\n\n<p>Pendant ces c\u00e9r\u00e9monies, c&rsquo;est bien s\u00fbr Terre-M\u00e8re qui est la destinataire de toutes les attentions \u00e0 l&rsquo;image de la f\u00eate des M\u00e8res sauf que c&rsquo;est 4 fois dans l&rsquo;ann\u00e9e. On comprend donc que tous ceux et celles qui participent \u00e0 ces \u00e9v\u00e8nements recevront en retour une attention plus marqu\u00e9e puisque Terre-M\u00e8re prendra effet de vos intentions.<\/p>\n\n\n\n<p>Le second point est que Terre-M\u00e8re est aussi tomb\u00e9e enceinte tr\u00e8s r\u00e9cemment et que son futur \u00ab\u00a0petiot\u00a0\u00bb est tout simplement le 8\u00e8me Super-Univers appel\u00e9 El\u00e9a. Il y a donc un petit cordon ombilical qui s&rsquo;est fix\u00e9 justement ici-bas en France. On l&rsquo;appelle le cordon d&rsquo;El\u00e9a tout simplement.<\/p>\n\n\n\n<p>Aussi, pendant ces c\u00e9r\u00e9monies, un nombre de marcheurs d\u00e9di\u00e9s au cordon r\u00e9alisent une c\u00e9r\u00e9monie particuli\u00e8re qui a pour objectif de concentrer les \u00e9nergies vers ce cordon. Ils sont en quelque sorte les sages-femmes qui aident Terre-M\u00e8re dans sa grossesse.<\/p>\n\n\n\n<p>J&rsquo;ai d\u00e9j\u00e0 suffisamment publi\u00e9 sur ce sujet mais comme c&rsquo;est un sujet demandant d&rsquo;avoir d\u00e9pass\u00e9 nombres de blocages conceptuels 3D, j&rsquo;ai d\u00e9cid\u00e9 d&rsquo;\u00eatre plus discret pour l&rsquo;instant tout en sachant que t\u00f4t ou tard cela deviendra une \u00e9vidence pour tous. C&rsquo;est juste une histoire de temps.<\/p>\n\n\n\n<p>Et puis voici quelques liens datant des d\u00e9buts de l&rsquo;\u00e9pop\u00e9e et que j&rsquo;avais rendu publique (car apr\u00e8s c&rsquo;est devenu priv\u00e9&#8230;)<\/p>\n\n\n\n<ul class=\"wp-block-list\">\n<li><a href=\"http:\/\/homo-galacticus.fr\/27-proposition-dentrer-en-contact-avec-terre-mere\/\" target=\"_blank\" rel=\"noopener noreferrer\">27 \u2013 Proposition d\u2019Entrer en contact avec Terre-M\u00e8re<\/a><\/li>\n\n\n\n<li><a href=\"http:\/\/homo-galacticus.fr\/28-effets-courants-lors-des-contacts-avec-lun-visible-terre-mere\/\" target=\"_blank\" rel=\"noopener noreferrer\">28 \u2013 Effets Courants lors des Contacts avec l\u2019Un-Visible &amp; Terre-M\u00e8re<\/a><\/li>\n\n\n\n<li><a href=\"http:\/\/homo-galacticus.fr\/29-quand-la-surprise-est-bonne\/\" target=\"_blank\" rel=\"noopener noreferrer\">29 \u2013 Quand la Surprise est Bonne<\/a><\/li>\n\n\n\n<li><a href=\"http:\/\/homo-galacticus.fr\/32-le-veritable-cadeau-a-lhumanite-fait-en-cet-equinoxe-de-printemps-2016\/\" target=\"_blank\" rel=\"noopener noreferrer\">32 \u2013 Le V\u00e9ritable Cadeau \u00e0 L\u2019Humanit\u00e9 fait en cet \u00c9quinoxe de Printemps 2016<\/a><\/li>\n\n\n\n<li><a href=\"http:\/\/homo-galacticus.fr\/58-le-cadeau-sympa-du-service-rendu-a-terre-mere-au-solstice-de-juin-2016\/\" target=\"_blank\" rel=\"noopener noreferrer\">58 \u2013 Le Cadeau Sympa du Service Rendu \u00e0 Terre-M\u00e8re au solstice de Juin 2016<\/a><\/li>\n<\/ul>\n","protected":false},"excerpt":{"rendered":"<p>CGEV est l&rsquo;acronyme de Cursus Galactique d\u2019\u00c9l\u00e9vation Vibratoire. Qui dit cursus dit \u00e9tudiant et dans ce cas on parle d&rsquo;un c\u00e9g\u00e9vien ou c\u00e9g\u00e9vienne. Ceci a \u00e9t\u00e9 lanc\u00e9 contre toute attente en 2016 et depuis nous sommes devenus plus exp\u00e9riment\u00e9s et surtout plus coh\u00e9rent par rapport \u00e0 l&rsquo;ensemble des choses qui nous ont \u00e9t\u00e9 donn\u00e9es depuis. [&hellip;]<\/p>\n","protected":false},"author":1,"featured_media":0,"parent":0,"menu_order":0,"comment_status":"closed","ping_status":"closed","template":"","meta":{"footnotes":""},"class_list":["post-6636","page","type-page","status-publish","hentry"],"_links":{"self":[{"href":"https:\/\/pp.ladivulgation.fr\/index.php?rest_route=\/wp\/v2\/pages\/6636","targetHints":{"allow":["GET"]}}],"collection":[{"href":"https:\/\/pp.ladivulgation.fr\/index.php?rest_route=\/wp\/v2\/pages"}],"about":[{"href":"https:\/\/pp.ladivulgation.fr\/index.php?rest_route=\/wp\/v2\/types\/page"}],"author":[{"embeddable":true,"href":"https:\/\/pp.ladivulgation.fr\/index.php?rest_route=\/wp\/v2\/users\/1"}],"replies":[{"embeddable":true,"href":"https:\/\/pp.ladivulgation.fr\/index.php?rest_route=%2Fwp%2Fv2%2Fcomments&post=6636"}],"version-history":[{"count":3,"href":"https:\/\/pp.ladivulgation.fr\/index.php?rest_route=\/wp\/v2\/pages\/6636\/revisions"}],"predecessor-version":[{"id":8234,"href":"https:\/\/pp.ladivulgation.fr\/index.php?rest_route=\/wp\/v2\/pages\/6636\/revisions\/8234"}],"wp:attachment":[{"href":"https:\/\/pp.ladivulgation.fr\/index.php?rest_route=%2Fwp%2Fv2%2Fmedia&parent=6636"}],"curies":[{"name":"wp","href":"https:\/\/api.w.org\/{rel}","templated":true}]}}