{"id":6672,"date":"2023-05-30T13:43:12","date_gmt":"2023-05-30T13:43:12","guid":{"rendered":"https:\/\/pp.ladivulgation.fr\/?page_id=6672"},"modified":"2023-06-27T04:16:42","modified_gmt":"2023-06-27T04:16:42","slug":"contact-2","status":"publish","type":"page","link":"https:\/\/pp.ladivulgation.fr\/?page_id=6672","title":{"rendered":"Contact"},"content":{"rendered":"\t\t<div data-elementor-type=\"wp-page\" data-elementor-id=\"6672\" class=\"elementor elementor-6672\" data-elementor-post-type=\"page\">\n\t\t\t\t\t\t<section class=\"elementor-section elementor-top-section elementor-element elementor-element-49b4fc59 elementor-section-boxed elementor-section-height-default elementor-section-height-default\" data-id=\"49b4fc59\" data-element_type=\"section\" data-e-type=\"section\">\n\t\t\t\t\t\t<div class=\"elementor-container elementor-column-gap-default\">\n\t\t\t\t\t<div class=\"elementor-column elementor-col-100 elementor-top-column elementor-element elementor-element-4d2a760b\" data-id=\"4d2a760b\" data-element_type=\"column\" data-e-type=\"column\">\n\t\t\t<div class=\"elementor-widget-wrap elementor-element-populated\">\n\t\t\t\t\t\t<div class=\"elementor-element elementor-element-166917d7 elementor-widget elementor-widget-text-editor\" data-id=\"166917d7\" data-element_type=\"widget\" data-e-type=\"widget\" data-widget_type=\"text-editor.default\">\n\t\t\t\t<div class=\"elementor-widget-container\">\n\t\t\t\t\t\t\t\t\t\n<p>Ceci est un formulaire te permettant de m&rsquo;\u00e9crire directement sans que pour cela tu sois oblig\u00e9 de passer par ta messagerie priv\u00e9e.<\/p>\n<p><span style=\"color: #0000ff;\">Saches que je r\u00e9ponds toujours \u00e0 tous les mails que je re\u00e7ois et qui n\u00e9cessite une r\u00e9ponse<\/span> alors si tu ne re\u00e7ois pas de r\u00e9ponse il y a 2 cas possibles : <\/p>\n<p>a) Soit ton adresse mail est invalide et dans ce cas ma r\u00e9ponse va me revenir dans les dents avec un message laconique \u00ab\u00a0adresse inconnue\u00a0\u00bb. Et comme elle est fausse je n&rsquo;ai aucun moyen pour te dire que je n&rsquo;arrive pas \u00e0 te joindre&#8230;<\/p>\n<p>b) Soit qu&rsquo;il faut aller regarder dans ta boite \u00e0 spams car \u00e0 ce niveau-l\u00e0 toi seul peut agir puisque, par d\u00e9finition, je ne peux pas aller voir dans tes spams pour toi. <\/p>\n<p>Au final, comprends que pour moi c&rsquo;est du temps perdu d\u00e9finitivement et \u00e7a peut aller de quelques minutes, une dizaine de minutes voire \u00e0 1 heure ou plus quand je mets une tartine.<\/p>\n\t\t\t\t\t\t\t\t<\/div>\n\t\t\t\t<\/div>\n\t\t\t\t<div class=\"elementor-element elementor-element-209adfb5 elementor-button-align-center elementor-widget elementor-widget-form\" data-id=\"209adfb5\" data-element_type=\"widget\" data-e-type=\"widget\" data-settings=\"{&quot;step_next_label&quot;:&quot;Suivant&quot;,&quot;step_previous_label&quot;:&quot;Pr\\u00e9c\\u00e9dent&quot;,&quot;step_type&quot;:&quot;number_text&quot;,&quot;step_icon_shape&quot;:&quot;circle&quot;}\" data-widget_type=\"form.default\">\n\t\t\t\t<div class=\"elementor-widget-container\">\n\t\t\t\t\t\t\t<form class=\"elementor-form\" method=\"post\" name=\"Nouveau formulaire\" aria-label=\"Nouveau formulaire\">\n\t\t\t<input type=\"hidden\" name=\"post_id\" value=\"6672\"\/>\n\t\t\t<input type=\"hidden\" name=\"form_id\" value=\"209adfb5\"\/>\n\t\t\t<input type=\"hidden\" name=\"referer_title\" value=\"Contact\" \/>\n\n\t\t\t\t\t\t\t<input type=\"hidden\" name=\"queried_id\" value=\"6672\"\/>\n\t\t\t\n\t\t\t<div class=\"elementor-form-fields-wrapper elementor-labels-\">\n\t\t\t\t\t\t\t\t<div class=\"elementor-field-type-text elementor-field-group elementor-column elementor-field-group-name elementor-col-50 elementor-field-required\">\n\t\t\t\t\t\t\t\t\t\t\t\t<label for=\"form-field-name\" class=\"elementor-field-label elementor-screen-only\">\n\t\t\t\t\t\t\t\tPr\u00e9nom ou pseudoNom \t\t\t\t\t\t\t<\/label>\n\t\t\t\t\t\t\t\t\t\t\t\t\t\t<input size=\"1\" type=\"text\" name=\"form_fields[name]\" id=\"form-field-name\" class=\"elementor-field elementor-size-sm  elementor-field-textual\" placeholder=\"Pr\u00e9nom ou pseudo, c&#039;est toi qui choise...\" required=\"required\">\n\t\t\t\t\t\t\t\t\t\t\t<\/div>\n\t\t\t\t\t\t\t\t<div class=\"elementor-field-type-email elementor-field-group elementor-column elementor-field-group-email elementor-col-50 elementor-field-required\">\n\t\t\t\t\t\t\t\t\t\t\t\t<label for=\"form-field-email\" class=\"elementor-field-label elementor-screen-only\">\n\t\t\t\t\t\t\t\tE-mail valide\t\t\t\t\t\t\t<\/label>\n\t\t\t\t\t\t\t\t\t\t\t\t\t\t<input size=\"1\" type=\"email\" name=\"form_fields[email]\" id=\"form-field-email\" class=\"elementor-field elementor-size-sm  elementor-field-textual\" placeholder=\"Ton adresse mail correctement tap\u00e9e. V\u00e9rifies bien avant d&#039;envoyer.\" required=\"required\">\n\t\t\t\t\t\t\t\t\t\t\t<\/div>\n\t\t\t\t\t\t\t\t<div class=\"elementor-field-type-textarea elementor-field-group elementor-column elementor-field-group-message elementor-col-100\">\n\t\t\t\t\t\t\t\t\t\t\t\t<label for=\"form-field-message\" class=\"elementor-field-label elementor-screen-only\">\n\t\t\t\t\t\t\t\tMessage\t\t\t\t\t\t\t<\/label>\n\t\t\t\t\t\t<textarea class=\"elementor-field-textual elementor-field  elementor-size-sm\" name=\"form_fields[message]\" id=\"form-field-message\" rows=\"4\" placeholder=\"Ecris ton Message ici et en bon Fran\u00e7ais si possible - Evites aussi les abr\u00e9viations et surtout les conventions phon\u00e9tiques pour portable car je suis compl\u00e9tement d\u00e9pass\u00e9 \u00e0 ce niveau. De plus, n&#039;h\u00e9sites pas \u00e0 espacer tes paragraphes car sinc\u00e9rement lire un pav\u00e9 c&#039;est tr\u00e8s chiant et me demande beaucoup d&#039;efforts et de volont\u00e9. Ma r\u00e9ponse n&#039;en sera que meilleure et plus rapide.  Merci d&#039;avance de ta compr\u00e9hension.\"><\/textarea>\t\t\t\t<\/div>\n\t\t\t\t\t\t\t\t<div class=\"elementor-field-group elementor-column elementor-field-type-submit elementor-col-100 e-form__buttons\">\n\t\t\t\t\t<button class=\"elementor-button elementor-size-sm\" type=\"submit\">\n\t\t\t\t\t\t<span class=\"elementor-button-content-wrapper\">\n\t\t\t\t\t\t\t\t\t\t\t\t\t\t\t\t\t\t\t\t\t\t<span class=\"elementor-button-text\">Envoyer<\/span>\n\t\t\t\t\t\t\t\t\t\t\t\t\t<\/span>\n\t\t\t\t\t<\/button>\n\t\t\t\t<\/div>\n\t\t\t<\/div>\n\t\t<\/form>\n\t\t\t\t\t\t<\/div>\n\t\t\t\t<\/div>\n\t\t\t\t\t<\/div>\n\t\t<\/div>\n\t\t\t\t\t<\/div>\n\t\t<\/section>\n\t\t\t\t<\/div>\n\t\t","protected":false},"excerpt":{"rendered":"<p>Ceci est un formulaire te permettant de m&rsquo;\u00e9crire directement sans que pour cela tu sois oblig\u00e9 de passer par ta messagerie priv\u00e9e. Saches que je r\u00e9ponds toujours \u00e0 tous les mails que je re\u00e7ois et qui n\u00e9cessite une r\u00e9ponse alors si tu ne re\u00e7ois pas de r\u00e9ponse il y a 2 cas possibles : a) [&hellip;]<\/p>\n","protected":false},"author":1,"featured_media":0,"parent":0,"menu_order":0,"comment_status":"closed","ping_status":"closed","template":"","meta":{"footnotes":""},"class_list":["post-6672","page","type-page","status-publish","hentry"],"_links":{"self":[{"href":"https:\/\/pp.ladivulgation.fr\/index.php?rest_route=\/wp\/v2\/pages\/6672","targetHints":{"allow":["GET"]}}],"collection":[{"href":"https:\/\/pp.ladivulgation.fr\/index.php?rest_route=\/wp\/v2\/pages"}],"about":[{"href":"https:\/\/pp.ladivulgation.fr\/index.php?rest_route=\/wp\/v2\/types\/page"}],"author":[{"embeddable":true,"href":"https:\/\/pp.ladivulgation.fr\/index.php?rest_route=\/wp\/v2\/users\/1"}],"replies":[{"embeddable":true,"href":"https:\/\/pp.ladivulgation.fr\/index.php?rest_route=%2Fwp%2Fv2%2Fcomments&post=6672"}],"version-history":[{"count":7,"href":"https:\/\/pp.ladivulgation.fr\/index.php?rest_route=\/wp\/v2\/pages\/6672\/revisions"}],"predecessor-version":[{"id":8195,"href":"https:\/\/pp.ladivulgation.fr\/index.php?rest_route=\/wp\/v2\/pages\/6672\/revisions\/8195"}],"wp:attachment":[{"href":"https:\/\/pp.ladivulgation.fr\/index.php?rest_route=%2Fwp%2Fv2%2Fmedia&parent=6672"}],"curies":[{"name":"wp","href":"https:\/\/api.w.org\/{rel}","templated":true}]}}