{"id":6679,"date":"2023-05-30T13:43:13","date_gmt":"2023-05-30T13:43:13","guid":{"rendered":"http:\/\/laurent"},"modified":"2023-05-30T13:43:13","modified_gmt":"2023-05-30T13:43:13","slug":"a-propos-2","status":"publish","type":"page","link":"https:\/\/pp.ladivulgation.fr\/?page_id=6679","title":{"rendered":"A Propos"},"content":{"rendered":"\n<p>C&rsquo;est l\u00e0 que je suis cens\u00e9 me d\u00e9crire style CV afin de te rassurer que je suis un gars bien, comp\u00e9tant et socialement irr\u00e9prochable&#8230; C&rsquo;est ce que font tous les moutons\/mougeons qui veulent te vendre un truc et surtout flatter leur petit-\u00e9go !<\/p>\n\n\n\n<p>Dans mon cas, c&rsquo;est tr\u00e8s diff\u00e9rent car, comme tu le sais fort bien, on ne peut \u00eatre juge et partie \u00e0 la fois. En cons\u00e9quence de quoi ce sera \u00e0 toi de faire l&rsquo;effort pour d\u00e9terminer si je suis un gars bien selon tes croyances, si je suis un gars sachant de quoi il parle quand tu me lis ou m&rsquo;\u00e9coute et que j&rsquo;apporte une r\u00e9elle valeur ajout\u00e9e. <\/p>\n\n\n\n<p>Et puis, pour le socialement parlant ce sera quand nous aurons l&rsquo;occasion de se croiser physiquement un jour. Cela arrivera peut-\u00eatre un jour ou jamais mais tout d\u00e9pendra de toi principalement car, en temps normal, je suis plut\u00f4t s\u00e9dentaire la majeure partie du temps. Cependant il m&rsquo;arrive de faire un petit tour de France en toute discr\u00e9tion de temps en temps.<\/p>\n\n\n\n<p>En effet, vu toutes les \u00e2neries et conneries que l&rsquo;on raconte sur moi en me faisant endosser tous leurs malheurs, il est \u00e9vident qu&rsquo;il vaut mieux m&rsquo;\u00e9viter et surtout me d\u00e9tester \u00e0 fond. Ces bien-pensants se d\u00e9chargent sur moi car il faut bien un bouc-\u00e9missaire et comme je suis en premi\u00e8re ligne et que je ne r\u00e9ponds jamais aux agressions, c&rsquo;est pratique pour eux.<\/p>\n\n\n\n<p>Mon fr\u00e8re, mon ami, il te faut comprendre que plus tu marcheras vers la Lumi\u00e8re (ou la Connaissance), tu seras d\u00e9sign\u00e9 comme un paria car tu d\u00e9ranges. Ils diront voire crieront que tu entraines les autres (comprend les faibles d&rsquo;esprit) vers la catastrophe. Ils seront d&rsquo;autant plus v\u00e9h\u00e9ment qu&rsquo;ils seront au bord de la falaise tandis que toi, tu marches \u00e0 l&rsquo;exact oppos\u00e9.<\/p>\n\n\n\n<p>Alors ce site est juste une fen\u00eatre ouverte que j&rsquo;offre au monde francophone pour pouvoir d\u00e9couvrir mes d\u00e9couvertes personnelles et mes compr\u00e9hensions sur le chemin du myst\u00e8re de ce qui EST.<\/p>\n\n\n\n<p>Si \u00e7a plait c&rsquo;est super et si \u00e7a d\u00e9range c&rsquo;est tout aussi super car \u00e7a fait avancer dans les deux cas. Alors si \u00e7a ne plait pas cela ne m&rsquo;arr\u00eatera pas tout simplement car tant que je serais en incarnation, le d\u00e9fi du myst\u00e8re persistera car il est, en v\u00e9rit\u00e9, ce qui fait tourner la Cr\u00e9ation.<\/p>\n\n\n\n<p>Alors qui suis-je ? Comment puis-je parler de moi alors que je suis le premier \u00e0 ne pas savoir qui je suis ? D&rsquo;ailleurs c&rsquo;est pour \u00e7a, tout comme toi, que je suis incarn\u00e9 en ce corps de mati\u00e8re de 3\u00e8me densit\u00e9 pour le d\u00e9couvrir car le Sans-NOM attend une r\u00e9ponse de chaqu&rsquo;Un de nous.<\/p>\n\n\n\n<p>Soyons alors humbles et d\u00e9couvrons ensemble plut\u00f4t que chacun dans son coin isol\u00e9. Ce site est un site de partage comme devrait l&rsquo;\u00eatre tous les sites d\u2019avancement personnel. Cependant, tu en conviendras, le respect mutuel est la 1\u00e8re r\u00e8gle de base dans cette d\u00e9marche.<\/p>\n\n\n\n<p>Aussi tout commentaire, avis et compagnie d\u00e9rogeant \u00e0 cette r\u00e8gle primordiale se verra tout bonnement non publi\u00e9e. On a le droit d&rsquo;\u00e9changer mais pas de d\u00e9nigrer, insulter ou faire la guerre \u00e0 un fr\u00e8re car, au final, l&rsquo;autre n&rsquo;est qu&rsquo;un miroir de toi et toute attaque est forc\u00e9ment une attaque contre toi-m\u00eame.<\/p>\n\n\n\n<p>Celui qui n&rsquo;a pas compris ce principe de base est donc un individu qui ne sait pas qu&rsquo;il est le cr\u00e9ateur de tout ce qui lui arrive. Voil\u00e0 pourquoi il n&rsquo;est pas bon du tout de laisser se perp\u00e9tuer le non-respect d&rsquo;autrui car c&rsquo;est \u00eatre un spectateur et non un acteur du changement. <\/p>\n\n\n\n<p>Voil\u00e0 tout ce que j&rsquo;avais \u00e0 dire sur moi afin de te rassurer cependant pour l\u2019\u00c9tat je suis devenu un mouton en fin de course puisque j&rsquo;ai d\u00e9pass\u00e9 l&rsquo;\u00e2ge de la retraite l\u00e9gale et que l\u2019Ehpad m&rsquo;attend t\u00f4t ou tard. Ils ont beaucoup de place de disponible suite au dernier nettoyage effectu\u00e9 en toute compassion pour le bien de tous.<\/p>\n","protected":false},"excerpt":{"rendered":"<p>C&rsquo;est l\u00e0 que je suis cens\u00e9 me d\u00e9crire style CV afin de te rassurer que je suis un gars bien, comp\u00e9tant et socialement irr\u00e9prochable&#8230; C&rsquo;est ce que font tous les moutons\/mougeons qui veulent te vendre un truc et surtout flatter leur petit-\u00e9go ! Dans mon cas, c&rsquo;est tr\u00e8s diff\u00e9rent car, comme tu le sais fort [&hellip;]<\/p>\n","protected":false},"author":1,"featured_media":0,"parent":0,"menu_order":0,"comment_status":"closed","ping_status":"closed","template":"","meta":{"footnotes":""},"class_list":["post-6679","page","type-page","status-publish","hentry"],"_links":{"self":[{"href":"https:\/\/pp.ladivulgation.fr\/index.php?rest_route=\/wp\/v2\/pages\/6679","targetHints":{"allow":["GET"]}}],"collection":[{"href":"https:\/\/pp.ladivulgation.fr\/index.php?rest_route=\/wp\/v2\/pages"}],"about":[{"href":"https:\/\/pp.ladivulgation.fr\/index.php?rest_route=\/wp\/v2\/types\/page"}],"author":[{"embeddable":true,"href":"https:\/\/pp.ladivulgation.fr\/index.php?rest_route=\/wp\/v2\/users\/1"}],"replies":[{"embeddable":true,"href":"https:\/\/pp.ladivulgation.fr\/index.php?rest_route=%2Fwp%2Fv2%2Fcomments&post=6679"}],"version-history":[{"count":0,"href":"https:\/\/pp.ladivulgation.fr\/index.php?rest_route=\/wp\/v2\/pages\/6679\/revisions"}],"wp:attachment":[{"href":"https:\/\/pp.ladivulgation.fr\/index.php?rest_route=%2Fwp%2Fv2%2Fmedia&parent=6679"}],"curies":[{"name":"wp","href":"https:\/\/api.w.org\/{rel}","templated":true}]}}