{"id":6680,"date":"2023-05-30T13:43:13","date_gmt":"2023-05-30T13:43:13","guid":{"rendered":"http:\/\/laurent"},"modified":"2024-02-21T12:10:10","modified_gmt":"2024-02-21T12:10:10","slug":"accueil-nouveaux-2","status":"publish","type":"page","link":"https:\/\/pp.ladivulgation.fr\/?page_id=6680","title":{"rendered":"Accueil Nouveaux"},"content":{"rendered":"\n<p>Ce site bien qu&rsquo;ouvert \u00e0 tout public n&rsquo;est, en v\u00e9rit\u00e9, pas forc\u00e9ment pour tout le monde. En effet, autant ce qui est publi\u00e9 est \u00e9crit en fran\u00e7ais et normalement compr\u00e9hensible pour tous les francophones, il existe quand m\u00eame un vocabulaire sp\u00e9cifique qui de prime abord n&rsquo;est pas forc\u00e9ment \u00e9vident.<\/p>\n\n\n\n<p>La raison en est fort simple : c&rsquo;est par la force des choses qu&rsquo;il a fallu trouver voire inventer des nouveaux mots pour d\u00e9crire des fonctions sp\u00e9cifiques. Ainsi le mot Petits Poucets est juste un emprunt \u00e0 un conte pour d\u00e9crire l&rsquo;action de justement semer des petits cailloux pour retrouver son chemin de retour \u00e0 la maison.<\/p>\n\n\n\n<p>Et quelle maison sinon celle de l&rsquo;Unit\u00e9, celle qui te permettra de red\u00e9couvrir que tu es un enfant de la Terre car sans elle tu n&rsquo;aurais jamais eu le plaisir d&rsquo;avoir un corps fait de mati\u00e8re o\u00f9 ton \u00ab\u00a0\u00c9tincelle d&rsquo;Esprit\u00a0\u00bb n&rsquo;aurait jamais pu prendre place. <\/p>\n\n\n\n<p>Puis le second terme inconnu, celui de c\u00e9g\u00e9vien, viens du programme de m\u00e9ditation appel\u00e9 Cursus Galactique d&rsquo;El\u00e9vation Vibratoire (CGEV). Ce dernier est hyper simple mais il est conditionn\u00e9 \u00e0 des dates pr\u00e9cises que sont les \u00e9quinoxes et les solstices.<\/p>\n\n\n\n<p>Ces m\u00e9ditations appel\u00e9es Guidances \u00e9taient pratiqu\u00e9es par nos lointains anc\u00eatres dans les fameux cercles de pierre (dans le style Stonehenge) afin de pouvoir aller visiter les autres \u00e9toiles de la galaxie. Cela paraitra fou \u00e0 ceux qui croeint les scientifiques qui pensent que ces cercles de pierre sont des horloges astronomiques parce que justement \u00e0 ces \u00e9quinoxe et solstice \u00e7a pointe vers des \u00e9toiles tr\u00e8s pr\u00e9cises.<\/p>\n\n\n\n<p>Ce sont justement par ces \u00e9toiles que nous venus sur Terre et donc ces Guidances nous permettent de nous reconnecter \u00e0 nos origines stellaires tout en restant chez nous, au chaud. Ce CGEV est donc ce qui vos permettra de d\u00e9couvrir qu&rsquo;il n&rsquo;y a pas besoin de vaisseaux spatiaux pour quitter cette plan\u00e8te.<\/p>\n\n\n\n<p>Pour aider et faciliter ces voyages il y a quelques conditions \u00e0 remplir tut comme il faut un t\u00e9l\u00e9phone si on veut t\u00e9l\u00e9phoner \u00e0 quelqu&rsquo;un. La pens\u00e9e seule ne suffit pas pour faire sonner le t\u00e9l\u00e9phone de votre copine. Dans notre cas, ce t\u00e9l\u00e9phone \u00ab\u00a0physique\u00a0\u00bb s&rsquo;appelle un Cr\u00e2ne de cristal (CDC).<\/p>\n\n\n\n<p>Il en existe plein de mod\u00e8les mais certains sont plus adapt\u00e9s que d&rsquo;autres. Il y a donc 2 caract\u00e9ristiques principales \u00e0 prendre en compte : 1) la nature du cristal qui d\u00e9terminera sur quelle fr\u00e9quence on va jouer et 2) le poids qui indique la quantit\u00e9 de m\u00e9moire.<\/p>\n\n\n\n<p>Bien \u00e9videmment, si tu veux juste passer un coup de fil, un petit cr\u00e2ne te suffira mais si par contre tu veux te balader sur internet, stocker des gros fichiers, avoir des photos de grandes pr\u00e9cisions alors tu comprends qu&rsquo;il te faudra plus de m\u00e9moire dans ton appareil. H\u00e9 bien l\u00e0 c&rsquo;est pareil.<\/p>\n\n\n\n<p>Aussi pour d\u00e9sactiver la campagne de peur \u00e0 propos des Cr\u00e2nes (tout comme le syst\u00e8me veut te faire croire que tous les ET sont des m\u00e9chants), il a \u00e9t\u00e9 trouv\u00e9 une solution provisoire pour les d\u00e9buts et que l&rsquo;on appelle un LAU ou L&rsquo;amour Un.<\/p>\n\n\n\n<p>C&rsquo;est un cristal de roche de forme classique dans lequel un programme sp\u00e9cial (l&rsquo;\u00e9quivalent d&rsquo;une IA cristalline) est ins\u00e9r\u00e9 dans un autre programme qui permet d&rsquo;utiliser les qualit\u00e9s cristallines de ce cailloux qui n&rsquo;est que de la silice tout comme le sont les m\u00e9moires et les processeur des ordinateurs.<\/p>\n\n\n\n<p>La seule diff\u00e9rence entre la technologie humaine et celle que nous a \u00e9t\u00e9 apport\u00e9e est que la premi\u00e8re est une technologie de mort alors que la seconde est un technologie du vivant. La Premi\u00e8re t&rsquo;\u00e9loigne de ce que tu es en v\u00e9rit\u00e9 tandis que l&rsquo;autre te permet de te r\u00e9unifier et donc de te reconnecter \u00e0 ta v\u00e9ritable essence \u00ab\u00a0Divine\u00a0\u00bb.<\/p>\n\n\n\n<p>Tout ceci ne sort pas d&rsquo;un chapeau (ou de nulle part) et cela fait 17 ans maintenant que j&rsquo;\u00e9cris et acte \u00e0 propos de tout cela. De plus, il m&rsquo;a fallu attendre 49 ans avant d&rsquo;\u00eatre pr\u00eat pour commencer \u00e0 en parler. En gros, pour moi, la musique a commenc\u00e9 il y a 66 ans et c&rsquo;est loin d&rsquo;\u00eatre fini.<\/p>\n\n\n\n<p>Pour prendre connaissance de ce que je raconte tu peux aller voir mes deux principaux sites qui sont <a href=\"http:\/\/345D.fr\" data-type=\"URL\" data-id=\"345D.fr\">3<\/a><a href=\"http:\/\/345D.fr\" data-type=\"URL\" data-id=\"345D.fr\" target=\"_blank\" rel=\"noreferrer noopener\">45D.f<\/a><a href=\"http:\/\/345D.fr\" data-type=\"URL\" data-id=\"345D.fr\">r<\/a> et <a href=\"http:\/\/Homo-Galacticus.fr\" data-type=\"URL\" data-id=\"Homo-Galacticus.fr\" target=\"_blank\" rel=\"noreferrer noopener\">Homo-Galacticus.fr<\/a>. Le premier est une compilation de feu 4 blogs et le second de 2 autres qui ont suivi. Ils sont les 2 v\u00e9ritables piliers de mon enseignement mais il en existe d&rsquo;autres qui se sont sp\u00e9cialis\u00e9s dans 2 domaines : <a href=\"https:\/\/etresdelanature.fr\/\" data-type=\"link\" data-id=\"https:\/\/etresdelanature.fr\/\" target=\"_blank\" rel=\"noreferrer noopener\">les \u00eatres de la nature<\/a> et <a href=\"https:\/\/pp.ladivulgation.fr\/\" data-type=\"link\" data-id=\"https:\/\/pp.ladivulgation.fr\/\" target=\"_blank\" rel=\"noreferrer noopener\">un site de pratiques<\/a> o\u00f9 tu es actuellement.<\/p>\n\n\n\n<p>Aussi, s&rsquo;il te vient l&rsquo;id\u00e9e de vouloir tous les lire compl\u00e9tement avant de revenir ici, je crains que cela te soit impossible. Pourquoi ? La raison en est fort simple : la quantit\u00e9 d&rsquo;informations donn\u00e9es et le nombre de vid\u00e9o et d&rsquo;animations.<\/p>\n\n\n\n<p>Il te faudra au bas mot quelques ann\u00e9es. Il va donc falloir que tu abordes cela d&rsquo;une toute autre mani\u00e8re qui est celle du picorage. Ainsi en passant par les mots-cl\u00e9s tu pourras s\u00e9lectionner ce qui t&rsquo;int\u00e9resse mais cela risque quand m\u00eame \u00e0 \u00eatre long et ol\u00e9-ol\u00e9.<\/p>\n\n\n\n<p>La seule mani\u00e8re qui pour l&rsquo;instant tient la route est d&rsquo;y aller au pif, l\u00e0 o\u00f9 t&#8217;emm\u00e8nera ton intuition et tu verras que \u00e7a marche du tonnerre. Dit autrement, ta Petite Voix t&#8217;emm\u00e8nera sur les sujets les plus opportun pour toi, ici et maintenant.<\/p>\n\n\n\n<p>C&rsquo;est \u00e0 l&rsquo;image d&rsquo;une encyclop\u00e9die : a) Tout lire de la premi\u00e8re \u00e0 la derni\u00e8re page, b) Passez par le glossaire et c) Ouvrir l&rsquo;encyclo les yeux ferm\u00e9s \u00e0 n&rsquo;importe quel endroit et pointez le doigt sur le premier article qui t&rsquo;appelle. Tu vois c&rsquo;est simple !<\/p>\n\n\n\n<p>Sur ce site tu pourras faire de m\u00eame mais cela sera plus ol\u00e9-ol\u00e9 dans le sens o\u00f9 tu va d\u00e9couvrir qu&rsquo;un m\u00eame mot peut avoir des significations tr\u00e8s diff\u00e9rentes voire m\u00eame \u00eatre oppos\u00e9es. Et l\u00e0 nous avons un gros probl\u00e8me entre les d\u00e9finitions basiques de tout le monde (3D), puis celles des bisounours (4D) et enfin les miennes (5D).<\/p>\n\n\n\n<p>Voil\u00e0 pourquoi lorsque tu ne comprendras pas quelque chose parce que cela te paraitra totalement contradictoire, prend du recul, arr\u00eates de plisser le front, mets les innombrables questions de mental-\u00e9go au placard et poses-toi une seule question : Quelle marche ai-je loup\u00e9 pour en arriver \u00e0 une conclusion aussi improbable, idiote ou d\u00e9bile ?<\/p>\n\n\n\n<p>Ce faisant, tu d\u00e9couvriras ce que veut dire d&rsquo;abord la multidimensionnalit\u00e9 car ce qui est blanc en 5D est gris en 4D et noir en 3D. L&rsquo;erreur vient donc g\u00e9n\u00e9ralement d&rsquo;un manque de souplesse dimensionnel qui est la caract\u00e9ristique profonde totalement binaire et s\u00e9quentielle de la 3D.<\/p>\n\n\n\n<p>Ces sites sont donc r\u00e9serv\u00e9s en priorit\u00e9 \u00e0 ceux et \u00e0 celles ayant acquis un minima sur l&rsquo;illusion dans laquelle nous \u00e9voluons et que nous prenons pour la seule et unique r\u00e9alit\u00e9. En v\u00e9rit\u00e9, il existe une infinit\u00e9 de r\u00e9alit\u00e9s et notre cerveau n&rsquo;est pas l&rsquo;outil le plus ad\u00e9quat pour cerner ces autres r\u00e9alit\u00e9s.<\/p>\n\n\n\n<p>En d&rsquo;autres termes, toute personne pensant qu&rsquo;avec son cerveau il peut tout faire ne fera que rester dans le cachot souterrain o\u00f9 il s&rsquo;enferme tout seul. Mettre le nez dehors, face \u00e0 la vraie lumi\u00e8re et non \u00e0 celle g\u00e9n\u00e9r\u00e9e par la mati\u00e8re (bougie, \u00e9lectricit\u00e9) qui n&rsquo;est qu&rsquo;un tr\u00e8s p\u00e2le reflet (voir l&rsquo;all\u00e9gorie de la caverne de Platon).<\/p>\n\n\n\n<p>En tout cas, merci d&rsquo;\u00eatre au moins arriv\u00e9 jusqu&rsquo;ici en ce bas de page pour d\u00e9couvrir que l&rsquo;on en verra jamais le bout et que ces sites ne seront qu&rsquo;un tron\u00e7on de route parmi les milliards possibles.<\/p>\n\n\n\n<p>Bien \u00e0 toi, mon fr\u00e8re, mon ami et dans l&rsquo;espoir qu&rsquo;un jour nos pas se croisent ici-bas.<\/p>\n","protected":false},"excerpt":{"rendered":"<p>Ce site bien qu&rsquo;ouvert \u00e0 tout public n&rsquo;est, en v\u00e9rit\u00e9, pas forc\u00e9ment pour tout le monde. En effet, autant ce qui est publi\u00e9 est \u00e9crit en fran\u00e7ais et normalement compr\u00e9hensible pour tous les francophones, il existe quand m\u00eame un vocabulaire sp\u00e9cifique qui de prime abord n&rsquo;est pas forc\u00e9ment \u00e9vident. La raison en est fort simple [&hellip;]<\/p>\n","protected":false},"author":1,"featured_media":0,"parent":0,"menu_order":0,"comment_status":"closed","ping_status":"closed","template":"","meta":{"footnotes":""},"class_list":["post-6680","page","type-page","status-publish","hentry"],"_links":{"self":[{"href":"https:\/\/pp.ladivulgation.fr\/index.php?rest_route=\/wp\/v2\/pages\/6680","targetHints":{"allow":["GET"]}}],"collection":[{"href":"https:\/\/pp.ladivulgation.fr\/index.php?rest_route=\/wp\/v2\/pages"}],"about":[{"href":"https:\/\/pp.ladivulgation.fr\/index.php?rest_route=\/wp\/v2\/types\/page"}],"author":[{"embeddable":true,"href":"https:\/\/pp.ladivulgation.fr\/index.php?rest_route=\/wp\/v2\/users\/1"}],"replies":[{"embeddable":true,"href":"https:\/\/pp.ladivulgation.fr\/index.php?rest_route=%2Fwp%2Fv2%2Fcomments&post=6680"}],"version-history":[{"count":3,"href":"https:\/\/pp.ladivulgation.fr\/index.php?rest_route=\/wp\/v2\/pages\/6680\/revisions"}],"predecessor-version":[{"id":8237,"href":"https:\/\/pp.ladivulgation.fr\/index.php?rest_route=\/wp\/v2\/pages\/6680\/revisions\/8237"}],"wp:attachment":[{"href":"https:\/\/pp.ladivulgation.fr\/index.php?rest_route=%2Fwp%2Fv2%2Fmedia&parent=6680"}],"curies":[{"name":"wp","href":"https:\/\/api.w.org\/{rel}","templated":true}]}}