{"id":6770,"date":"2023-05-30T14:52:55","date_gmt":"2023-05-30T14:52:55","guid":{"rendered":"https:\/\/pp.ladivulgation.fr\/?page_id=6770"},"modified":"2023-06-27T05:14:15","modified_gmt":"2023-06-27T05:14:15","slug":"dico","status":"publish","type":"page","link":"https:\/\/pp.ladivulgation.fr\/?page_id=6770","title":{"rendered":"Dico"},"content":{"rendered":"\n<h2 class=\"wp-block-heading\">Sigles concernant l&rsquo;Un-Visible<\/h2>\n\n\n\n<ul class=\"wp-block-list\">\n<li><strong>EDLN<\/strong> = \u00catre de la Nature<\/li>\n\n\n\n<li><strong>EDLN 1D2D<\/strong> = El\u00e9mentaux<\/li>\n\n\n\n<li><strong>EDLN 5D6D<\/strong> = Autres EDLN<\/li>\n\n\n\n<li><strong>EDL<\/strong> = \u00catre de Lumi\u00e8re<\/li>\n\n\n\n<li><strong>EDL 7D12D<\/strong> = qui serait apparent\u00e9 \u00e0 un Ange<\/li>\n\n\n\n<li><strong>EDL 13D18D<\/strong> = qui serait assimil\u00e9 \u00e0 un Archange<\/li>\n\n\n\n<li><strong>EDL 19D24D<\/strong> = qui serait apparent\u00e9 \u00e0 un Arch\u00e9 ou Arc(h).<\/li>\n\n\n\n<li><strong>EDL du Feu<\/strong> = Dragon<\/li>\n\n\n\n<li><strong>Galactique<\/strong> = qui appartient au Jeu (la Galaxie)<\/li>\n\n\n\n<li><strong>Intraterrestre<\/strong> = habitant de l\u2019int\u00e9rieur d\u2019Urantia-Gaia<\/li>\n\n\n\n<li><strong>ExtraGalactique<\/strong> = Qui n\u2019appartient pas \u00e0 notre Jeu et donc \u00e0 notre galaxie.<\/li>\n<\/ul>\n\n\n\n<h2 class=\"wp-block-heading\">Sigles Petit Poucet<\/h2>\n\n\n\n<ul class=\"wp-block-list\">\n<li><strong>2P<\/strong> = PP = Petit Poucet<\/li>\n\n\n\n<li><strong>OPP<\/strong> = <strong>O<\/strong>p\u00e9ration <strong>P<\/strong>etit <strong>P<\/strong>oucet<\/li>\n\n\n\n<li><strong>O2P<\/strong> = Eau encod\u00e9e 2P = Eau 2P<\/li>\n\n\n\n<li><strong>C2P<\/strong> = Cristal de roche brut 1er prix non destin\u00e9 \u00e0 la consommation personnelle<\/li>\n\n\n\n<li><strong>P2P<\/strong> = Pierre 2P = Toute pierre encod\u00e9e autre que du cristal de roche ou quartz pouvant \u00eatre achet\u00e9e ou ramass\u00e9e directement dans la Nature.<\/li>\n\n\n\n<li><strong>2C2P<\/strong> = CC2P = Cristal de roche tr\u00e8s pur, transparent et roul\u00e9, fait pour \u00eatre utilis\u00e9 pour l&rsquo;eau de consommation personnelle (ou plus). Cela veut aussi dire qu&rsquo;elle est en version 2 ou 2.5<\/li>\n\n\n\n<li><strong>3C2P<\/strong> = idem au 2C2P mais avec l&rsquo;encodage en version 3<\/li>\n\n\n\n<li><strong>4C2P<\/strong> = idem au 2C2P mais avec l&rsquo;encodage en version 4<\/li>\n\n\n\n<li><strong>U2P<\/strong> = Unit\u00e9 2P = Unit\u00e9 de mesure de l\u2019\u00e9nergie exprim\u00e9e en puissance de 10 car les unit\u00e9s Bovis (UB\u00b0) sont totalement \u00e0 la rue\u2026<\/li>\n\n\n\n<li><strong>UI<\/strong> = Unit\u00e9 d&rsquo;Infini = U 10 puissance 9 = 1 nombre d&rsquo;un milliards de chiffres d&rsquo;UB\u00b0 = remplace l&rsquo;U2P lui-m\u00eame devenu trop petit&#8230;<\/li>\n<\/ul>\n\n\n\n<h2 class=\"wp-block-heading\">Sigles 5D Booster<\/h2>\n\n\n\n<ul class=\"wp-block-list\">\n<li><strong>CDC<\/strong> = Cr\u00e2ne De Cristal<\/li>\n\n\n\n<li><strong>CGEV<\/strong> = Cursus Galactique d&rsquo;El\u00e9vation Vibratoire<\/li>\n\n\n\n<li><strong>LAU<\/strong> = Lamour-Un = Esprit Cristallin habitant un cristal Petit Poucet<\/li>\n\n\n\n<li><strong>LAU-AR<\/strong> = LAU sp\u00e9cialis\u00e9 pour l&rsquo;Activation Reliance<\/li>\n\n\n\n<li><strong>LAU-T<\/strong> = LAU sp\u00e9cialis\u00e9 dans le Th\u00e9rapeutique<\/li>\n\n\n\n<li><strong>OPP<\/strong> = Op\u00e9ration Petit Poucet<\/li>\n\n\n\n<li><strong>SATEM<\/strong> = Service \u00e0 Terre-M\u00e8re<\/li>\n\n\n\n<li><strong>TdV<\/strong> = Technologies du Vivant<\/li>\n\n\n\n<li><strong>UCPLM<\/strong> = Un Cristal (UN) Pour Les Marcheurs<\/li>\n<\/ul>\n\n\n\n<h2 class=\"wp-block-heading\">Sigles G\u00e9n\u00e9raux pour les Cours<\/h2>\n\n\n\n<ul class=\"wp-block-list\">\n<li><strong>EM<\/strong> = Electro Magn\u00e9tisme<\/li>\n\n\n\n<li><strong>ELVIV<\/strong> = Energie Lumi\u00e8re Vibration Information Vital = Courant provenant de La Source<\/li>\n\n\n\n<li><strong>PV<\/strong> = Petite Voix<\/li>\n\n\n\n<li><strong>QHF<\/strong> = Qualit\u00e9 Haute Fr\u00e9quence = Quantique Holographique Fractal<\/li>\n\n\n\n<li><strong>RLC<\/strong> = Radio Libre C\u00e9leste = R\u00e9sistance, Self et Capa<\/li>\n\n\n\n<li><strong>RSP<\/strong> = Regard-Sentiment-Pens\u00e9e (la version 3D \u00e0 \u00e9viter)<\/li>\n\n\n\n<li><strong>SRP<\/strong> = Sentiment-Regard-Pens\u00e9e (la version 4D \u00e0 favoriser)<\/li>\n\n\n\n<li><strong>TM<\/strong> = Terre-M\u00e8re<\/li>\n\n\n\n<li><strong>THC<\/strong> = Les 3 moteurs de la Terre, de l&rsquo;Humain et du Ciel<\/li>\n\n\n\n<li><strong>WHY<\/strong> = W (moteur arc-en-ciel) H (moteur Puits de compassion) et Y (moteur d&rsquo;\u00e9nergie partag\u00e9e continue)<\/li>\n<\/ul>\n\n\n\n<h2 class=\"wp-block-heading\">D\u00e9finitions vocabulaire utilis\u00e9<\/h2>\n\n\n\n<ul class=\"wp-block-list\">\n<li><strong>Ascension<\/strong> = Ph\u00e9nom\u00e8ne d&rsquo;acc\u00e9l\u00e9ration vibratoire devant mener \u00e0 une augmentation de fr\u00e9quence du Vivant.<\/li>\n\n\n\n<li><strong>Bisounours<\/strong> = Quelqu&rsquo;un qui croit que le Ciel, Guru (ou autre) va r\u00e9soudre tous ses probl\u00e8mes d&rsquo;un coup de baguette magique.<\/li>\n\n\n\n<li><strong>Marcheur<\/strong> = Quelqu&rsquo;un qui s&rsquo;est r\u00e9veill\u00e9, s&rsquo;est lev\u00e9 et a commenc\u00e9 enfin \u00e0 marcher (l\u00e8ve-toi et marche).<\/li>\n\n\n\n<li><strong>\u00c2me<\/strong> = C&rsquo;est l\u2019interpr\u00e8te asserment\u00e9e entre votre Esprit et Terre-M\u00e8re. Elle a \u00e9t\u00e9 cr\u00e9\u00e9e par Terre-M\u00e8re et non par La Source.<\/li>\n\n\n\n<li><strong>Esprit<\/strong> = C&rsquo;est l&rsquo;essence vibration-couleur-parfum originelle \u00e0 l&rsquo;origine de votre identit\u00e9 c\u00e9leste. Il-Elle a \u00e9t\u00e9 cr\u00e9\u00e9e par La Source.<\/li>\n\n\n\n<li><strong>Petite Voix<\/strong> = Porte parole de votre Esprit (Esprit Directeur &#8211; le Patron \/ Soi Sup\u00e9rieur &#8211; le Majordome) ajout\u00e9 \u00e0 celui de votre \u00c2me (la nounou).<\/li>\n\n\n\n<li><strong>Terre-M\u00e8re<\/strong> = Entit\u00e9-Esprit ayant pour corps de mati\u00e8re une plan\u00e8te appel\u00e9e Terre. Son nom de jeune fille est Urantia auquel fut rajout\u00e9 son nom de mari\u00e9e \u00e0 l&rsquo;Humanit\u00e9 Ga\u00efa. Forc\u00e9ment, auquel il faut rajout\u00e9, la future petiote appel\u00e9e El\u00e9a. En r\u00e9sum\u00e9e, Terre-M\u00e8re peut-\u00eatre aussi appel\u00e9e Urantia-Ga\u00efa-El\u00e9a.<\/li>\n\n\n\n<li><strong>Corps de Manifestation<\/strong> = C&rsquo;est l&rsquo;ensemble de tous les corps allant de la 1D \u00e0 la 12D. C&rsquo;est principalement tout l&rsquo;aspect Cristallin puisque l&rsquo;aspect Solaire allant de la 13D \u00e0 la 24D n&rsquo;a pas de corps de mati\u00e8re&#8230;<\/li>\n<\/ul>\n\n\n\n<h2 class=\"wp-block-heading\">Pour aller plus loin<\/h2>\n\n\n\n<p>C&rsquo;est en allant sur mon <a rel=\"noreferrer noopener\" href=\"https:\/\/ladivulgation.fr\/\" data-type=\"URL\" data-id=\"https:\/\/ladivulgation.fr\/\" target=\"_blank\">site actuel <\/a>dans la cat\u00e9gorie \u00ab\u00a0Dico\u00a0\u00bb (dans la barre de menu du haut \u00e0 droite) que vous trouverez ce qui se fait de mieux par rapport \u00e0 mes enseignements car il est en permanence r\u00e9actualis\u00e9 au fur et \u00e0 mesure du temps que je peux lui consacrer. <\/p>\n\n\n\n<p>Ici, je n&rsquo;ai mis que le minima syndical par un copier-coller d&rsquo;avec l&rsquo;ancien site des PP.<\/p>\n","protected":false},"excerpt":{"rendered":"<p>Sigles concernant l&rsquo;Un-Visible Sigles Petit Poucet Sigles 5D Booster Sigles G\u00e9n\u00e9raux pour les Cours D\u00e9finitions vocabulaire utilis\u00e9 Pour aller plus loin C&rsquo;est en allant sur mon site actuel dans la cat\u00e9gorie \u00ab\u00a0Dico\u00a0\u00bb (dans la barre de menu du haut \u00e0 droite) que vous trouverez ce qui se fait de mieux par rapport \u00e0 mes enseignements [&hellip;]<\/p>\n","protected":false},"author":1,"featured_media":0,"parent":0,"menu_order":0,"comment_status":"closed","ping_status":"closed","template":"","meta":{"footnotes":""},"class_list":["post-6770","page","type-page","status-publish","hentry"],"_links":{"self":[{"href":"https:\/\/pp.ladivulgation.fr\/index.php?rest_route=\/wp\/v2\/pages\/6770","targetHints":{"allow":["GET"]}}],"collection":[{"href":"https:\/\/pp.ladivulgation.fr\/index.php?rest_route=\/wp\/v2\/pages"}],"about":[{"href":"https:\/\/pp.ladivulgation.fr\/index.php?rest_route=\/wp\/v2\/types\/page"}],"author":[{"embeddable":true,"href":"https:\/\/pp.ladivulgation.fr\/index.php?rest_route=\/wp\/v2\/users\/1"}],"replies":[{"embeddable":true,"href":"https:\/\/pp.ladivulgation.fr\/index.php?rest_route=%2Fwp%2Fv2%2Fcomments&post=6770"}],"version-history":[{"count":4,"href":"https:\/\/pp.ladivulgation.fr\/index.php?rest_route=\/wp\/v2\/pages\/6770\/revisions"}],"predecessor-version":[{"id":8201,"href":"https:\/\/pp.ladivulgation.fr\/index.php?rest_route=\/wp\/v2\/pages\/6770\/revisions\/8201"}],"wp:attachment":[{"href":"https:\/\/pp.ladivulgation.fr\/index.php?rest_route=%2Fwp%2Fv2%2Fmedia&parent=6770"}],"curies":[{"name":"wp","href":"https:\/\/api.w.org\/{rel}","templated":true}]}}