{"id":6775,"date":"2023-05-30T15:00:08","date_gmt":"2023-05-30T15:00:08","guid":{"rendered":"https:\/\/pp.ladivulgation.fr\/?page_id=6775"},"modified":"2025-01-17T13:48:43","modified_gmt":"2025-01-17T13:48:43","slug":"meditations-yz-et-guyz","status":"publish","type":"page","link":"https:\/\/pp.ladivulgation.fr\/?page_id=6775","title":{"rendered":"M\u00e9ditations YZ et GUYZ"},"content":{"rendered":"\n<p>Souvent on me demande comment faire pour am\u00e9liorer sa connexion \u00e0 l\u2019Un-Visible. Vous trouverez donc ici toute la panoplie actuellement disponible par nos 2 intervenants majeurs YZ (un Esprit Cristallin) et GUYZ (un Druide \u00e9th\u00e9rique).<\/p>\n\n\n\n<p>Ces m\u00e9ditations ou introspections sont des enregistrements canalis\u00e9s en direct par Corinne (la compagne du plombier) avec pour cobaye et intervenant humain le plombier lui-m\u00eame !<\/p>\n\n\n\n<p>Pour t\u00e9l\u00e9charger le fichier audio, faites un clic-droit, \u00ab\u00a0Enregistrer la cible du lien sous\u00a0\u00bb<\/p>\n\n\n\n<h3 class=\"wp-block-heading has-text-align-center has-white-color has-pale-pink-background-color has-text-color has-background has-link-color has-medium-font-size wp-elements-d8d71a28bdd393c34ac063cee8ed641a\" style=\"border-radius:38px\"><strong><em>Exercices et Informations donn\u00e9s par <\/em> l\u2019Esprit Cristallin YZ<\/strong><\/h3>\n\n\n\n<p>Pour en savoir plus, allez sur l\u2019article :<a href=\"http:\/\/etresdelanature.fr\/26-intro-a-comment-se-connecter-a-sa-petite-voix\/\" target=\"_blank\" rel=\"noopener noreferrer\"> Intro \u00e0 comment se connecter \u00e0 sa petite voix<\/a><\/p>\n\n\n\n<p><strong>Exercice du champ intuitif et cognitif : <\/strong><\/p>\n\n\n\n<p><a href=\"http:\/\/files.etresdelanature.fr\/YS-1_intro.mp3\" target=\"_blank\" rel=\"noopener noreferrer\">Les pr\u00e9requis \u00e0 suivre <\/a>(dur\u00e9e 10:00 mn)<\/p>\n\n\n\n<p><a href=\"http:\/\/files.etresdelanature.fr\/YS-2_meditation.mp3\" target=\"_blank\" rel=\"noopener noreferrer\">La M\u00e9ditation Sensorielle <\/a>(28:30 mn)<\/p>\n\n\n\n<p><a href=\"http:\/\/files.etresdelanature.fr\/YZ-3_communication.mp3\" target=\"_blank\" rel=\"noopener noreferrer\">Explications compl\u00e9mentaires<\/a> (24:58 mn)<\/p>\n\n\n\n<h3 class=\"wp-block-heading has-text-align-center has-white-color has-pale-pink-background-color has-text-color has-background has-link-color has-medium-font-size wp-elements-a5fdc9a2e69a7a7ccc95579f691fd33a\" style=\"border-radius:71px\"><strong><em>Exercices et Informations donn\u00e9s par <\/em>le Druide GUYZ<\/strong><\/h3>\n\n\n\n<p>Pour en savoir plus allez sur l\u2019article : <a href=\"http:\/\/etresdelanature.fr\/48-se-faire-accompagner-par-un-druide-edl-intro\" target=\"_blank\" rel=\"noopener noreferrer\">48 \u2013 Se faire accompagner par un Druide EDL (intro)<\/a><\/p>\n\n\n\n<p>Intro YZ \u2013 <a href=\"http:\/\/files.etresdelanature.fr\/G00__YZ-presente-GUYZ_01.mp3\" target=\"_blank\" rel=\"noopener noreferrer\">Fichier mp3 \u00e0 t\u00e9l\u00e9charger <\/a>(13:16 mn)<\/p>\n\n\n\n<p>Intro GUYZ partie 1 \u2013 <a href=\"http:\/\/files.etresdelanature.fr\/G01__GUYZ-se-presente_part-01.mp3\" target=\"_blank\" rel=\"noopener noreferrer\">Fichier mp3 \u00e0 t\u00e9l\u00e9charger <\/a>(6:30 mn)<\/p>\n\n\n\n<p>Intro GUYZ partie 2 \u2013 <a href=\"http:\/\/files.etresdelanature.fr\/G02__GUYZ-se-presente_part-02.mp3\" target=\"_blank\" rel=\"noopener noreferrer\">Fichier mp3 \u00e0 t\u00e9l\u00e9charger <\/a>(7:00 mn)<\/p>\n\n\n\n<p>Intro GUYZ partie 3 \u2013 <a href=\"http:\/\/files.etresdelanature.fr\/G03__GUYZ-se-presente_part-03.mp3\" target=\"_blank\" rel=\"noopener noreferrer\">Fichier mp3 \u00e0 t\u00e9l\u00e9charger<\/a> (17:53 mn)<\/p>\n\n\n\n<p>Intro GUYZ partie 4 \u2013 <a href=\"http:\/\/files.etresdelanature.fr\/G04__GUYZ-se-presente_part-04.mp3\" target=\"_blank\" rel=\"noopener noreferrer\">Fichier mp3 \u00e0 t\u00e9l\u00e9charger<\/a> (8:40 mn)<\/p>\n\n\n\n<p>***********************************<\/p>\n\n\n\n<p>2\u00e8me interview \u2013 Partie 1 \u2013 <a href=\"http:\/\/files.etresdelanature.fr\/G05__GUYZ_A_part-01.mp3\" target=\"_blank\" rel=\"noopener noreferrer\">Fichier mp3 \u00e0 t\u00e9l\u00e9charger <\/a>(22:33 mn)<\/p>\n\n\n\n<p>2\u00e8me interview \u2013 Partie 2 \u2013 <a href=\"http:\/\/files.etresdelanature.fr\/G06__GUYZ_A_part-02.mp3\" target=\"_blank\" rel=\"noopener noreferrer\">Fichier mp3 \u00e0 t\u00e9l\u00e9charger <\/a>(21:40 mn)<\/p>\n\n\n\n<p>2\u00e8me interview \u2013 Partie 3 \u2013 <a href=\"http:\/\/files.etresdelanature.fr\/G07__GUYZ_A_part-03.mp3\" target=\"_blank\" rel=\"noopener noreferrer\">Fichier mp3 \u00e0 t\u00e9l\u00e9charger<\/a> (19:06 mn)<\/p>\n\n\n\n<p><em><strong>Exercice 1<\/strong><\/em><\/p>\n\n\n\n<p>Exercice 01 \u2013 Partie 1 \u2013 Intro \u2013 <a href=\"http:\/\/files.etresdelanature.fr\/G08__GUYZ_B_01_intro.mp3\" target=\"_blank\" rel=\"noopener noreferrer\">Fichier mp3 \u00e0 t\u00e9l\u00e9charger <\/a>(11:47 mn)<\/p>\n\n\n\n<p>Exercice 01 * Partie 2 \u2013 M\u00e9ditation 1 \u2013 <a href=\"http:\/\/files.etresdelanature.fr\/G09__GUYZ_B_02_medit-01.mp3\" target=\"_blank\" rel=\"noopener noreferrer\">Fichier mp3 \u00e0 t\u00e9l\u00e9charger <\/a>(54:49 mn)<\/p>\n\n\n\n<p>Exercice 01 \u2013 Partie 3 \u2013 Glossaire \u2013 <a href=\"http:\/\/files.etresdelanature.fr\/G10__GUYZ_B_03_glossaire.mp3\" target=\"_blank\" rel=\"noopener noreferrer\">Fichier mp3 \u00e0 t\u00e9l\u00e9charger<\/a> (3:46 mn)<\/p>\n\n\n\n<p>Exercice 01 \u2013 Partie 4 \u2013 Explications \u2013 <a href=\"http:\/\/files.etresdelanature.fr\/G11__GUYZ_B_04_explic.mp3\" target=\"_blank\" rel=\"noopener noreferrer\">Fichier mp3 \u00e0 t\u00e9l\u00e9charger<\/a> (16:05 mn)<\/p>\n\n\n\n<p>***********************************<\/p>\n\n\n\n<p><em><strong>Exercice 2<\/strong><\/em><\/p>\n\n\n\n<p>Exercice 02 \u2013 Partie 1 \u2013 Intro \u2013 <a href=\"http:\/\/files.etresdelanature.fr\/G12__GUYZ_C_01_intro.mp3\" target=\"_blank\" rel=\"noopener noreferrer\">Fichier mp3 \u00e0 t\u00e9l\u00e9charger <\/a>(2:44 mn)<\/p>\n\n\n\n<p>Exercice 02 \u2013 Partie 2 \u2013 M\u00e9ditation 2 \u2013 <a href=\"http:\/\/files.etresdelanature.fr\/G13__GUYZ_C_02_medit-02.mp3\" target=\"_blank\" rel=\"noopener noreferrer\">Fichier mp3 \u00e0 t\u00e9l\u00e9charger <\/a>(31:11 mn)<\/p>\n\n\n\n<p>***********************************<\/p>\n\n\n\n<p><em><strong>Exercice 3 : La Balle de Soleil<\/strong><\/em><\/p>\n\n\n\n<p>Exercice 03 \u2013 Intro \u2013 <a href=\"http:\/\/files.etresdelanature.fr\/G14__GUYZ_D_01_intro.mp3\" target=\"_blank\" rel=\"noopener noreferrer\">Fichier mp3 \u00e0 t\u00e9l\u00e9charger <\/a>(1:09 mn)<\/p>\n\n\n\n<p>Exercice 03 \u2013 Exercice \u2013 <a href=\"http:\/\/files.etresdelanature.fr\/G15__GUYZ_D_02_exo-01.mp3\" target=\"_blank\" rel=\"noopener noreferrer\">Fichier mp3 \u00e0 t\u00e9l\u00e9charger <\/a>(33:48 mn)<\/p>\n\n\n\n<p>Exercice 03 \u2013 Explications \u2013 <a href=\"http:\/\/files.etresdelanature.fr\/G16__GUYZ_D_03_Explic.mp3\" target=\"_blank\" rel=\"noopener noreferrer\">Fichier mp3 \u00e0 t\u00e9l\u00e9charger <\/a>(16:25 mn)<\/p>\n\n\n\n<p>***********************************<\/p>\n\n\n\n<p><em><strong>Exercice 4 : Trouver un ami<\/strong><\/em><\/p>\n\n\n\n<p>Exercice 04 <a href=\"http:\/\/files.etresdelanature.fr\/G17__GUYZ_G_TrouverUnAmi.mp3\" target=\"_blank\" rel=\"noopener noreferrer\">Fichier mp3 \u00e0 t\u00e9l\u00e9charger <\/a>(52:05 mn)<\/p>\n\n\n\n<p>***********************************<\/p>\n\n\n\n<p><em><strong>Exercice 5 : Le Feu du Coeur<\/strong><\/em><\/p>\n\n\n\n<p>Exercice 05 \u2013 Intro \u2013 <a href=\"http:\/\/files.etresdelanature.fr\/G18__GUYZ_F_01_INTRO_FeuDuCoeur.mp3\" target=\"_blank\" rel=\"noopener noreferrer\">Fichier mp3 \u00e0 t\u00e9l\u00e9charger <\/a>(23:28 mn)<\/p>\n\n\n\n<p>Exercice 05 \u2013 Exercice 1 \u2013 <a href=\"http:\/\/files.etresdelanature.fr\/G19__GUYZ_F_02_EXO1_LePetitGeste.mp3\" target=\"_blank\" rel=\"noopener noreferrer\">Fichier mp3 \u00e0 t\u00e9l\u00e9charger <\/a>(23:03 mn)<\/p>\n\n\n\n<p>Exercice 05 \u2013 Explication \u2013 <a href=\"http:\/\/files.etresdelanature.fr\/G20__GUYZ_F_03_EXPLI_FeuDuCoeur.mp3\" target=\"_blank\" rel=\"noopener noreferrer\">Fichier mp3 \u00e0 t\u00e9l\u00e9charger <\/a>(11:55 mn)<\/p>\n\n\n\n<p>Exercice 05 \u2013 Exercice 2 \u2013 <a href=\"http:\/\/files.etresdelanature.fr\/G21__GUYZ_F_04_EXO2_FeuDuCoeur.mp3\" target=\"_blank\" rel=\"noopener noreferrer\">Fichier mp3 \u00e0 t\u00e9l\u00e9charger <\/a>(12:25 mn)<\/p>\n\n\n\n<p>***********************************<\/p>\n\n\n\n<p><em><strong>Exercice 6 : Le Flux des Mains<\/strong><\/em><\/p>\n\n\n\n<p>Exercice 06 \u2013 Intro \u2013 <a href=\"http:\/\/files.etresdelanature.fr\/G22__GUYZ_H_01_INTRO_FluxDesMains.mp3\" target=\"_blank\" rel=\"noopener noreferrer\">Fichier mp3 \u00e0 t\u00e9l\u00e9charger <\/a>(6:16 mn)<\/p>\n\n\n\n<p>Exercice 06 \u2013 Exercice A \u2013 Boule de Lumi\u00e8re <a href=\"http:\/\/files.etresdelanature.fr\/G23__GUYZ_H_02_EXO-A_Flux_BouleDeLumiere.mp3\" target=\"_blank\" rel=\"noopener noreferrer\">Fichier mp3 \u00e0 t\u00e9l\u00e9charger <\/a>(20:53 mn)<\/p>\n\n\n\n<p>Exercice 06 \u2013 Exercice B \u2013 Doigt Aimant <a href=\"http:\/\/files.etresdelanature.fr\/G24__GUYZ_H_03_EXO-B_Flux_DoigtAimant.mp3\" target=\"_blank\" rel=\"noopener noreferrer\">Fichier mp3 \u00e0 t\u00e9l\u00e9charger <\/a>(10:18 mn)<\/p>\n\n\n\n<p>Exercice 06 \u2013 Exercice C \u2013 Ballon <a href=\"http:\/\/files.etresdelanature.fr\/G25__GUYZ_H_04_EXO-C_Flux_Ballon.mp3\" target=\"_blank\" rel=\"noopener noreferrer\">Fichier mp3 \u00e0 t\u00e9l\u00e9charger <\/a>(14:48 mn)<\/p>\n\n\n\n<p>Exercice 06 \u2013 Exercice D \u2013 Voir le Flux <a href=\"http:\/\/files.etresdelanature.fr\/G26__GUYZ_H_05_EXO-D_Flux_VoirLeFlux.mp3\" target=\"_blank\" rel=\"noopener noreferrer\">Fichier mp3 \u00e0 t\u00e9l\u00e9charger <\/a>(4:48 mn)<\/p>\n\n\n\n<p>Exercice 06 \u2013 Explication <a href=\"http:\/\/files.etresdelanature.fr\/G27__GUYZ_H_06_EXPLIC_FluxDesMains.mp3\" target=\"_blank\" rel=\"noopener noreferrer\">Fichier mp3 \u00e0 t\u00e9l\u00e9charger <\/a>(4:19 mn)<\/p>\n\n\n\n<p>***********************************<\/p>\n\n\n\n<p><em><strong>Exercice 7 : Le Oui de l\u2019Arbre<\/strong><\/em><\/p>\n\n\n\n<p>Exercice 07 \u2013 Intro \u2013 <a href=\"http:\/\/files.etresdelanature.fr\/G28__GUYZ_J_01_INTRO_LeOUIdeLarbre.mp3\" target=\"_blank\" rel=\"noopener noreferrer\">Fichier mp3 \u00e0 t\u00e9l\u00e9charger <\/a>(16:17 mn)<\/p>\n\n\n\n<p>Exercice 07 \u2013 Pr\u00e9requis <a href=\"http:\/\/files.etresdelanature.fr\/G29__GUYZ_J_02_PreREQUIS_LeOUIdeLarbre.mp3\" target=\"_blank\" rel=\"noopener noreferrer\">Fichier mp3 \u00e0 t\u00e9l\u00e9charger <\/a>(11:40 mn)<\/p>\n\n\n\n<p>Exercice 07 \u2013 Exercice 1 \u2013 Bonjour <a href=\"http:\/\/files.etresdelanature.fr\/G30__GUYZ_J_03_EXO01_LeOUI_Bonjour.mp3\" target=\"_blank\" rel=\"noopener noreferrer\">Fichier mp3 \u00e0 t\u00e9l\u00e9charger <\/a>(10:03 mn)<\/p>\n\n\n\n<p>Exercice 07 \u2013 Exercice 2 \u2013 Le OUI <a href=\"http:\/\/files.etresdelanature.fr\/G31__GUYZ_J_04_EXO2_LeOUIdeLarbre.mp3\" target=\"_blank\" rel=\"noopener noreferrer\">Fichier mp3 \u00e0 t\u00e9l\u00e9charger <\/a>(21:50 mn)<\/p>\n\n\n\n<p>Exercice 07 \u2013 Explication <a href=\"http:\/\/files.etresdelanature.fr\/G32__GUYZ_J_05_EXPLIC_LeOUIdeLarbre.mp3\" target=\"_blank\" rel=\"noopener noreferrer\">Fichier mp3 \u00e0 t\u00e9l\u00e9charger <\/a>(13:36 mn)<\/p>\n\n\n\n<p>***********************************<\/p>\n\n\n\n<p><em><strong>Saison 2<\/strong><\/em><\/p>\n\n\n\n<p>Intro partie 1 <a href=\"http:\/\/files.etresdelanature.fr\/G33_GUYZ_K_01_INTRO_Saison_2.mp3\" target=\"_blank\" rel=\"noopener noreferrer\">Fichier mp3 \u00e0 t\u00e9l\u00e9charger <\/a> (96:26 mn)<\/p>\n\n\n\n<p>Intro partie 2 <a href=\"http:\/\/files.etresdelanature.fr\/G34_GUYZ_K_02_INTRO2_Chambre-enfant.mp3\" target=\"_blank\" rel=\"noopener noreferrer\">Fichier mp3 \u00e0 t\u00e9l\u00e9charger<\/a> (53:06 mn)<\/p>\n\n\n\n<p>***********************************<\/p>\n\n\n\n<p><em><strong>La Respiration ELVIV<\/strong><\/em><\/p>\n\n\n\n<p>Introduction <a href=\"http:\/\/files.etresdelanature.fr\/G35_GUYZ_01_Intro_Respir_ELVIV.mp3\" target=\"_blank\" rel=\"noopener noreferrer\">Fichier mp3 \u00e0 t\u00e9l\u00e9charger <\/a> (19:43 mn)<\/p>\n\n\n\n<p>Introspection <a href=\"http:\/\/files.etresdelanature.fr\/G35_GUYZ_02_Module_Respir_ELVIV.mp3\" target=\"_blank\" rel=\"noopener noreferrer\">Fichier mp3 \u00e0 t\u00e9l\u00e9charger<\/a> (41:14 mn)<\/p>\n\n\n\n<p>Explication <a href=\"http:\/\/files.etresdelanature.fr\/G35_GUYZ_03_Explication_Respir_ELVIV.mp3\" target=\"_blank\" rel=\"noopener noreferrer\">Fichier mp3 \u00e0 t\u00e9l\u00e9charger<\/a> (34:44 mn)<\/p>\n\n\n\n<p>***********************************<\/p>\n\n\n\n<p><\/p>\n\n\n\n<h3 class=\"wp-block-heading has-luminous-vivid-orange-color has-text-color has-link-color wp-elements-bda556adb0a7dd9d7f0f793b7261d95c\"><strong><em>Autre exercice qui sera repris par GUYZ plus tard concernant le Nettoyage Vibratoire<\/em><\/strong><\/h3>\n\n\n\n<p><a title=\"Exercice nettoyage vibratoire mp4\" href=\"https:\/\/files.homo-galacticus.fr\/videos\/7D-03_Exercice_netoyage_vibratoire_VIDEO_01\/7D-03_Exercice_netoyage_vibratoire_VIDEO_01.mp4\" target=\"_blank\" rel=\"noopener noreferrer\">vid\u00e9o (mp4)<\/a><\/p>\n\n\n\n<p><a title=\"Exercice nettoyage vibratoire mp3 bande-son vid\u00e9o\" href=\"https:\/\/files.homo-galacticus.fr\/videos\/7D-03_Exercice_netoyage_vibratoire_VIDEO_01\/7D-03_Exercice_netoyage_vibratoire_VIDEO_01.mp4\" target=\"_blank\" rel=\"noopener noreferrer\">Bande-son de la vid\u00e9o (mp3)<\/a><\/p>\n\n\n\n<p><a title=\"Exercice nettoyage vibratoire dessin\" rel=\"noopener noreferrer\" href=\"https:\/\/files.homo-galacticus.fr\/pdf\/Exercice_de_nettoyage_vibratoire.pdf\" target=\"_blank\">Dessin pour l\u2019exercice (pdf)<\/a><\/p>\n\n\n\n<p>***********************************<\/p>\n\n\n\n<p><em><strong>Le Sourire Int\u00e9rieur<\/strong><\/em><\/p>\n\n\n\n<p>M\u00e9ditation <a href=\"https:\/\/files.uni5d.fr\/mp3\/BYZ\/Sourire_Interieur_all.mp3\" data-type=\"link\" data-id=\"https:\/\/files.uni5d.fr\/mp3\/BYZ\/Sourire_Interieur_all.mp3\">Fichier mp3 \u00e0 t\u00e9l\u00e9charger <\/a>ou lire ci-dessous<\/p>\n\n\n\n<figure class=\"wp-block-audio\"><audio controls src=\"https:\/\/files.uni5d.fr\/mp3\/BYZ\/Sourire_Interieur_all.mp3\"><\/audio><\/figure>\n","protected":false},"excerpt":{"rendered":"<p>Souvent on me demande comment faire pour am\u00e9liorer sa connexion \u00e0 l\u2019Un-Visible. Vous trouverez donc ici toute la panoplie actuellement disponible par nos 2 intervenants majeurs YZ (un Esprit Cristallin) et GUYZ (un Druide \u00e9th\u00e9rique). Ces m\u00e9ditations ou introspections sont des enregistrements canalis\u00e9s en direct par Corinne (la compagne du plombier) avec pour cobaye et [&hellip;]<\/p>\n","protected":false},"author":1,"featured_media":0,"parent":0,"menu_order":0,"comment_status":"closed","ping_status":"closed","template":"","meta":{"footnotes":""},"class_list":["post-6775","page","type-page","status-publish","hentry"],"_links":{"self":[{"href":"https:\/\/pp.ladivulgation.fr\/index.php?rest_route=\/wp\/v2\/pages\/6775","targetHints":{"allow":["GET"]}}],"collection":[{"href":"https:\/\/pp.ladivulgation.fr\/index.php?rest_route=\/wp\/v2\/pages"}],"about":[{"href":"https:\/\/pp.ladivulgation.fr\/index.php?rest_route=\/wp\/v2\/types\/page"}],"author":[{"embeddable":true,"href":"https:\/\/pp.ladivulgation.fr\/index.php?rest_route=\/wp\/v2\/users\/1"}],"replies":[{"embeddable":true,"href":"https:\/\/pp.ladivulgation.fr\/index.php?rest_route=%2Fwp%2Fv2%2Fcomments&post=6775"}],"version-history":[{"count":6,"href":"https:\/\/pp.ladivulgation.fr\/index.php?rest_route=\/wp\/v2\/pages\/6775\/revisions"}],"predecessor-version":[{"id":8287,"href":"https:\/\/pp.ladivulgation.fr\/index.php?rest_route=\/wp\/v2\/pages\/6775\/revisions\/8287"}],"wp:attachment":[{"href":"https:\/\/pp.ladivulgation.fr\/index.php?rest_route=%2Fwp%2Fv2%2Fmedia&parent=6775"}],"curies":[{"name":"wp","href":"https:\/\/api.w.org\/{rel}","templated":true}]}}