{"id":8202,"date":"2023-06-27T05:51:48","date_gmt":"2023-06-27T05:51:48","guid":{"rendered":"https:\/\/pp.ladivulgation.fr\/?page_id=8202"},"modified":"2023-06-27T05:51:48","modified_gmt":"2023-06-27T05:51:48","slug":"politique-de-confidentialite","status":"publish","type":"page","link":"https:\/\/pp.ladivulgation.fr\/?page_id=8202","title":{"rendered":"Politique de confidentialit\u00e9"},"content":{"rendered":"\n<h2 class=\"wp-block-heading\">Qui est l&rsquo;auteur et propri\u00e9taire de ce site ?<\/h2>\n\n\n\n<p>C&rsquo;est simple : je suis un particulier \u00e0 la retraite et je ne fais qu&rsquo;exprimer o\u00f9 j&rsquo;en suis dans mes compr\u00e9hensions personnelles. Les infos donn\u00e9es sont strictement indicatives et libre \u00e0 vous d&rsquo;en faire ce que vous voulez.<\/p>\n\n\n\n<p>Comme mes pr\u00e9c\u00e9dents sites il n&rsquo;y a aucune pub et aucun lien particulier avec d&rsquo;autres sites ou enseignements.<\/p>\n\n\n\n<h2 class=\"wp-block-heading\">Donn\u00e9es personnelles collect\u00e9es<\/h2>\n\n\n\n<p>C&rsquo;est uniquement dans le cas o\u00f9 vous d\u00e9sirez vous abonner. Ne sont alors demand\u00e9s que votre nom et email. Bien \u00e9videmment vous pouvez mettre n&rsquo;importe quel nom mais pour l&#8217;email, il vaudrait mieux qu&rsquo;il soit correct si vous voulez recevoir les notifications lors de chaque parution.<\/p>\n\n\n\n<h2 class=\"wp-block-heading\">Commentaires<\/h2>\n\n\n\n<p>Nom et email sont collect\u00e9s dans le cas o\u00f9 vous d\u00e9sirez recevoir une notification si quelqu&rsquo;un r\u00e9agit \u00e0 votre commentaire.<\/p>\n\n\n\n<h2 class=\"wp-block-heading\">Formulaire de contact<\/h2>\n\n\n\n<p>Par d\u00e9faut, il y en a un et comme \u00e7a vous pouvez m&rsquo;\u00e9crire sans avoir \u00e0 utiliser votre messagerie.<\/p>\n\n\n\n<h2 class=\"wp-block-heading\">Cookies<\/h2>\n\n\n\n<p>En gros, j&rsquo;ai tout fait pour qu&rsquo;aucun cookie vienne s&rsquo;installer dans votre navigateur car j&rsquo;en ai rien \u00e0 faire de savoir ce que vous faites, de ce que sont vos actions sur mon site, quelles pages vous visitez, etc&#8230; D&rsquo;abord je n&rsquo;ai rien \u00e0 vendre et secundo j&rsquo;ai vraiment d&rsquo;autres choses \u00e0 faire.<\/p>\n\n\n\n<h2 class=\"wp-block-heading\">Statistiques et mesures d\u2019audience<\/h2>\n\n\n\n<p>Par principe, il n&rsquo; y a qu&rsquo;un compteur de vue sur chaque article pour savoir si cela sert \u00e0 quelque chose que je continue d&rsquo;\u00e9crire.<\/p>\n\n\n\n<h2 class=\"wp-block-heading\">Utilisation, transmission et dur\u00e9es de stockage de vos donn\u00e9es<\/h2>\n\n\n\n<p>C&rsquo;est tout simplement nul puisqu&rsquo;il n&rsquo;y a pour l&rsquo;instant aucun abonnement possible. Quant \u00e0 ceux laiss\u00e9s pour les commentaires, ils ne servent pas vraiment \u00e0 grand chose (puisque vous pouvez mettre n&rsquo;importe quoi) cependant votre adresse IP sera conserv\u00e9e tout le temps que le site existera puisque c&rsquo;est la loi qui le veut. C&rsquo;est officiellement pour retrouver l&rsquo;adresse d&rsquo;envoi si l&rsquo;auteur envoi de la saloperie&#8230;<\/p>\n\n\n\n<p>Que vous utilisiez un VPN ne changera rien car ce qui est pris en compte c&rsquo;est votre adresse IP physique (d\u00e9livr\u00e9e par votre fournisseur internet) et non l&rsquo;adresse virtuelle donn\u00e9e par votre VPN. Sinc\u00e8rement croyez-vous pouvoir vous affranchir de big brother ?<\/p>\n\n\n\n<h2 class=\"wp-block-heading\">Informations de contact<\/h2>\n\n\n\n<p>N&rsquo;\u00e9tant pas une entreprise, l&rsquo;adresse postale n&rsquo;est pas obligatoire car la page contact suffit.<\/p>\n","protected":false},"excerpt":{"rendered":"<p>Qui est l&rsquo;auteur et propri\u00e9taire de ce site ? C&rsquo;est simple : je suis un particulier \u00e0 la retraite et je ne fais qu&rsquo;exprimer o\u00f9 j&rsquo;en suis dans mes compr\u00e9hensions personnelles. Les infos donn\u00e9es sont strictement indicatives et libre \u00e0 vous d&rsquo;en faire ce que vous voulez. Comme mes pr\u00e9c\u00e9dents sites il n&rsquo;y a aucune [&hellip;]<\/p>\n","protected":false},"author":1,"featured_media":0,"parent":0,"menu_order":0,"comment_status":"closed","ping_status":"closed","template":"","meta":{"footnotes":""},"class_list":["post-8202","page","type-page","status-publish","hentry"],"_links":{"self":[{"href":"https:\/\/pp.ladivulgation.fr\/index.php?rest_route=\/wp\/v2\/pages\/8202","targetHints":{"allow":["GET"]}}],"collection":[{"href":"https:\/\/pp.ladivulgation.fr\/index.php?rest_route=\/wp\/v2\/pages"}],"about":[{"href":"https:\/\/pp.ladivulgation.fr\/index.php?rest_route=\/wp\/v2\/types\/page"}],"author":[{"embeddable":true,"href":"https:\/\/pp.ladivulgation.fr\/index.php?rest_route=\/wp\/v2\/users\/1"}],"replies":[{"embeddable":true,"href":"https:\/\/pp.ladivulgation.fr\/index.php?rest_route=%2Fwp%2Fv2%2Fcomments&post=8202"}],"version-history":[{"count":1,"href":"https:\/\/pp.ladivulgation.fr\/index.php?rest_route=\/wp\/v2\/pages\/8202\/revisions"}],"predecessor-version":[{"id":8203,"href":"https:\/\/pp.ladivulgation.fr\/index.php?rest_route=\/wp\/v2\/pages\/8202\/revisions\/8203"}],"wp:attachment":[{"href":"https:\/\/pp.ladivulgation.fr\/index.php?rest_route=%2Fwp%2Fv2%2Fmedia&parent=8202"}],"curies":[{"name":"wp","href":"https:\/\/api.w.org\/{rel}","templated":true}]}}